{"id":11277,"date":"2016-02-04T16:00:00","date_gmt":"2016-02-04T15:00:00","guid":{"rendered":"http:\/\/univet.hu\/kutatas\/temak\/edenext-vektorok-altal-kozvetitett-fertozesek-biologiaja-es-a-vedekezes-lehetosegei-europaban\/"},"modified":"2016-02-04T16:00:00","modified_gmt":"2016-02-04T15:00:00","slug":"edenext-vektorok-altal-kozvetitett-fertozesek-biologiaja-es-a-vedekezes-lehetosegei-europaban","status":"publish","type":"page","link":"https:\/\/univet.hu\/hu\/kutatas\/temak\/edenext-vektorok-altal-kozvetitett-fertozesek-biologiaja-es-a-vedekezes-lehetosegei-europaban\/","title":{"rendered":"EDENext &#8211; Vektorok \u00e1ltal k\u00f6zvet\u00edtett fert\u0151z\u00e9sek biol\u00f3gi\u00e1ja \u00e9s a v\u00e9dekez\u00e9s lehet\u0151s\u00e9gei Eur\u00f3p\u00e1ban"},"content":{"rendered":"<p>Az EDENext projekt az Eur\u00f3p\u00e1ban felbukkan\u00f3 vagy jelen lev\u0151 k\u00f6zeg\u00e9szs\u00e9g\u00fcgyi \u00e9s \u00e1llateg\u00e9szs\u00e9g\u00fcgyi szempontb\u00f3l jelent\u0151s, \u00edzeltl\u00e1b\u00fa vektorok \u00e9s kiseml\u0151s\u00f6k \u00e1ltal terjesztett fert\u0151z\u0151 \u00e9s parazit\u00e1s betegs\u00e9gek kutat\u00e1s\u00e1ra ir\u00e1nyul. Az Eur\u00f3pai Uni\u00f3 FP7 kutat\u00e1si p\u00e1ly\u00e1zati rendszer\u00e9ben a HEALTH.2010.2.3.3-1. pontban meghirdetett p\u00e1ly\u00e1zatot (Biology and control of vector-borne infections in Europe) 22 orsz\u00e1g 46 partner kutat\u00f3csoportja \u00e1ltal alkotott konzorcium nyerte el. A projekt c\u00e9lja a vektorok \u00e1ltal terjesztett emberi \u00e9s \u00e1llati betegs\u00e9gek biol\u00f3giai, \u00f6kol\u00f3giai, j\u00e1rv\u00e1nytani h\u00e1tter\u00e9nek pontosabb megismer\u00e9se, \u00faj diagnosztikai \u00e9s v\u00e9dekez\u00e9si m\u00f3dszerek kidolgoz\u00e1sa, valamint a j\u00e1rv\u00e1nytani folyamatok nyomon k\u00f6vet\u00e9se. A projekt k\u00fcl\u00f6n\u00f6s figyelmet szentel a vektorok \u00e9s betegs\u00e9gek felbukkan\u00e1s\u00e1nak, fennmarad\u00e1s\u00e1nak \u00e9s terjed\u00e9s\u00e9nek h\u00e1tter\u00e9ben \u00e1ll\u00f3 folyamatok jellemz\u00e9s\u00e9re \u00e9s modellez\u00e9s\u00e9re. Emellett a fert\u0151z\u00e9si l\u00e1ncok megszak\u00edt\u00e1s\u00e1ra ir\u00e1nyul\u00f3 v\u00e9dekez\u00e9si m\u00f3dszerek kidolgoz\u00e1s\u00e1ra v\u00e9gez kutat\u00e1sokat. A SzIE \u00c1OTK Parazitol\u00f3giai \u00e9s \u00c1llattani Tansz\u00e9k\u00e9nek kutat\u00f3csoportja a kullancsok \u00e1ltal terjesztett betegs\u00e9gek, m\u00edg a J\u00e1rv\u00e1nytani \u00e9s Mikrobiol\u00f3giai Tansz\u00e9k virol\u00f3giai kutat\u00f3csoportja a sz\u00fanyogok \u00e1ltal terjesztett v\u00edrusok vizsg\u00e1lat\u00e1val vesz r\u00e9szt a projekt munk\u00e1j\u00e1ban. A projekt 48 h\u00f3nap futamidej\u0171 \u00e9s 2011. janu\u00e1rj\u00e1ban indult.<br \/>Kapcsolattart\u00f3: Bakonyi Tam\u00e1s, Forg\u00e1ch Petra, Somhegyin\u00e9 Barna M\u00f3nika<\/p>","protected":false},"excerpt":{"rendered":"<p>Az EDENext projekt az Eur\u00f3p\u00e1ban felbukkan\u00f3 vagy jelen lev\u0151 k\u00f6zeg\u00e9szs\u00e9g\u00fcgyi \u00e9s \u00e1llateg\u00e9szs\u00e9g\u00fcgyi szempontb\u00f3l jelent\u0151s, \u00edzeltl\u00e1b\u00fa vektorok \u00e9s kiseml\u0151s\u00f6k \u00e1ltal terjesztett fert\u0151z\u0151 \u00e9s parazit\u00e1s betegs\u00e9gek kutat\u00e1s\u00e1ra ir\u00e1nyul. Az Eur\u00f3pai Uni\u00f3 FP7 kutat\u00e1si p\u00e1ly\u00e1zati rendszer\u00e9ben a HEALTH.2010.2.3.3-1. pontban meghirdetett p\u00e1ly\u00e1zatot (Biology and control of vector-borne infections in Europe) 22 orsz\u00e1g 46 partner kutat\u00f3csoportja \u00e1ltal alkotott konzorcium nyerte<\/p>\n","protected":false},"author":6022,"featured_media":0,"parent":874,"menu_order":154,"comment_status":"closed","ping_status":"closed","template":"","meta":{"_acf_changed":false,"footnotes":""},"categories":[],"tags":[],"class_list":["post-11277","page","type-page","status-publish","hentry"],"acf":[],"_links":{"self":[{"href":"https:\/\/univet.hu\/hu\/wp-json\/wp\/v2\/pages\/11277","targetHints":{"allow":["GET"]}}],"collection":[{"href":"https:\/\/univet.hu\/hu\/wp-json\/wp\/v2\/pages"}],"about":[{"href":"https:\/\/univet.hu\/hu\/wp-json\/wp\/v2\/types\/page"}],"author":[{"embeddable":true,"href":"https:\/\/univet.hu\/hu\/wp-json\/wp\/v2\/users\/6022"}],"replies":[{"embeddable":true,"href":"https:\/\/univet.hu\/hu\/wp-json\/wp\/v2\/comments?post=11277"}],"version-history":[{"count":0,"href":"https:\/\/univet.hu\/hu\/wp-json\/wp\/v2\/pages\/11277\/revisions"}],"up":[{"embeddable":true,"href":"https:\/\/univet.hu\/hu\/wp-json\/wp\/v2\/pages\/874"}],"wp:attachment":[{"href":"https:\/\/univet.hu\/hu\/wp-json\/wp\/v2\/media?parent=11277"}],"wp:term":[{"taxonomy":"category","embeddable":true,"href":"https:\/\/univet.hu\/hu\/wp-json\/wp\/v2\/categories?post=11277"},{"taxonomy":"post_tag","embeddable":true,"href":"https:\/\/univet.hu\/hu\/wp-json\/wp\/v2\/tags?post=11277"}],"curies":[{"name":"wp","href":"https:\/\/api.w.org\/{rel}","templated":true}]}}