{"id":11279,"date":"2016-02-04T16:00:00","date_gmt":"2016-02-04T15:00:00","guid":{"rendered":"http:\/\/univet.hu\/kutatas\/temak\/ehezes-hatasa-a-lateralis-septum-nehany-neuropeptidjere\/"},"modified":"2016-02-04T16:00:00","modified_gmt":"2016-02-04T15:00:00","slug":"ehezes-hatasa-a-lateralis-septum-nehany-neuropeptidjere","status":"publish","type":"page","link":"https:\/\/univet.hu\/hu\/kutatas\/temak\/ehezes-hatasa-a-lateralis-septum-nehany-neuropeptidjere\/","title":{"rendered":"\u00c9hez\u00e9s hat\u00e1sa a lateralis septum n\u00e9h\u00e1ny neuropeptidj\u00e9re"},"content":{"rendered":"<p>Kov\u00e1cs \u00c9G, Szalay F, Halasy K (2005): Fasting-induced changes of neuropeptide immunoreactivity in the lateral septum of male rats. Acta Biol Hung 56 (3-4), 185-197. <\/p> <p>Kov\u00e1cs \u00c9G, Szalay F, Halasy K (2007) Chronic fasting-induced changes of neuropeptide Y immunoreactivity in the lateral septum of intact and ovariectomized female rats. Brain Res., 1153,103-110.<\/p>","protected":false},"excerpt":{"rendered":"<p>Kov\u00e1cs \u00c9G, Szalay F, Halasy K (2005): Fasting-induced changes of neuropeptide immunoreactivity in the lateral septum of male rats. Acta Biol Hung 56 (3-4), 185-197. Kov\u00e1cs \u00c9G, Szalay F, Halasy K (2007) Chronic fasting-induced changes of neuropeptide Y immunoreactivity in the lateral septum of intact and ovariectomized female rats. Brain Res., 1153,103-110.<\/p>\n","protected":false},"author":6022,"featured_media":0,"parent":874,"menu_order":154,"comment_status":"closed","ping_status":"closed","template":"","meta":{"_acf_changed":false,"footnotes":""},"categories":[],"tags":[],"class_list":["post-11279","page","type-page","status-publish","hentry"],"acf":[],"_links":{"self":[{"href":"https:\/\/univet.hu\/hu\/wp-json\/wp\/v2\/pages\/11279","targetHints":{"allow":["GET"]}}],"collection":[{"href":"https:\/\/univet.hu\/hu\/wp-json\/wp\/v2\/pages"}],"about":[{"href":"https:\/\/univet.hu\/hu\/wp-json\/wp\/v2\/types\/page"}],"author":[{"embeddable":true,"href":"https:\/\/univet.hu\/hu\/wp-json\/wp\/v2\/users\/6022"}],"replies":[{"embeddable":true,"href":"https:\/\/univet.hu\/hu\/wp-json\/wp\/v2\/comments?post=11279"}],"version-history":[{"count":0,"href":"https:\/\/univet.hu\/hu\/wp-json\/wp\/v2\/pages\/11279\/revisions"}],"up":[{"embeddable":true,"href":"https:\/\/univet.hu\/hu\/wp-json\/wp\/v2\/pages\/874"}],"wp:attachment":[{"href":"https:\/\/univet.hu\/hu\/wp-json\/wp\/v2\/media?parent=11279"}],"wp:term":[{"taxonomy":"category","embeddable":true,"href":"https:\/\/univet.hu\/hu\/wp-json\/wp\/v2\/categories?post=11279"},{"taxonomy":"post_tag","embeddable":true,"href":"https:\/\/univet.hu\/hu\/wp-json\/wp\/v2\/tags?post=11279"}],"curies":[{"name":"wp","href":"https:\/\/api.w.org\/{rel}","templated":true}]}}