{"id":1128,"date":"2017-11-02T16:05:00","date_gmt":"2017-11-02T15:05:00","guid":{"rendered":"http:\/\/univet.hu\/egyetem\/nemzetkozi-kapcsolatok\/ketoldalu-kapcsolatok\/"},"modified":"2025-11-04T15:07:08","modified_gmt":"2025-11-04T14:07:08","slug":"ketoldalu-kapcsolatok","status":"publish","type":"page","link":"https:\/\/univet.hu\/hu\/egyetem\/nemzetkozi-kapcsolatok\/ketoldalu-kapcsolatok\/","title":{"rendered":"K\u00e9toldal\u00fa kapcsolatok"},"content":{"rendered":"<p>Egyetem\u00fcnknek t\u00f6bb egyetemmel van jelenleg k\u00e9toldal\u00fa szerz\u0151d\u00e9se. Ezek keret\u00e9ben \u00e9vente sz\u00e1mos magyar di\u00e1k sz\u00e1m\u00e1ra ny\u00edlik lehet\u0151s\u00e9g a partner int\u00e9zm\u00e9nyekben elt\u00f6lt\u00f6tt klinikai gyakorlatra, m\u00edg az oktat\u00f3i csere keret\u00e9ben r\u00e9szben a megl\u00e9v\u0151 szakmai kapcsolatok alapj\u00e1n folytatott k\u00f6z\u00f6s kutat\u00e1sok ker\u00fclnek t\u00e1mogat\u00e1sra, r\u00e9szben a szerz\u0151d\u00e9sek seg\u00edts\u00e9g\u00e9vel ifj\u00fa szakemberek utazhatnak a partnerint\u00e9zm\u00e9nyekbe, ahol \u00faj kutat\u00e1si kapcsolatokat alak\u00edthatnak ki, valamint \u00faj vizsg\u00e1lati, kutat\u00e1si m\u00f3dszereket saj\u00e1t\u00edthatnak el.<\/p> <p><strong>P\u00e1ly\u00e1zati felh\u00edv\u00e1sok<\/strong><\/p> <p><a href=\"https:\/\/univet.hu\/wp-content\/uploads\/2025\/10\/Palyazati_Felhivas_Bilateralis_kapcsolatok_2025_2026.pdf\">P\u00e1ly\u00e1zati_Felh\u00edv\u00e1s_Bilater\u00e1lis_kapcsolatok_2025_2026<\/a><\/p> <p><strong>Jelentkez\u00e9si lapok<\/strong><\/p> <p><a href=\"https:\/\/univet.hu\/wp-content\/uploads\/2025\/11\/Cseregyakorlat-jelentkezesi-lap-2025-2026-hallgato.doc\">Cseregyakorlat jelentkez\u00e9si lap 2025-2026 hallgat\u00f3<\/a><\/p> <p>&nbsp;<\/p> <p><strong>K\u00e9toldal\u00fa szerz\u0151d\u00e9sek<\/strong><\/p> <table style=\"height: 192px\" border=\"0\" width=\"981\"> <tbody> <tr style=\"height: 24px\"> <td style=\"height: 48px;width: 536.438px\" rowspan=\"2\"><strong>Egyetem<\/strong><\/td> <td style=\"height: 24px;width: 211.25px\" colspan=\"2\"><strong>Bej\u00f6v\u0151k<\/strong><\/td> <td style=\"height: 24px;width: 211.312px\" colspan=\"2\"><strong>Kiutaz\u00f3k<\/strong><\/td> <\/tr> <tr style=\"height: 24px\"> <td style=\"height: 24px;width: 104.672px\"><strong>Hallgat\u00f3<\/strong><\/td> <td style=\"height: 24px;width: 100.578px\"><strong>Oktat\u00f3<\/strong><\/td> <td style=\"height: 24px;width: 100.719px\"><strong>Hallgat\u00f3<\/strong><\/td> <td style=\"height: 24px;width: 104.594px\"><strong>Oktat\u00f3<\/strong><\/td> <\/tr> <tr style=\"height: 48px\"> <td style=\"height: 48px;width: 536.438px\">University of Veterinary Medicine, Vienna<br \/> <a href=\"http:\/\/www.vetmeduni.ac.at\/\" target=\"_blank\" rel=\"noopener\" data-replaced=\"true\">www.vetmeduni.ac.at<\/a><\/td> <td style=\"height: 48px;width: 104.672px\">6 f\u0151\/<br \/> 4 h\u00e9t<\/td> <td style=\"height: 48px;width: 100.578px\">\u00a060 nap<\/td> <td style=\"height: 48px;width: 100.719px\">6 f\u0151\/<br \/> 4 h\u00e9t<\/td> <td style=\"height: 48px;width: 104.594px\">\u00a0\u00a060 nap<\/td> <\/tr> <tr style=\"height: 48px\"> <td style=\"height: 48px;width: 536.438px\">University of Veterinary Medicine Hannover<br \/> <a href=\"http:\/\/www.tiho-hannover.de\/\" target=\"_blank\" rel=\"noopener\" data-replaced=\"true\">www.tiho-hannover.de<\/a><\/td> <td style=\"height: 48px;width: 104.672px\">8 f\u0151\/<br \/> 4 h\u00e9t<\/td> <td style=\"height: 48px;width: 100.578px\">\u00a072 nap<\/td> <td style=\"height: 48px;width: 100.719px\">8 f\u0151\/<br \/> 4 h\u00e9t<\/td> <td style=\"height: 48px;width: 104.594px\">\u00a072 nap<\/td> <\/tr> <tr style=\"height: 48px\"> <td style=\"height: 48px;width: 536.438px\"><\/td> <td style=\"height: 48px;width: 104.672px\"><\/td> <td style=\"height: 48px;width: 100.578px\"><\/td> <td style=\"height: 48px;width: 100.719px\"><\/td> <td style=\"height: 48px;width: 104.594px\"><\/td> <\/tr> <\/tbody> <\/table> <p><strong>HALLGAT\u00d3K<\/strong><br \/> Cseregyakorlatok (Hannover, B\u00e9cs) &#8211; IV. \u00e9vfolyamos hallgat\u00f3k sz\u00e1m\u00e1ra<\/p> <p>Az \u00f6szt\u00f6nd\u00edjak keret\u00e9ben 4 hetes klinikai gyakorlatra ny\u00edlik lehet\u0151s\u00e9g.<\/p> <p>P\u00e1ly\u00e1zat meghirdet\u00e9se:\u00a0minden \u00e9v okt\u00f3ber eleje-k\u00f6zepe<br \/> Jelentkez\u00e9s:\u00a0Nemzetk\u00f6zi Kapcsolatok Oszt\u00e1lya<br \/> P\u00e1ly\u00e1zati felt\u00e9telek:\u00a0megfelel\u0151 \u00e9s magas szint\u0171 nyelvtud\u00e1s (minimum k\u00f6z\u00e9pfok\u00fa, C t\u00edpus\u00fa)<\/p> <ul> <li>Hannover &#8211; n\u00e9met\/angol &#8211; B2 szint\u0171 igazolt nyelvtud\u00e1s<\/li> <li>B\u00e9cs &#8211; n\u00e9met &#8211; C1 szint\u0171 igazolt nyelvtud\u00e1s<\/li> <\/ul> <p>P\u00e1ly\u00e1zathoz k\u00f6telez\u0151en csatoland\u00f3:\u00a0nyelvvizsg\u00e1t igazol\u00f3 okirat (m\u00e1solat)<br \/> Juttat\u00e1s:\u00a0Az \u00f6szt\u00f6nd\u00edjat mindk\u00e9t cseregyakorlat eset\u00e9ben a fogad\u00f3 egyetem biztos\u00edtja a hallgat\u00f3k sz\u00e1m\u00e1ra.<\/p> <ul> <li>Hannover &#8211; kb. 300 Eur\u00f3<\/li> <li>B\u00e9cs &#8211; kb. 450 Eur\u00f3 (sz\u00e1ll\u00e1sd\u00edj ebb\u0151l fedezend\u0151!)<\/li> <\/ul> <p>Sz\u00e1ll\u00e1s:<\/p> <ul> <li>Hannover &#8211; fogad\u00f3 int\u00e9zm\u00e9ny int\u00e9zi \u00e9s foglalja<\/li> <li>B\u00e9cs &#8211;\u00a0\u00f6szt\u00f6nd\u00edjas hallgat\u00f3k feladata\u00a0a sz\u00e1ll\u00e1s lefoglal\u00e1sa! A sz\u00e1ll\u00e1s k\u00f6lts\u00e9ge minden esetben az \u00f6szt\u00f6nd\u00edjb\u00f3l fedezend\u0151<\/li> <\/ul> <p>Kiutaz\u00e1s:\u00a0A b\u00e9csi cseregyakorlat eset\u00e9ben a jegyfoglal\u00e1s a hallgat\u00f3k feladata, a vonatjegyek \u00e1r\u00e1t az egyetem sz\u00e1mla ellen\u00e9ben megt\u00e9r\u00edti ut\u00f3lag.<\/p> <p>A hannoveri gyakorlat eset\u00e9ben a kiutaz\u00e1st \u00e9s a rep\u00fcl\u0151jegyek foglal\u00e1s\u00e1t az egyetem szervezi, csoportosan, a kiv\u00e1lasztott utaz\u00e1si d\u00e1tumokt\u00f3l elt\u00e9rni nem lehet \u00e9s egy\u00e9b egy\u00e9ni szervez\u00e9st sincs m\u00f3dunkban t\u00e1mogatni.<\/p> <p>Id\u0151pont:<\/p> <ul> <li>Hannover &#8211; j\u00falius &#8211; 8 f\u0151<\/li> <li>B\u00e9cs &#8211; augusztus &#8211; 3 f\u0151, szeptember &#8211; 3 f\u0151<\/li> <\/ul> <p>A b\u00e9csi \u00e9s hannoveri gyakorlatok id\u0151pontj\u00e1n val\u00f3 m\u00f3dos\u00edt\u00e1s nem lehets\u00e9ges, ez\u00e9rt l\u00e9nyeges, hogy a cseregyakorlaton r\u00e9sztvev\u0151 hallgat\u00f3k a vizsgaid\u0151szakukat a cseregyakorlat id\u0151pontj\u00e1hoz illeszkedve szervezz\u00e9k meg.<\/p> <p><strong>T\u00e1j\u00e9koztatjuk a programra jelentkez\u0151ket, hogy a hannoveri cseregyakorlat eset\u00e9ben a gyakorlat ideje alatt, max. 2 f\u0151t tud a klinika fogadni egy id\u0151ben, az al\u00e1bbi beoszt\u00e1s szerint: kis\u00e1llat klinika, szarvasmarha, egzotikus, l\u00f3klinika, sert\u00e9s \u00e9s kisk\u00e9r\u0151dz\u0151 (2X2 hetes bont\u00e1sban) (egzotikus klinik\u00e1n max. 2 h\u00e9t elt\u00f6lt\u00e9se lehets\u00e9ges). <\/strong><\/p> <p><strong>Csak is kiz\u00e1r\u00f3lag abban az esetben jelentkezzenek a programra, ha ez nem jelent probl\u00e9m\u00e1t!<\/strong><\/p> <p>&nbsp;<\/p>","protected":false},"excerpt":{"rendered":"<p>Egyetem\u00fcnknek t\u00f6bb egyetemmel van jelenleg k\u00e9toldal\u00fa szerz\u0151d\u00e9se. Ezek keret\u00e9ben \u00e9vente sz\u00e1mos magyar di\u00e1k sz\u00e1m\u00e1ra ny\u00edlik lehet\u0151s\u00e9g a partner int\u00e9zm\u00e9nyekben elt\u00f6lt\u00f6tt klinikai gyakorlatra, m\u00edg az oktat\u00f3i csere keret\u00e9ben r\u00e9szben a megl\u00e9v\u0151 szakmai kapcsolatok alapj\u00e1n folytatott k\u00f6z\u00f6s kutat\u00e1sok ker\u00fclnek t\u00e1mogat\u00e1sra, r\u00e9szben a szerz\u0151d\u00e9sek seg\u00edts\u00e9g\u00e9vel ifj\u00fa szakemberek utazhatnak a partnerint\u00e9zm\u00e9nyekbe, ahol \u00faj kutat\u00e1si kapcsolatokat alak\u00edthatnak ki, valamint \u00faj<\/p>\n","protected":false},"author":1,"featured_media":0,"parent":1116,"menu_order":228,"comment_status":"closed","ping_status":"closed","template":"","meta":{"_acf_changed":false,"footnotes":""},"categories":[],"tags":[],"class_list":["post-1128","page","type-page","status-publish","hentry"],"acf":[],"_links":{"self":[{"href":"https:\/\/univet.hu\/hu\/wp-json\/wp\/v2\/pages\/1128","targetHints":{"allow":["GET"]}}],"collection":[{"href":"https:\/\/univet.hu\/hu\/wp-json\/wp\/v2\/pages"}],"about":[{"href":"https:\/\/univet.hu\/hu\/wp-json\/wp\/v2\/types\/page"}],"author":[{"embeddable":true,"href":"https:\/\/univet.hu\/hu\/wp-json\/wp\/v2\/users\/1"}],"replies":[{"embeddable":true,"href":"https:\/\/univet.hu\/hu\/wp-json\/wp\/v2\/comments?post=1128"}],"version-history":[{"count":3,"href":"https:\/\/univet.hu\/hu\/wp-json\/wp\/v2\/pages\/1128\/revisions"}],"predecessor-version":[{"id":194647,"href":"https:\/\/univet.hu\/hu\/wp-json\/wp\/v2\/pages\/1128\/revisions\/194647"}],"up":[{"embeddable":true,"href":"https:\/\/univet.hu\/hu\/wp-json\/wp\/v2\/pages\/1116"}],"wp:attachment":[{"href":"https:\/\/univet.hu\/hu\/wp-json\/wp\/v2\/media?parent=1128"}],"wp:term":[{"taxonomy":"category","embeddable":true,"href":"https:\/\/univet.hu\/hu\/wp-json\/wp\/v2\/categories?post=1128"},{"taxonomy":"post_tag","embeddable":true,"href":"https:\/\/univet.hu\/hu\/wp-json\/wp\/v2\/tags?post=1128"}],"curies":[{"name":"wp","href":"https:\/\/api.w.org\/{rel}","templated":true}]}}