{"id":11282,"date":"2016-02-04T16:00:00","date_gmt":"2016-02-04T15:00:00","guid":{"rendered":"http:\/\/univet.hu\/kutatas\/temak\/enekesmadarak-vonulasanak-vizsgalata-hosszutavu-gyuruzesi-adatsorok-alapjan\/"},"modified":"2016-02-04T16:00:00","modified_gmt":"2016-02-04T15:00:00","slug":"enekesmadarak-vonulasanak-vizsgalata-hosszutavu-gyuruzesi-adatsorok-alapjan","status":"publish","type":"page","link":"https:\/\/univet.hu\/hu\/kutatas\/temak\/enekesmadarak-vonulasanak-vizsgalata-hosszutavu-gyuruzesi-adatsorok-alapjan\/","title":{"rendered":"\u00c9nekesmadarak vonul\u00e1s\u00e1nak vizsg\u00e1lata hossz\u00fat\u00e1v\u00fa gy\u0171r\u0171z\u00e9si adatsorok alapj\u00e1n"},"content":{"rendered":"<p>Az \u00d3csai Mad\u00e1rv\u00e1rt\u00e1n 1984-2012 k\u00f6z\u00f6tt gy\u0171jt\u00f6tt mad\u00e1rgy\u0171r\u0171z\u00e9si adatok felhaszn\u00e1l\u00e1s\u00e1val k\u00fcl\u00f6nb\u00f6z\u0151 vonul\u00e1si strat\u00e9gi\u00e1j\u00fa fajok eset\u00e9n vizsg\u00e1ljuk a fajok vonul\u00e1s id\u0151z\u00edt\u00e9s\u00e9nek v\u00e1ltoz\u00e1s\u00e1t, vonul\u00e1si strat\u00e9gi\u00e1j\u00e1t, biometri\u00e1j\u00e1t.<\/p>","protected":false},"excerpt":{"rendered":"<p>Az \u00d3csai Mad\u00e1rv\u00e1rt\u00e1n 1984-2012 k\u00f6z\u00f6tt gy\u0171jt\u00f6tt mad\u00e1rgy\u0171r\u0171z\u00e9si adatok felhaszn\u00e1l\u00e1s\u00e1val k\u00fcl\u00f6nb\u00f6z\u0151 vonul\u00e1si strat\u00e9gi\u00e1j\u00fa fajok eset\u00e9n vizsg\u00e1ljuk a fajok vonul\u00e1s id\u0151z\u00edt\u00e9s\u00e9nek v\u00e1ltoz\u00e1s\u00e1t, vonul\u00e1si strat\u00e9gi\u00e1j\u00e1t, biometri\u00e1j\u00e1t.<\/p>\n","protected":false},"author":6022,"featured_media":0,"parent":874,"menu_order":154,"comment_status":"closed","ping_status":"closed","template":"","meta":{"_acf_changed":false,"footnotes":""},"categories":[],"tags":[],"class_list":["post-11282","page","type-page","status-publish","hentry"],"acf":[],"_links":{"self":[{"href":"https:\/\/univet.hu\/hu\/wp-json\/wp\/v2\/pages\/11282","targetHints":{"allow":["GET"]}}],"collection":[{"href":"https:\/\/univet.hu\/hu\/wp-json\/wp\/v2\/pages"}],"about":[{"href":"https:\/\/univet.hu\/hu\/wp-json\/wp\/v2\/types\/page"}],"author":[{"embeddable":true,"href":"https:\/\/univet.hu\/hu\/wp-json\/wp\/v2\/users\/6022"}],"replies":[{"embeddable":true,"href":"https:\/\/univet.hu\/hu\/wp-json\/wp\/v2\/comments?post=11282"}],"version-history":[{"count":0,"href":"https:\/\/univet.hu\/hu\/wp-json\/wp\/v2\/pages\/11282\/revisions"}],"up":[{"embeddable":true,"href":"https:\/\/univet.hu\/hu\/wp-json\/wp\/v2\/pages\/874"}],"wp:attachment":[{"href":"https:\/\/univet.hu\/hu\/wp-json\/wp\/v2\/media?parent=11282"}],"wp:term":[{"taxonomy":"category","embeddable":true,"href":"https:\/\/univet.hu\/hu\/wp-json\/wp\/v2\/categories?post=11282"},{"taxonomy":"post_tag","embeddable":true,"href":"https:\/\/univet.hu\/hu\/wp-json\/wp\/v2\/tags?post=11282"}],"curies":[{"name":"wp","href":"https:\/\/api.w.org\/{rel}","templated":true}]}}