{"id":11283,"date":"2016-02-04T16:00:00","date_gmt":"2016-02-04T15:00:00","guid":{"rendered":"http:\/\/univet.hu\/kutatas\/temak\/eritromicin-meghatarozasa-sejttenyeszto-tapoldat-es-hazityuk-verplazma-mintakbol-nagyhatekonysagu-folyadekkromatografias-modszerrel\/"},"modified":"2016-02-04T16:00:00","modified_gmt":"2016-02-04T15:00:00","slug":"eritromicin-meghatarozasa-sejttenyeszto-tapoldat-es-hazityuk-verplazma-mintakbol-nagyhatekonysagu-folyadekkromatografias-modszerrel","status":"publish","type":"page","link":"https:\/\/univet.hu\/hu\/kutatas\/temak\/eritromicin-meghatarozasa-sejttenyeszto-tapoldat-es-hazityuk-verplazma-mintakbol-nagyhatekonysagu-folyadekkromatografias-modszerrel\/","title":{"rendered":"ERITROMICIN MEGHAT\u00c1ROZ\u00c1SA SEJTTENY\u00c9SZT\u0150 T\u00c1POLDAT \u00c9S H\u00c1ZITY\u00daK V\u00c9RPLAZMA MINT\u00c1KB\u00d3L NAGYHAT\u00c9KONYS\u00c1G\u00da FOLYAD\u00c9KKROMATOGR\u00c1FI\u00c1S M\u00d3DSZERREL"},"content":{"rendered":"<p>Az Eritromicin gyakran alkalmazott makrolid t\u00edpus\u00fa antibiotikum az \u00e1llatgy\u00f3gy\u00e1szatban, amely intenz\u00edven metaboliz\u00e1l\u00f3dik a m\u00e1jban. K\u00eds\u00e9rleteink sor\u00e1n in vitro k\u00f6r\u00fclm\u00e9nyek k\u00f6z\u00f6tt vizsg\u00e1ltuk a hat\u00f3anyag koncenctr\u00e1ci\u00f3j\u00e1nak v\u00e1ltoz\u00e1s\u00e1t k\u00fcl\u00f6nb\u00f6z\u0151 mennyis\u00e9g\u0171 n\u00e1trium-butir\u00e1tot tartalmaz\u00f3 m\u00e1jsejtteny\u00e9szet mint\u00e1kban, valamint h\u00e1zity\u00fak v\u00e9rplazma mint\u00e1kb\u00f3l hat\u00e1roztuk meg az Eritromicin koncentr\u00e1ci\u00f3kat a k\u00fcl\u00f6nb\u00f6z\u0151 kintekiai param\u00e9terek meghat\u00e1roz\u00e1sa c\u00e9lj\u00e1b\u00f3l. <br \/> C\u00e9lkit\u0171z\u00e9s\u00fcnk olyan szelekt\u00edv, \u00e9rz\u00e9keny, rutinszer\u0171en is alkalmazhat\u00f3 nagyhat\u00e9konys\u00e1g\u00fa folyad\u00e9kkromatogr\u00e1fi\u00e1s (HPLC) m\u00f3dszer kidolgoz\u00e1sa volt, melynek alkalmaz\u00e1sa lehet\u0151v\u00e9 teszi a k\u00fcl\u00f6nb\u00f6z\u0151 sejtteny\u00e9sz\u0151 t\u00e1poldat \u00e9s plazma mint\u00e1kb\u00f3l az Eritromicin meghat\u00e1roz\u00e1s\u00e1t.<br \/> Az Eritromicin kis koncentr\u00e1ci\u00f3ban csak sz\u00e1rmaz\u00e9kk\u00e9pz\u00e9ssel egybek\u00f6t\u00f6tt fluoreszcens detekt\u00e1l\u00e1s alkalmaz\u00e1s\u00e1val hat\u00e1rozhat\u00f3 meg. Vizsg\u00e1latainkhoz fluorenilmetil kloroformi\u00e1t sz\u00e1rmaz\u00e9kk\u00e9pz\u0151 szert alkalmaztunk, a mintael\u0151k\u00e9sz\u00edt\u00e9s sor\u00e1n pedig folyad\u00e9k-folyad\u00e9k extraci\u00f3val nyert\u00fck ki a hat\u00f3anyagot a sejtteny\u00e9sz\u0151 t\u00e1poldat \u00e9s plazma mint\u00e1kb\u00f3l. A m\u00e9r\u00e9sekhez un. ford\u00edtott f\u00e1zis\u00fa folyad\u00e9kkromatogr\u00e1fi\u00e1s rendszert alkalmaztunk C18 t\u00edpus\u00fa \u00e1ll\u00f3f\u00e1zissal \u00e9s fluoreszcens detekt\u00e1l\u00e1ssal. <br \/> A HPLC-s m\u00f3dszer kidolgoz\u00e1sa sor\u00e1n optimaliz\u00e1ltuk a mintael\u0151k\u00e9sz\u00edt\u00e9st, a sz\u00e1rmaz\u00e9kk\u00e9pz\u00e9st, valamint a HPLC-s m\u00e9r\u00e9s param\u00e9tereit. A folyad\u00e9k-folyad\u00e9k extraci\u00f3 kidolgoz\u00e1s\u00e1n\u00e1l optimaliz\u00e1lni kellett a vizes \u00e9s a szerves f\u00e1zis ar\u00e1ny\u00e1t, valamint a vizes f\u00e1zis pH-j\u00e1t, m\u00edg a sz\u00e1rmaz\u00e9kk\u00e9pz\u00e9s be\u00e1ll\u00edt\u00e1s\u00e1n\u00e1l a sz\u00e1rmaz\u00e9kk\u00e9pz\u0151 szer koncentr\u00e1ci\u00f3j\u00e1t, a reakci\u00f3 id\u0151t \u00e9s h\u0151m\u00e9rs\u00e9kletet kellett vizsg\u00e1lni. A HPLC-s meghat\u00e1roz\u00e1shoz ki kellett v\u00e1lasztani a megfelel\u0151 C18 t\u00edpus\u00fa (Nucleosil) \u00e1ll\u00f3f\u00e1zist, be kellett \u00e1ll\u00edtani a megfelel\u0151 gerjeszt\u00e9si \u00e9s kibocs\u00e1t\u00e1si hull\u00e1mhosszakat (260 ill. 315 nm), valamint a folyad\u00e9kkromatogr\u00e1fi\u00e1s mozg\u00f3f\u00e1zis \u00f6sszet\u00e9tel\u00e9t \u00fagy kellett kialak\u00edtani (70\/30 acetonitril\/0,03M foszf\u00e1t puffer, pH=7,2), hogy a m\u00e9rt hat\u00f3anyag szelekt\u00edven meghat\u00e1rozhat\u00f3 legyen a k\u00fcl\u00f6nb\u00f6z\u0151 sejtteny\u00e9sz\u0151 t\u00e1poldat \u00e9s h\u00e1zity\u00fak v\u00e9rplazma mint\u00e1kb\u00f3l.<br \/> A rutinszer\u0171 alkalmaz\u00e1s el\u0151tt a m\u00f3dszert n\u00e9h\u00e1ny param\u00e9ter (specificit\u00e1s, linearit\u00e1s, visszanyer\u00e9s, reproduk\u00e1lhat\u00f3s\u00e1g, kimutat\u00e1si hat\u00e1r) vizsg\u00e1lat\u00e1val valid\u00e1ltuk, majd a k\u00fcl\u00f6nb\u00f6z\u0151 mennyis\u00e9g\u0171 n\u00e1trium-butir\u00e1tot tartalmaz\u00f3 sejtteny\u00e9sz\u0151 t\u00e1poldat mint\u00e1kb\u00f3l (m\u00e1jsejtteny\u00e9szet tartalm\u00fa \u00e9s kontrol), valamint a kezelt h\u00e1zity\u00fakok v\u00e9rplazma mint\u00e1ib\u00f3l elv\u00e9gezt\u00fck az Eritromicin HPLC-s meghat\u00e1roz\u00e1s\u00e1t.<\/p>","protected":false},"excerpt":{"rendered":"<p>Az Eritromicin gyakran alkalmazott makrolid t\u00edpus\u00fa antibiotikum az \u00e1llatgy\u00f3gy\u00e1szatban, amely intenz\u00edven metaboliz\u00e1l\u00f3dik a m\u00e1jban. K\u00eds\u00e9rleteink sor\u00e1n in vitro k\u00f6r\u00fclm\u00e9nyek k\u00f6z\u00f6tt vizsg\u00e1ltuk a hat\u00f3anyag koncenctr\u00e1ci\u00f3j\u00e1nak v\u00e1ltoz\u00e1s\u00e1t k\u00fcl\u00f6nb\u00f6z\u0151 mennyis\u00e9g\u0171 n\u00e1trium-butir\u00e1tot tartalmaz\u00f3 m\u00e1jsejtteny\u00e9szet mint\u00e1kban, valamint h\u00e1zity\u00fak v\u00e9rplazma mint\u00e1kb\u00f3l hat\u00e1roztuk meg az Eritromicin koncentr\u00e1ci\u00f3kat a k\u00fcl\u00f6nb\u00f6z\u0151 kintekiai param\u00e9terek meghat\u00e1roz\u00e1sa c\u00e9lj\u00e1b\u00f3l. C\u00e9lkit\u0171z\u00e9s\u00fcnk olyan szelekt\u00edv, \u00e9rz\u00e9keny, rutinszer\u0171en is alkalmazhat\u00f3 nagyhat\u00e9konys\u00e1g\u00fa folyad\u00e9kkromatogr\u00e1fi\u00e1s<\/p>\n","protected":false},"author":6022,"featured_media":0,"parent":874,"menu_order":154,"comment_status":"closed","ping_status":"closed","template":"","meta":{"_acf_changed":false,"footnotes":""},"categories":[],"tags":[],"class_list":["post-11283","page","type-page","status-publish","hentry"],"acf":[],"_links":{"self":[{"href":"https:\/\/univet.hu\/hu\/wp-json\/wp\/v2\/pages\/11283","targetHints":{"allow":["GET"]}}],"collection":[{"href":"https:\/\/univet.hu\/hu\/wp-json\/wp\/v2\/pages"}],"about":[{"href":"https:\/\/univet.hu\/hu\/wp-json\/wp\/v2\/types\/page"}],"author":[{"embeddable":true,"href":"https:\/\/univet.hu\/hu\/wp-json\/wp\/v2\/users\/6022"}],"replies":[{"embeddable":true,"href":"https:\/\/univet.hu\/hu\/wp-json\/wp\/v2\/comments?post=11283"}],"version-history":[{"count":0,"href":"https:\/\/univet.hu\/hu\/wp-json\/wp\/v2\/pages\/11283\/revisions"}],"up":[{"embeddable":true,"href":"https:\/\/univet.hu\/hu\/wp-json\/wp\/v2\/pages\/874"}],"wp:attachment":[{"href":"https:\/\/univet.hu\/hu\/wp-json\/wp\/v2\/media?parent=11283"}],"wp:term":[{"taxonomy":"category","embeddable":true,"href":"https:\/\/univet.hu\/hu\/wp-json\/wp\/v2\/categories?post=11283"},{"taxonomy":"post_tag","embeddable":true,"href":"https:\/\/univet.hu\/hu\/wp-json\/wp\/v2\/tags?post=11283"}],"curies":[{"name":"wp","href":"https:\/\/api.w.org\/{rel}","templated":true}]}}