{"id":11284,"date":"2016-02-04T16:00:00","date_gmt":"2016-02-04T15:00:00","guid":{"rendered":"http:\/\/univet.hu\/kutatas\/temak\/erysipelothrix-rhusiopathiae-torzsek-osszehasonlito-vizsgalata\/"},"modified":"2016-02-04T16:00:00","modified_gmt":"2016-02-04T15:00:00","slug":"erysipelothrix-rhusiopathiae-torzsek-osszehasonlito-vizsgalata","status":"publish","type":"page","link":"https:\/\/univet.hu\/hu\/kutatas\/temak\/erysipelothrix-rhusiopathiae-torzsek-osszehasonlito-vizsgalata\/","title":{"rendered":"Erysipelothrix rhusiopathiae t\u00f6rzsek \u00f6sszehasonl\u00edt\u00f3 vizsg\u00e1lata"},"content":{"rendered":"<p>Az Erysipelothrix rhusiopathiae a sert\u00e9sorb\u00e1nc k\u00f3rokoz\u00f3ja, sz\u00e9les gazdaspektrummal rendelkez\u0151 Gram-pozit\u00edv bakt\u00e9riumfaj. A sert\u00e9sen k\u00edv\u00fcl egy sor m\u00e1s allatfajban k\u00e9pes megbeteged\u00e9s el\u0151id\u00e9z\u00e9s\u00e9re. Vizsg\u00e1lataink c\u00e9lja a k\u00fcl\u00f6nb\u00f6z\u0151 eredet\u0171 t\u00f6rzsek anyagcsere-ujjlenyomat\u00e1nak, antig\u00e9nszerkezet\u00e9nek \u00e9s genetikai tulajdons\u00e1gainak jellemz\u00e9se.<br \/>Kapcsolattart\u00f3: Makrai L\u00e1szl\u00f3<\/p>","protected":false},"excerpt":{"rendered":"<p>Az Erysipelothrix rhusiopathiae a sert\u00e9sorb\u00e1nc k\u00f3rokoz\u00f3ja, sz\u00e9les gazdaspektrummal rendelkez\u0151 Gram-pozit\u00edv bakt\u00e9riumfaj. A sert\u00e9sen k\u00edv\u00fcl egy sor m\u00e1s allatfajban k\u00e9pes megbeteged\u00e9s el\u0151id\u00e9z\u00e9s\u00e9re. Vizsg\u00e1lataink c\u00e9lja a k\u00fcl\u00f6nb\u00f6z\u0151 eredet\u0171 t\u00f6rzsek anyagcsere-ujjlenyomat\u00e1nak, antig\u00e9nszerkezet\u00e9nek \u00e9s genetikai tulajdons\u00e1gainak jellemz\u00e9se.Kapcsolattart\u00f3: Makrai L\u00e1szl\u00f3<\/p>\n","protected":false},"author":6022,"featured_media":0,"parent":874,"menu_order":154,"comment_status":"closed","ping_status":"closed","template":"","meta":{"_acf_changed":false,"footnotes":""},"categories":[],"tags":[],"class_list":["post-11284","page","type-page","status-publish","hentry"],"acf":[],"_links":{"self":[{"href":"https:\/\/univet.hu\/hu\/wp-json\/wp\/v2\/pages\/11284","targetHints":{"allow":["GET"]}}],"collection":[{"href":"https:\/\/univet.hu\/hu\/wp-json\/wp\/v2\/pages"}],"about":[{"href":"https:\/\/univet.hu\/hu\/wp-json\/wp\/v2\/types\/page"}],"author":[{"embeddable":true,"href":"https:\/\/univet.hu\/hu\/wp-json\/wp\/v2\/users\/6022"}],"replies":[{"embeddable":true,"href":"https:\/\/univet.hu\/hu\/wp-json\/wp\/v2\/comments?post=11284"}],"version-history":[{"count":0,"href":"https:\/\/univet.hu\/hu\/wp-json\/wp\/v2\/pages\/11284\/revisions"}],"up":[{"embeddable":true,"href":"https:\/\/univet.hu\/hu\/wp-json\/wp\/v2\/pages\/874"}],"wp:attachment":[{"href":"https:\/\/univet.hu\/hu\/wp-json\/wp\/v2\/media?parent=11284"}],"wp:term":[{"taxonomy":"category","embeddable":true,"href":"https:\/\/univet.hu\/hu\/wp-json\/wp\/v2\/categories?post=11284"},{"taxonomy":"post_tag","embeddable":true,"href":"https:\/\/univet.hu\/hu\/wp-json\/wp\/v2\/tags?post=11284"}],"curies":[{"name":"wp","href":"https:\/\/api.w.org\/{rel}","templated":true}]}}