{"id":11286,"date":"2016-02-04T16:00:00","date_gmt":"2016-02-04T15:00:00","guid":{"rendered":"http:\/\/univet.hu\/kutatas\/temak\/fertozo-betegsegekkel-szembeni-megelozes-es-vedekezes-jogi-es-gazdasagi-vonatkozasai\/"},"modified":"2016-02-04T16:00:00","modified_gmt":"2016-02-04T15:00:00","slug":"fertozo-betegsegekkel-szembeni-megelozes-es-vedekezes-jogi-es-gazdasagi-vonatkozasai","status":"publish","type":"page","link":"https:\/\/univet.hu\/hu\/kutatas\/temak\/fertozo-betegsegekkel-szembeni-megelozes-es-vedekezes-jogi-es-gazdasagi-vonatkozasai\/","title":{"rendered":"Fert\u0151z\u0151 betegs\u00e9gekkel szembeni megel\u0151z\u00e9s \u00e9s v\u00e9dekez\u00e9s jogi \u00e9s gazdas\u00e1gi vonatkoz\u00e1sai"},"content":{"rendered":"<p>Pl. IBR, BVD, leuk\u00f3zis, PRRS, KHV, Salmonella, veszetts\u00e9g, Campylobacter, Echinococcus multilocularis, Trichinella spiralis<\/p>","protected":false},"excerpt":{"rendered":"<p>Pl. IBR, BVD, leuk\u00f3zis, PRRS, KHV, Salmonella, veszetts\u00e9g, Campylobacter, Echinococcus multilocularis, Trichinella spiralis<\/p>\n","protected":false},"author":6022,"featured_media":0,"parent":874,"menu_order":154,"comment_status":"closed","ping_status":"closed","template":"","meta":{"_acf_changed":false,"footnotes":""},"categories":[],"tags":[],"class_list":["post-11286","page","type-page","status-publish","hentry"],"acf":[],"_links":{"self":[{"href":"https:\/\/univet.hu\/hu\/wp-json\/wp\/v2\/pages\/11286","targetHints":{"allow":["GET"]}}],"collection":[{"href":"https:\/\/univet.hu\/hu\/wp-json\/wp\/v2\/pages"}],"about":[{"href":"https:\/\/univet.hu\/hu\/wp-json\/wp\/v2\/types\/page"}],"author":[{"embeddable":true,"href":"https:\/\/univet.hu\/hu\/wp-json\/wp\/v2\/users\/6022"}],"replies":[{"embeddable":true,"href":"https:\/\/univet.hu\/hu\/wp-json\/wp\/v2\/comments?post=11286"}],"version-history":[{"count":0,"href":"https:\/\/univet.hu\/hu\/wp-json\/wp\/v2\/pages\/11286\/revisions"}],"up":[{"embeddable":true,"href":"https:\/\/univet.hu\/hu\/wp-json\/wp\/v2\/pages\/874"}],"wp:attachment":[{"href":"https:\/\/univet.hu\/hu\/wp-json\/wp\/v2\/media?parent=11286"}],"wp:term":[{"taxonomy":"category","embeddable":true,"href":"https:\/\/univet.hu\/hu\/wp-json\/wp\/v2\/categories?post=11286"},{"taxonomy":"post_tag","embeddable":true,"href":"https:\/\/univet.hu\/hu\/wp-json\/wp\/v2\/tags?post=11286"}],"curies":[{"name":"wp","href":"https:\/\/api.w.org\/{rel}","templated":true}]}}