{"id":11287,"date":"2016-02-04T16:00:00","date_gmt":"2016-02-04T15:00:00","guid":{"rendered":"http:\/\/univet.hu\/kutatas\/temak\/filogeografiai-es-populacio-genetikai-vizsgalatok-a-parlagi-sas-aquila-heliaca-karpat-medencei-populaciojaban\/"},"modified":"2016-02-04T16:00:00","modified_gmt":"2016-02-04T15:00:00","slug":"filogeografiai-es-populacio-genetikai-vizsgalatok-a-parlagi-sas-aquila-heliaca-karpat-medencei-populaciojaban","status":"publish","type":"page","link":"https:\/\/univet.hu\/hu\/kutatas\/temak\/filogeografiai-es-populacio-genetikai-vizsgalatok-a-parlagi-sas-aquila-heliaca-karpat-medencei-populaciojaban\/","title":{"rendered":"Filogeogr\u00e1fiai \u00e9s popul\u00e1ci\u00f3-genetikai vizsg\u00e1latok a parlagi sas (Aquila heliaca) K\u00e1rp\u00e1t-medencei popul\u00e1ci\u00f3j\u00e1ban."},"content":{"rendered":"","protected":false},"excerpt":{"rendered":"","protected":false},"author":6022,"featured_media":0,"parent":874,"menu_order":154,"comment_status":"closed","ping_status":"closed","template":"","meta":{"_acf_changed":false,"footnotes":""},"categories":[],"tags":[],"class_list":["post-11287","page","type-page","status-publish","hentry"],"acf":[],"_links":{"self":[{"href":"https:\/\/univet.hu\/hu\/wp-json\/wp\/v2\/pages\/11287","targetHints":{"allow":["GET"]}}],"collection":[{"href":"https:\/\/univet.hu\/hu\/wp-json\/wp\/v2\/pages"}],"about":[{"href":"https:\/\/univet.hu\/hu\/wp-json\/wp\/v2\/types\/page"}],"author":[{"embeddable":true,"href":"https:\/\/univet.hu\/hu\/wp-json\/wp\/v2\/users\/6022"}],"replies":[{"embeddable":true,"href":"https:\/\/univet.hu\/hu\/wp-json\/wp\/v2\/comments?post=11287"}],"version-history":[{"count":0,"href":"https:\/\/univet.hu\/hu\/wp-json\/wp\/v2\/pages\/11287\/revisions"}],"up":[{"embeddable":true,"href":"https:\/\/univet.hu\/hu\/wp-json\/wp\/v2\/pages\/874"}],"wp:attachment":[{"href":"https:\/\/univet.hu\/hu\/wp-json\/wp\/v2\/media?parent=11287"}],"wp:term":[{"taxonomy":"category","embeddable":true,"href":"https:\/\/univet.hu\/hu\/wp-json\/wp\/v2\/categories?post=11287"},{"taxonomy":"post_tag","embeddable":true,"href":"https:\/\/univet.hu\/hu\/wp-json\/wp\/v2\/tags?post=11287"}],"curies":[{"name":"wp","href":"https:\/\/api.w.org\/{rel}","templated":true}]}}