{"id":11289,"date":"2016-02-04T16:00:00","date_gmt":"2016-02-04T15:00:00","guid":{"rendered":"http:\/\/univet.hu\/kutatas\/temak\/friss-zoldsegek-gyumolcsok-novenyi-csirak-es-tengeri-eredetu-elelmiszerek-kozegeszsegugyileg-jelentos-bakteriumok-es-virusok-altal-okozott-szennyezettsegenek-vizsgalata\/"},"modified":"2016-02-04T16:00:00","modified_gmt":"2016-02-04T15:00:00","slug":"friss-zoldsegek-gyumolcsok-novenyi-csirak-es-tengeri-eredetu-elelmiszerek-kozegeszsegugyileg-jelentos-bakteriumok-es-virusok-altal-okozott-szennyezettsegenek-vizsgalata","status":"publish","type":"page","link":"https:\/\/univet.hu\/hu\/kutatas\/temak\/friss-zoldsegek-gyumolcsok-novenyi-csirak-es-tengeri-eredetu-elelmiszerek-kozegeszsegugyileg-jelentos-bakteriumok-es-virusok-altal-okozott-szennyezettsegenek-vizsgalata\/","title":{"rendered":"Friss z\u00f6lds\u00e9gek, gy\u00fcm\u00f6lcs\u00f6k, n\u00f6v\u00e9nyi cs\u00edr\u00e1k \u00e9s tengeri eredet\u0171 \u00e9lelmiszerek k\u00f6zeg\u00e9szs\u00e9g\u00fcgyileg jelent\u0151s bakt\u00e9riumok \u00e9s v\u00edrusok \u00e1ltal okozott szennyezetts\u00e9g\u00e9nek vizsg\u00e1lata."},"content":{"rendered":"<p>Az \u00e9lelmiszerek szerepe kiemelked\u0151 a betegs\u00e9gek terjeszt\u00e9s\u00e9ben. A kutat\u00e1s c\u00e9lja az \u00e9lelmiszer-eredet\u0171 fert\u0151z\u00e9sek h\u00e1tter\u00e9ben \u00e1ll\u00f3<em> E. coli<\/em>, <em>Salmonella<\/em> spp., <em>Campylobacter<\/em> spp. \u00e9s <em>L. monocytogenes<\/em>, valamint Norov\u00edrusok, hepatitis A \u00e9s E v\u00edrus, illetve a fek\u00e1lkontamin\u00e1ci\u00f3 jelz\u00e9s\u00e9re\u00a0em\u00e9szt\u0151szervi eredet\u0171 v\u00edrusok \u2013 hum\u00e1n Adenov\u00edrus, szarvasmarha Polyomav\u00edrus \u00e9s sert\u00e9s Adenov\u00edrus\u00a0\u2013 jelenl\u00e9t\u00e9nek vizsg\u00e1lata z\u00f6lds\u00e9gekben, cs\u00edr\u00e1kban, bogy\u00f3s gy\u00fcm\u00f6lcs\u00f6kben \u00e9s tengeri eredet\u0171 term\u00e9kekben.\u00a0<\/p> <p>A kutat\u00e1st az \u00c9lelmiszer-higi\u00e9nia Tansz\u00e9k \u00e9s a J\u00e1rv\u00e1nytani \u00e9s Mikrobiol\u00f3giai Tansz\u00e9k Virol\u00f3gia munkacsoportj\u00e1nak egy\u00fcttm\u0171k\u00f6d\u00e9s\u00e9ben v\u00e9gezz\u00fck.<\/p>","protected":false},"excerpt":{"rendered":"<p>Az \u00e9lelmiszerek szerepe kiemelked\u0151 a betegs\u00e9gek terjeszt\u00e9s\u00e9ben. A kutat\u00e1s c\u00e9lja az \u00e9lelmiszer-eredet\u0171 fert\u0151z\u00e9sek h\u00e1tter\u00e9ben \u00e1ll\u00f3 E. coli, Salmonella spp., Campylobacter spp. \u00e9s L. monocytogenes, valamint Norov\u00edrusok, hepatitis A \u00e9s E v\u00edrus, illetve a fek\u00e1lkontamin\u00e1ci\u00f3 jelz\u00e9s\u00e9re\u00a0em\u00e9szt\u0151szervi eredet\u0171 v\u00edrusok \u2013 hum\u00e1n Adenov\u00edrus, szarvasmarha Polyomav\u00edrus \u00e9s sert\u00e9s Adenov\u00edrus\u00a0\u2013 jelenl\u00e9t\u00e9nek vizsg\u00e1lata z\u00f6lds\u00e9gekben, cs\u00edr\u00e1kban, bogy\u00f3s gy\u00fcm\u00f6lcs\u00f6kben \u00e9s tengeri eredet\u0171 term\u00e9kekben.\u00a0<\/p>\n","protected":false},"author":6022,"featured_media":0,"parent":874,"menu_order":154,"comment_status":"closed","ping_status":"closed","template":"","meta":{"_acf_changed":false,"footnotes":""},"categories":[],"tags":[],"class_list":["post-11289","page","type-page","status-publish","hentry"],"acf":[],"_links":{"self":[{"href":"https:\/\/univet.hu\/hu\/wp-json\/wp\/v2\/pages\/11289","targetHints":{"allow":["GET"]}}],"collection":[{"href":"https:\/\/univet.hu\/hu\/wp-json\/wp\/v2\/pages"}],"about":[{"href":"https:\/\/univet.hu\/hu\/wp-json\/wp\/v2\/types\/page"}],"author":[{"embeddable":true,"href":"https:\/\/univet.hu\/hu\/wp-json\/wp\/v2\/users\/6022"}],"replies":[{"embeddable":true,"href":"https:\/\/univet.hu\/hu\/wp-json\/wp\/v2\/comments?post=11289"}],"version-history":[{"count":0,"href":"https:\/\/univet.hu\/hu\/wp-json\/wp\/v2\/pages\/11289\/revisions"}],"up":[{"embeddable":true,"href":"https:\/\/univet.hu\/hu\/wp-json\/wp\/v2\/pages\/874"}],"wp:attachment":[{"href":"https:\/\/univet.hu\/hu\/wp-json\/wp\/v2\/media?parent=11289"}],"wp:term":[{"taxonomy":"category","embeddable":true,"href":"https:\/\/univet.hu\/hu\/wp-json\/wp\/v2\/categories?post=11289"},{"taxonomy":"post_tag","embeddable":true,"href":"https:\/\/univet.hu\/hu\/wp-json\/wp\/v2\/tags?post=11289"}],"curies":[{"name":"wp","href":"https:\/\/api.w.org\/{rel}","templated":true}]}}