{"id":11291,"date":"2016-04-03T12:53:00","date_gmt":"2016-04-03T10:53:00","guid":{"rendered":"http:\/\/univet.hu\/kutatas\/temak\/a-kutyak-gyomor-bel-es-majbetegsegeinek-patomechanizmusa-korjelzese-es-gyogykezelese\/"},"modified":"2016-04-03T12:53:00","modified_gmt":"2016-04-03T10:53:00","slug":"a-kutyak-gyomor-bel-es-majbetegsegeinek-patomechanizmusa-korjelzese-es-gyogykezelese","status":"publish","type":"page","link":"https:\/\/univet.hu\/hu\/kutatas\/temak\/a-kutyak-gyomor-bel-es-majbetegsegeinek-patomechanizmusa-korjelzese-es-gyogykezelese\/","title":{"rendered":"Gasztroenterol\u00f3giai munkacsoport. Vezet\u0151: Dr. Sterczer \u00c1gnes egyetemi docens, PhD. A kuty\u00e1k gyomor-b\u00e9l \u00e9s m\u00e1jbetegs\u00e9geinek patomechanizmusa, k\u00f3rjelz\u00e9se \u00e9s gy\u00f3gykezel\u00e9se"},"content":{"rendered":"<ul> <li><strong>CHOLAG&Oacute;G-INDUK&Aacute;LTA EPEH&Oacute;LYAG-&Uuml;R&Uuml;L&Eacute;S JELENT\u0150S&Eacute;GE A BILIARIS OBSTRUKCI&Oacute; DIAGN&Oacute;ZIS&Aacute;BAN. RETROSPEKT&Iacute;V VIZSG&Aacute;LAT<\/strong><\/li> <li>&nbsp;<\/li> <li> <p style=\"margin-left:-9.0pt\">Kor&aacute;bbi kutat&aacute;sainkban kidolgoztunk az epeh&oacute;lyag-t&eacute;rfogat (EHT) rutinszer\u0171 m&eacute;r&eacute;s&eacute;re alkalmas ultrahangos m&oacute;dszert valamint vizsg&aacute;ltuk a k&uuml;l&ouml;nb&ouml;z\u0151 cholag&oacute;g k&eacute;sz&iacute;tm&eacute;nyek (MgSO4, clanobutin) hat&aacute;s&aacute;t az epeh&oacute;lyag t&eacute;rfogat&aacute;ra. Jelen k&iacute;s&eacute;rlet&uuml;nkben egy &uacute;jabb cholag&oacute;g k&eacute;sz&iacute;tm&eacute;ny, a Lipofundin 20% inf&uacute;zi&oacute; epeh&oacute;lyag (EH) m\u0171k&ouml;d&eacute;s&eacute;re gyakorolt hat&aacute;s&aacute;t tanulm&aacute;nyoztuk 7 eg&eacute;szs&eacute;ges beagle kuty&aacute;ban. A Lipofundin kifejezett, 44 % (35.3-57.6%) epeh&oacute;lyag kontrakci&oacute;t okozott. A cholag&oacute;g induk&aacute;lta, ultrahangos epeh&oacute;lyag-&uuml;r&uuml;l&eacute;s m&oacute;dszer (EH&Uuml;) diagnosztikai jelent\u0151s&eacute;g&eacute;t vizsg&aacute;ltuk az obstrukt&iacute;v &eacute;s non-obstrukt&iacute;v ikteruszos kuty&aacute;k elk&uuml;l&ouml;n&iacute;t&eacute;s&eacute;ben. Retrospekt&iacute;v (1997-2007) felm&eacute;r&eacute;s&uuml;nkben, h&aacute;rom k&uuml;l&ouml;nb&ouml;z\u0151 cholag&oacute;g k&eacute;sz&iacute;tm&eacute;nyt (clanobutin, MgSO4, Lipofundin) haszn&aacute;ltunk klinikai esetekben (n=36) az epeh&oacute;lyag kontrakci&oacute; kiv&aacute;lt&aacute;s&aacute;ra. Az epeh&oacute;lyag-&uuml;r&uuml;l&eacute;s vizsg&aacute;latot olyan icteruszos kuty&aacute;kban v&eacute;gezt&uuml;nk, amelyekn&eacute;l nem volt egy&eacute;rtelm\u0171, hogy hepaticus vagy post-hepaticus az icterus, illetve tudni szerett&uuml;k volna, hogy milyen fok&uacute; az obstrukci&oacute;. A 24 icterusos kuty&aacute;ban v&eacute;gezt&uuml;nk epeh&oacute;lyag-&uuml;r&uuml;l&eacute;si vizsg&aacute;latokat. Non-obstrukt&iacute;v icterusos betegekben (n=3) a maxim&aacute;lis epeh&oacute;lyag kontrakci&oacute; 43.9 % (39.0-46.5%) volt. A biliaris obstrukci&oacute; miatt kialakult icterusos kuty&aacute;kban (n=21) az &aacute;tlagos EH &ouml;sszeh&uacute;z&oacute;d&aacute;s kevesebb, mint 5% volt. R&eacute;szleges kontrakci&oacute;t 13,2% (3.1-25%) 8 esetben (8\/21) tapasztaltunk a cholag&oacute;g k&eacute;sz&iacute;tm&eacute;ny ad&aacute;s&aacute;t k&ouml;vet\u0151en. 13 icterusos kuty&aacute;ban (13\/21) -az alkalmazott cholag&oacute;g k&eacute;sz&iacute;tm&eacute;nyt\u0151l f&uuml;ggetlen&uuml;l-, egy&aacute;ltal&aacute;n nem h&uacute;z&oacute;dott &ouml;ssze az epeh&oacute;lyag, hanem ink&aacute;bb kitelt, mely egy&eacute;rtelm\u0171 m\u0171t&eacute;ti indik&aacute;ci&oacute;t jelzett. Meg&aacute;llap&iacute;tottuk, hogy az epeh&oacute;lyag-t&eacute;rfogatm&eacute;r&eacute;se ultrahang m&oacute;dszerrel, valamint a sz&aacute;jon kereszt&uuml;l adott Lipofundin illetve MgSO4-induk&aacute;lta epeh&oacute;lyag-&uuml;r&uuml;l&eacute;s megb&iacute;zhat&oacute; m&oacute;dszer az EH motilit&aacute;s&aacute;nak vizsg&aacute;lat&aacute;ra icterusos kuty&aacute;kban. Az EH&Uuml; vizsg&aacute;latok eredm&eacute;nye minden esetben korrel&aacute;lt a k&eacute;s\u0151bbi diagn&oacute;zisokkel (m\u0171t&eacute;t, biopszia, k&oacute;rboncol&aacute;s, laborat&oacute;riumi vizsg&aacute;lat), m\u0171t&eacute;ti indik&aacute;ci&oacute;val.<\/p> <p style=\"margin-left:-9.0pt\">&nbsp;<\/p> <p><strong>2015-ben is &eacute;rv&eacute;nyes, kapcsol&oacute;d&oacute; p&aacute;ly&aacute;zat: <\/strong>nem volt<\/p> <p>&nbsp;<\/p> <p>2011 &eacute;s 2015 k&ouml;z&ouml;tt megjelent publik&aacute;ci&oacute;k<\/p> <p><strong>Sterczer, &Aacute;., Reiczigel, J., Ps&aacute;der, R., P&aacute;pa, K., V&ouml;r&ouml;s, K., Pap, &Aacute;.<\/strong><strong> (2012):<\/strong> Cholagogue-induced gallbladder emptying in the diagnosis of canine biliary obstruction. <a href=\"http:\/\/www.ncbi.nlm.nih.gov\/pubmed\/22609991##\" data-replaced=\"true\" title=\"Acta veterinaria Hungarica.\">Acta Vet Hung.<\/a>, 60. 199-209.<\/p> <\/li> <li> <p>PATK&Aacute;NY AGYI ENDOTHELIALIS &Eacute;S ASTROCYTA SEJT KO-KULT&Uacute;RA &ndash; EGY <em>IN VITRO <\/em>MODEL KIDOLGOZ&Aacute;SA A HEPATICUS ENCEPHALOPATHIA K&Oacute;ROKTAN&Aacute;NAK VIZSG&Aacute;LAT&Aacute;RA<\/p> <p>B&aacute;r&aacute;ny Zolt&aacute;n1, Somogyi Vir&aacute;g1, Sterczer &Aacute;gnes2, Freny&oacute; V. L&aacute;szl&oacute;1<\/p> <p>&nbsp;<\/p> <p>A hepaticus encephalopathia (HE) egy orvosi &eacute;s &aacute;llatorvosi vonatkoz&aacute;sban is jelent\u0151s neuropszichi&aacute;triai k&oacute;rk&eacute;p, melynek k&oacute;roki h&aacute;tter&eacute;ben akut vagy kr&oacute;nikus m&aacute;jel&eacute;gtelens&eacute;g &eacute;s\/vagy portosziszt&eacute;m&aacute;s-s&ouml;nt &aacute;ll. Ezen elv&aacute;ltoz&aacute;sok a m&aacute;j m&eacute;regtelen&iacute;t\u0151 funkci&oacute;j&aacute;nak kies&eacute;se &aacute;ltal az amm&oacute;nia v&eacute;rplazmabeli szintj&eacute;nek megemelked&eacute;s&eacute;hez vezetnek, amely &aacute;tjutva a v&eacute;r-agy g&aacute;ton, sz&aacute;mos cerebralis k&oacute;rfolyamat kialakul&aacute;s&aacute;&eacute;rt felel\u0151s, melyek v&eacute;g&uuml;l a HE-re jellemz\u0151 t&uuml;netek egy jelent\u0151s r&eacute;sz&eacute;hez vezetnek. Az amm&oacute;nia mellett egy&eacute;b k&oacute;roki t&eacute;nyez\u0151k is bizony&iacute;t&aacute;st nyertek, &uacute;gymint a sziszt&eacute;m&aacute;s gyullad&aacute;s valamint a mang&aacute;n &eacute;s az arom&aacute;s aminosavak v&eacute;rplazmabeli szintj&eacute;nek megemelked&eacute;se. Ezek szint&eacute;n hozz&aacute;j&aacute;rulnak az agy funkci&oacute;j&aacute;nak k&aacute;rosod&aacute;s&aacute;hoz. Az eml&iacute;tett faktorok &ndash; k&ouml;zvetlen&uuml;l vagy a v&eacute;r-agy g&aacute;ton mint barrieren kereszt&uuml;l k&ouml;zvetve &ndash; az eddigi ismereteink szerint els\u0151dlegesen az astroglia sejtek m\u0171k&ouml;d&eacute;s&eacute;t, ez&aacute;ltal pedig a neuronok funkci&oacute;j&aacute;t is k&aacute;ros&iacute;tj&aacute;k. B&aacute;r a HE-vel kapcsolatban igen sok k&iacute;s&eacute;rletes eredm&eacute;ny &aacute;ll rendelkez&eacute;s&uuml;nkre, ennek ellen&eacute;re az astrocyt&aacute;kban lezajl&oacute; mechanizmusok (duzzad&aacute;s, bioenergetika, gyullad&aacute;sos folyamatok), valamint a v&eacute;r-agy g&aacute;t patol&oacute;gi&aacute;s elv&aacute;ltoz&aacute;s&aacute;nak (permeabilit&aacute;s v&aacute;ltoz&aacute;s) mik&eacute;ntje, illetve az ahhoz vezet\u0151 folyamatok pontosan nem ismertek, illetve a megszerzett ismeretek zavarba ejt\u0151en ellentmond&aacute;sosak.<\/p> <p><u>C&eacute;l:<\/u> Kutat&oacute;csoportunk az elm&uacute;lt &eacute;vben &uacute;j kutat&aacute;si ir&aacute;nyvonalat nyitott, mely a HE k&oacute;rk&eacute;p&eacute;vel kapcsolatosan a gliasejtekben lej&aacute;tsz&oacute;d&oacute; k&oacute;ros folyamatok mik&eacute;ntj&eacute;t igyekszik felder&iacute;teni. A fenti ismeretek alapj&aacute;n c&eacute;lunk az volt, hogy kidolgozzunk egy rutinszer\u0171en megval&oacute;s&iacute;that&oacute; protokollt, amely seg&iacute;ts&eacute;g&eacute;vel el\u0151&aacute;ll&iacute;that&oacute; egy a HE k&oacute;roktani folyamatainak vizsg&aacute;lat&aacute;ra alkalmas primer astrocyta sejtteny&eacute;szet (&eacute;s ezt kieg&eacute;sz&iacute;tve a k&eacute;s\u0151bbiekben egy astrocyta-endothel ko-kult&uacute;ra) mint k&iacute;s&eacute;rletes modell.<\/p> <p><u>M&oacute;dszer:<\/u> A sejtteny&eacute;szet el\u0151&aacute;ll&iacute;t&aacute;s&aacute;ra 2 napos Wistar patk&aacute;nyok haszn&aacute;lunk fel. A bel\u0151l&uuml;k nyert agyakat (a kisagyakat mell\u0151zve) az agyh&aacute;rty&aacute;t&oacute;l megtiszt&iacute;tjuk, enzimesen em&eacute;sztj&uuml;k, szuszpend&aacute;ljuk, majd a kapott sejtszuszpenzi&oacute;t lizinezett Petri cs&eacute;sz&eacute;kbe sz&eacute;lesztj&uuml;k (1 &aacute;llat\/1db 10 cm &aacute;tm&eacute;r\u0151j\u0171 Petri-cs&eacute;sze). A ki&uuml;ltetett sejteket meghat&aacute;rozott &ouml;sszet&eacute;tel\u0171, adott id\u0151k&ouml;z&ouml;nk&eacute;nt cser&eacute;lt t&aacute;poldatban k&eacute;t h&eacute;ten &aacute;t inkub&aacute;ljuk. Az &iacute;gy kapott sejtkult&uacute;ra &ouml;sszet&eacute;tel&eacute;t immunhisztok&eacute;miai elj&aacute;r&aacute;ssal ellen\u0151rizz&uuml;k (GFAP [glial fibrillary acid protein] &eacute;s DAPI [4&#39;,6-diamidino-2-fenilindol] fest&eacute;s).<\/p> <p><u>Eredm&eacute;nyek:<\/u> Az &aacute;ltalunk l&eacute;trehozott astrocyta sejtkult&uacute;ra a ki&uuml;ltet&eacute;st k&ouml;vet\u0151 k&eacute;t h&eacute;t eltelt&eacute;vel egyr&eacute;teg\u0171, &ouml;sszef&uuml;gg\u0151, &eacute;p morfol&oacute;gi&aacute;j&uacute; sejtek alkotta teny&eacute;szetet k&eacute;pezett. Az immunhisztok&eacute;miai vizsg&aacute;latok alapj&aacute;n igazolt&aacute;k, hogy a sejtkult&uacute;r&aacute;t t&ouml;bb mint 90%-ban astrocyt&aacute;k teszik ki.<\/p> <p><u>K&ouml;vetkeztet&eacute;s:<\/u> Az &aacute;ltalunk kidolgozott &eacute;s be&aacute;ll&iacute;tott primer astrocyta sejtkult&uacute;ra morfol&oacute;giai jellemz\u0151i, ebb\u0151l k&ouml;vetkez\u0151en &eacute;letk&eacute;pess&eacute;ge &eacute;s &ouml;sszet&eacute;tele az irodalmi adatok alapj&aacute;n megfelel\u0151, a rajtuk elv&eacute;gzend\u0151 vizsg&aacute;latok megval&oacute;s&iacute;that&oacute;ak, k&eacute;s\u0151bb pedig az agyi endothel-astrocyta ko-kult&uacute;ra l&eacute;trehoz&aacute;s&aacute;hoz felhaszn&aacute;lhat&oacute;ak.<\/p> <p style=\"margin-left:7.1pt\">&nbsp;<\/p> <p style=\"margin-left:7.1pt\">&nbsp;<\/p> <p style=\"margin-left:7.1pt\"><strong>2015-ben is &eacute;rv&eacute;nyes, kapcsol&oacute;d&oacute; p&aacute;ly&aacute;zat:<\/strong><\/p> <p style=\"margin-left:7.1pt\">NKB 15991<\/p> <p style=\"margin-left:7.1pt\">KK-UK 12123 sz. p&aacute;ly&aacute;zatok<\/p> <\/li> <li><strong>kuty&aacute;k endoszk&oacute;pos m&oacute;dszerrel vett gyomorbiopszi&aacute;inak retrospekt&iacute;v vizsg&aacute;lata&nbsp; <\/strong><\/li> <li> <p>&nbsp;<\/p> <p>T&eacute;mavezet\u0151: Psader Roland,&nbsp; k&ouml;zrem\u0171k&ouml;d\u0151: Sterczer &Aacute;gnes, P&aacute;pa Kinga, Jakab Csaba, Balka Gyula, (Patol&oacute;giai Tansz&eacute;k) K&uuml;ls\u0151 k&ouml;zrem\u0171k&ouml;d\u0151k: Prof Pap &Aacute;kos (Kaposi M&oacute;r Oktat&oacute; K&oacute;rh&aacute;z), Heged\u0171s Gy&ouml;rgy Tam&aacute;s (Vet-Med &Aacute;llatorvosi Diagnosztika Labor), Nagy Ot&iacute;lia (Net Vet Kft &Aacute;llatorvosi Rendel\u0151int&eacute;zet)<\/p> <\/li> <li> <p><strong>HELICOBACTER &Eacute;S CIRKOV&Iacute;RUS KIMUTAT&Aacute;S GASZTRO-DUODENOSZK&Oacute;PI&Aacute;RA &Eacute;RKEZ\u0150 KUTY&Aacute;K GYOMOR- &Eacute;S DUODENUMBIOPSZI&Aacute;IB&Oacute;L <\/strong><\/p> <p>T&eacute;mavezet\u0151 Dr.Ps&aacute;der Roland, k&ouml;zrem\u0171k&ouml;d\u0151k:<\/p> <p>Balka Gyula, Jakab Csaba, Nagy Ot&iacute;lia, P&aacute;pa Kinga, Heged\u0171s-Gy&ouml;rgy Tam&aacute;s, Sterczer &Aacute;gnes<\/p> <p>&nbsp;<\/p> <\/li> <li> <p><strong>A hepcidin szint meghat&aacute;roz&aacute;s&aacute;nak jelent\u0151s&eacute;ge kuty&aacute;k kr&oacute;nikus betegs&eacute;g kiv&aacute;ltotta nem-regenerat&iacute;v anaemi&aacute;j&aacute;ban<\/strong><\/p> <p>Kutat&aacute;si csoport vezet\u0151je: Sterczer &Aacute;gnes &eacute;s Vizi Zsuzsanna<\/p> <p>&nbsp;<\/p> <p>A hepcidin egy 25 aminosavb&oacute;l &aacute;ll&oacute; peptid hormon, amely kulcsszerepet t&ouml;lt be a vasanyagcsere szab&aacute;lyoz&aacute;s&aacute;ban. A hepcidin a ferroportin nev\u0171 vasexporter membr&aacute;n feh&eacute;rj&eacute;hez k&ouml;t\u0151dve annak internaliz&aacute;ci&oacute;j&aacute;t &eacute;s leboml&aacute;s&aacute;t okozza, &iacute;gy g&aacute;tolja a vas duodenumb&oacute;l t&ouml;rt&eacute;n\u0151 felsz&iacute;v&oacute;d&aacute;s&aacute;t &eacute;s macrophagokb&oacute;l t&ouml;rt&eacute;n\u0151 kijut&aacute;s&aacute;t, cs&ouml;kkentve a sz&eacute;rum vaskoncentr&aacute;ci&oacute;j&aacute;t. A hypoferraemia k&ouml;vetkezt&eacute;ben nem &aacute;ll rendelkez&eacute;sre el&eacute;g vas a csontvel\u0151ben az erythropoesishez. T&ouml;bbek k&ouml;z&ouml;tt a gyullad&aacute;sos cytokinek hat&aacute;s&aacute;ra termel\u0151d\u0151 tart&oacute;san emelkedett hepcidin-szint nem-regenerat&iacute;v anaemi&aacute;t, m&iacute;g hi&aacute;nya fokozott vasfelhalmoz&oacute;d&aacute;st &eacute;s k&ouml;vetkezm&eacute;nyes szervi k&aacute;rosod&aacute;st (haemochromatosist) okoz a szervezetben. C&eacute;l: A kutat&aacute;s c&eacute;lja egyr&eacute;szr\u0151l eg&eacute;szs&eacute;ges kuty&aacute;k fiziol&oacute;gi&aacute;s sz&eacute;rum hepcidin szintj&eacute;nek meghat&aacute;roz&aacute;sa, m&aacute;sr&eacute;szr\u0151l beteg kuty&aacute;k k&uuml;l&ouml;nb&ouml;z\u0151 oktan&uacute; nem-regenerat&iacute;v anaemi&aacute;val j&aacute;r&oacute; megbeteged&eacute;seiben t&ouml;rt&eacute;n\u0151 sz&eacute;rum hepcidin-szint meghat&aacute;roz&aacute;sa &eacute;s vizsg&aacute;lata differenci&aacute;l diagnosztikai szempontokb&oacute;l. Anyag-m&oacute;dszer: N=57 k&uuml;l&ouml;nb&ouml;z\u0151 kor&uacute;, ivar&uacute; &eacute;s fajt&aacute;j&uacute; eg&eacute;szs&eacute;ges &eacute;s n=21 v&eacute;rszeg&eacute;ny kutya vizsg&aacute;lat&aacute;t v&eacute;gezt&uuml;k el a SZIE-&Aacute;OTK Kis&aacute;llatklinik&aacute;j&aacute;n. Minden kuty&aacute;n&aacute;l r&eacute;szletes klinikai, hasi ultrahang-vizsg&aacute;latot v&eacute;gezt&uuml;nk, valamint v&eacute;rt &eacute;s vizeletet vett&uuml;nk laborat&oacute;riumi vizsg&aacute;latokra (mennyis&eacute;gi &eacute;s min\u0151s&eacute;gi v&eacute;rk&eacute;p, biok&eacute;miai param&eacute;terek: albumin, &ouml;sszfeh&eacute;rje, alanin-aminotranszfer&aacute;z, &ouml;sszbilirubin, epesav, karbamid, kreatinin, C-reakt&iacute;v protein, vas, vask&ouml;t\u0151 kapacit&aacute;s &eacute;s vizeletvizsg&aacute;lat feh&eacute;rje-kreatini ar&aacute;ny &eacute;s frakcion&aacute;lt n&aacute;trium-&uuml;r&iacute;t&eacute;s meghat&aacute;roz&aacute;ssal). A laborat&oacute;riumi vizsg&aacute;latok a mintav&eacute;tel napj&aacute;n megt&ouml;rt&eacute;ntek, m&iacute;g a sz&eacute;rum mint&aacute;kat a k&eacute;s\u0151bbi hepcidin-m&eacute;r&eacute;sekhez lefagyasztottuk. A sz&eacute;rum hepcidin vizsg&aacute;lat&aacute;t ELISA-m&oacute;dszerrel (Blue Gene HEPC ELISA tesztkit) tervezt&uuml;k. Eredm&eacute;ny: A hepcidin m&eacute;r&eacute;s&eacute;re az alkalmazott m&oacute;dszer &eacute;s ELISA kit nem volt alkalmas, ez&eacute;rt konkr&eacute;t eredm&eacute;nyeket m&eacute;g nem kaptunk.<\/p> <p>&nbsp;<\/p> <p>K&ouml;vetkeztet&eacute;s: A hepcidin m&eacute;r&eacute;seket m&aacute;s m&oacute;dszerrel vagy m&aacute;s gy&aacute;rtm&aacute;ny&uacute; ELISA kittel meg kell ism&eacute;telni, valamint a beteg kuty&aacute;k elemsz&aacute;m&aacute;t n&ouml;velni kell, &iacute;gy tov&aacute;bbi mintav&eacute;telek sz&uuml;ks&eacute;gesek.<\/p> <p>&nbsp;<\/p> <p><strong>2015-ben is &eacute;rv&eacute;nyes, kapcsol&oacute;d&oacute; p&aacute;ly&aacute;zat: <\/strong>nem volt<\/p> <p>&nbsp;<\/p> <p>&nbsp;<\/p> <p style=\"margin-left:-10.9pt\"><strong>2011 &eacute;s 2015 k&ouml;z&ouml;tt megjelent publik&aacute;ci&oacute;k:<\/strong><\/p> <p>Vizi Zsuzsanna, Aradi Zs&oacute;fia, Sterczer &Aacute;gnes: A hepcidin szerepe a vasanyagcsere szab&aacute;lyoz&aacute;s&aacute;ban : Irodalmi &aacute;ttekint&eacute;s: The role of hepcidin in the regulation of the iron homesotasis. MAGYAR &Aacute;LLATORVOSOK LAPJA, 136 (11): 671-675. (2014)<\/p> <\/li> <\/ul>","protected":false},"excerpt":{"rendered":"<p>CHOLAG&Oacute;G-INDUK&Aacute;LTA EPEH&Oacute;LYAG-&Uuml;R&Uuml;L&Eacute;S JELENT\u0150S&Eacute;GE A BILIARIS OBSTRUKCI&Oacute; DIAGN&Oacute;ZIS&Aacute;BAN. RETROSPEKT&Iacute;V VIZSG&Aacute;LAT &nbsp; Kor&aacute;bbi kutat&aacute;sainkban kidolgoztunk az epeh&oacute;lyag-t&eacute;rfogat (EHT) rutinszer\u0171 m&eacute;r&eacute;s&eacute;re alkalmas ultrahangos m&oacute;dszert valamint vizsg&aacute;ltuk a k&uuml;l&ouml;nb&ouml;z\u0151 cholag&oacute;g k&eacute;sz&iacute;tm&eacute;nyek (MgSO4, clanobutin) hat&aacute;s&aacute;t az epeh&oacute;lyag t&eacute;rfogat&aacute;ra. Jelen k&iacute;s&eacute;rlet&uuml;nkben egy &uacute;jabb cholag&oacute;g k&eacute;sz&iacute;tm&eacute;ny, a Lipofundin 20% inf&uacute;zi&oacute; epeh&oacute;lyag (EH) m\u0171k&ouml;d&eacute;s&eacute;re gyakorolt hat&aacute;s&aacute;t tanulm&aacute;nyoztuk 7 eg&eacute;szs&eacute;ges beagle kuty&aacute;ban. A Lipofundin<\/p>\n","protected":false},"author":6022,"featured_media":0,"parent":874,"menu_order":154,"comment_status":"closed","ping_status":"closed","template":"","meta":{"_acf_changed":false,"footnotes":""},"categories":[],"tags":[],"class_list":["post-11291","page","type-page","status-publish","hentry"],"acf":[],"_links":{"self":[{"href":"https:\/\/univet.hu\/hu\/wp-json\/wp\/v2\/pages\/11291","targetHints":{"allow":["GET"]}}],"collection":[{"href":"https:\/\/univet.hu\/hu\/wp-json\/wp\/v2\/pages"}],"about":[{"href":"https:\/\/univet.hu\/hu\/wp-json\/wp\/v2\/types\/page"}],"author":[{"embeddable":true,"href":"https:\/\/univet.hu\/hu\/wp-json\/wp\/v2\/users\/6022"}],"replies":[{"embeddable":true,"href":"https:\/\/univet.hu\/hu\/wp-json\/wp\/v2\/comments?post=11291"}],"version-history":[{"count":0,"href":"https:\/\/univet.hu\/hu\/wp-json\/wp\/v2\/pages\/11291\/revisions"}],"up":[{"embeddable":true,"href":"https:\/\/univet.hu\/hu\/wp-json\/wp\/v2\/pages\/874"}],"wp:attachment":[{"href":"https:\/\/univet.hu\/hu\/wp-json\/wp\/v2\/media?parent=11291"}],"wp:term":[{"taxonomy":"category","embeddable":true,"href":"https:\/\/univet.hu\/hu\/wp-json\/wp\/v2\/categories?post=11291"},{"taxonomy":"post_tag","embeddable":true,"href":"https:\/\/univet.hu\/hu\/wp-json\/wp\/v2\/tags?post=11291"}],"curies":[{"name":"wp","href":"https:\/\/api.w.org\/{rel}","templated":true}]}}