{"id":11294,"date":"2016-02-04T16:00:00","date_gmt":"2016-02-04T15:00:00","guid":{"rendered":"http:\/\/univet.hu\/kutatas\/temak\/gop-2011-111-szuperinfekcios-terapia-alkalmazasa-a-hepatocellularis-karcinoma-hcc-adjuvans-kezelesere-valamint-a-hcc-kockazatanak-csokkentese-h\/"},"modified":"2016-02-04T16:00:00","modified_gmt":"2016-02-04T15:00:00","slug":"gop-2011-111-szuperinfekcios-terapia-alkalmazasa-a-hepatocellularis-karcinoma-hcc-adjuvans-kezelesere-valamint-a-hcc-kockazatanak-csokkentese-h","status":"publish","type":"page","link":"https:\/\/univet.hu\/hu\/kutatas\/temak\/gop-2011-111-szuperinfekcios-terapia-alkalmazasa-a-hepatocellularis-karcinoma-hcc-adjuvans-kezelesere-valamint-a-hcc-kockazatanak-csokkentese-h\/","title":{"rendered":"GOP-2011-1.1.1 &#8211; Szuperinfekci\u00f3s ter\u00e1pia alkalmaz\u00e1sa a hepatocellul\u00e1ris karcin\u00f3ma (HCC) adjuv\u00e1ns kezel\u00e9s\u00e9re, valamint a HCC kock\u00e1zat\u00e1nak cs\u00f6kkent\u00e9se h"},"content":{"rendered":"<p>A kutat\u00e1s c\u00e9lja az R903\/78 jel\u0171 fert\u0151z\u0151 bursitis v\u00edrust\u00f6rzs hum\u00e1n kr\u00f3nikus vir\u00e1lis hepatitisre kifejtett g\u00e1tl\u00f3 hat\u00e1sa mikrobiol\u00f3giai h\u00e1tter\u00e9nek vizsg\u00e1lata. A projekt keret\u00e9ben az R903\/78 t\u00f6rzs hat\u00e1s\u00e1t vizsg\u00e1ljuk a hepatitis E v\u00edrus szaporod\u00e1s\u00e1ra sert\u00e9s eredet\u0171 sejtvonal sejtjeiben, szimult\u00e1n fert\u0151z\u00e9s eset\u00e9n; illetve sert\u00e9s modellben. A projekt 48 h\u00f3nap futamidej\u0171 \u00e9s 2012. november\u00e9ben indult.<br \/>Kapcsolattart\u00f3: Bakonyi Tam\u00e1s, Forg\u00e1ch Petra<\/p>","protected":false},"excerpt":{"rendered":"<p>A kutat\u00e1s c\u00e9lja az R903\/78 jel\u0171 fert\u0151z\u0151 bursitis v\u00edrust\u00f6rzs hum\u00e1n kr\u00f3nikus vir\u00e1lis hepatitisre kifejtett g\u00e1tl\u00f3 hat\u00e1sa mikrobiol\u00f3giai h\u00e1tter\u00e9nek vizsg\u00e1lata. A projekt keret\u00e9ben az R903\/78 t\u00f6rzs hat\u00e1s\u00e1t vizsg\u00e1ljuk a hepatitis E v\u00edrus szaporod\u00e1s\u00e1ra sert\u00e9s eredet\u0171 sejtvonal sejtjeiben, szimult\u00e1n fert\u0151z\u00e9s eset\u00e9n; illetve sert\u00e9s modellben. A projekt 48 h\u00f3nap futamidej\u0171 \u00e9s 2012. november\u00e9ben indult.Kapcsolattart\u00f3: Bakonyi Tam\u00e1s, Forg\u00e1ch Petra<\/p>\n","protected":false},"author":6022,"featured_media":0,"parent":874,"menu_order":154,"comment_status":"closed","ping_status":"closed","template":"","meta":{"_acf_changed":false,"footnotes":""},"categories":[],"tags":[],"class_list":["post-11294","page","type-page","status-publish","hentry"],"acf":[],"_links":{"self":[{"href":"https:\/\/univet.hu\/hu\/wp-json\/wp\/v2\/pages\/11294","targetHints":{"allow":["GET"]}}],"collection":[{"href":"https:\/\/univet.hu\/hu\/wp-json\/wp\/v2\/pages"}],"about":[{"href":"https:\/\/univet.hu\/hu\/wp-json\/wp\/v2\/types\/page"}],"author":[{"embeddable":true,"href":"https:\/\/univet.hu\/hu\/wp-json\/wp\/v2\/users\/6022"}],"replies":[{"embeddable":true,"href":"https:\/\/univet.hu\/hu\/wp-json\/wp\/v2\/comments?post=11294"}],"version-history":[{"count":0,"href":"https:\/\/univet.hu\/hu\/wp-json\/wp\/v2\/pages\/11294\/revisions"}],"up":[{"embeddable":true,"href":"https:\/\/univet.hu\/hu\/wp-json\/wp\/v2\/pages\/874"}],"wp:attachment":[{"href":"https:\/\/univet.hu\/hu\/wp-json\/wp\/v2\/media?parent=11294"}],"wp:term":[{"taxonomy":"category","embeddable":true,"href":"https:\/\/univet.hu\/hu\/wp-json\/wp\/v2\/categories?post=11294"},{"taxonomy":"post_tag","embeddable":true,"href":"https:\/\/univet.hu\/hu\/wp-json\/wp\/v2\/tags?post=11294"}],"curies":[{"name":"wp","href":"https:\/\/api.w.org\/{rel}","templated":true}]}}