{"id":11295,"date":"2016-02-04T16:00:00","date_gmt":"2016-02-04T15:00:00","guid":{"rendered":"http:\/\/univet.hu\/kutatas\/temak\/gyogyszer-hatoanyagok-szinergizmusa-az-oncothermias-kezelessel-a-rak-gyogyitasaban\/"},"modified":"2016-02-04T16:00:00","modified_gmt":"2016-02-04T15:00:00","slug":"gyogyszer-hatoanyagok-szinergizmusa-az-oncothermias-kezelessel-a-rak-gyogyitasaban","status":"publish","type":"page","link":"https:\/\/univet.hu\/hu\/kutatas\/temak\/gyogyszer-hatoanyagok-szinergizmusa-az-oncothermias-kezelessel-a-rak-gyogyitasaban\/","title":{"rendered":"Gy\u00f3gyszer-hat\u00f3anyagok szinergizmusa az oncothermi\u00e1s kezel\u00e9ssel a r\u00e1k gy\u00f3gy\u00edt\u00e1s\u00e1ban"},"content":{"rendered":"<p>Az oncothermia (OTM) egy k\u00fcl\u00f6nleges tumorkezel\u00e9si m\u00f3dszer, amely elektrom\u00e1gneses energi\u00e1t haszn\u00e1l a tumor kezel\u00e9s\u00e9re mik\u00f6zben a daganat enyh\u00e9n felmelegszik. A klasszikus hyperthermi\u00e1val ellent\u00e9tben ez a m\u00f3dszer nem sug\u00e1rz\u00f3 h\u0151energi\u00e1t haszn\u00e1l a daganat felmeleg\u00edt\u00e9s\u00e9re, hanem kapacit\u00edvan csatolt elektrom\u00e1gneses energi\u00e1t. Ezzel a m\u00f3dszerrel el\u00e9rhet\u0151 a kell\u0151 szelektivit\u00e1s, mivel a daganatos sz\u00f6vet az eg\u00e9szs\u00e9ges sejtekn\u00e9l l\u00e9nyegesen t\u00f6bb \u00e1ram vezet\u00e9s\u00e9re alkalmas metabolitot produk\u00e1l, \u00edgy a daganatos sz\u00f6vet szinte \u00f6nf\u00f3kusz\u00e1l\u00f3 k\u00e9pess\u00e9ggel rendelkezik. <br \/>K\u00eds\u00e9rleteinkben az oncothermi\u00e1s kezel\u00e9s kieg\u00e9sz\u00edt\u00e9s\u00e9re keres\u00fcnk olyan k\u00e9sz\u00edtm\u00e9nyt, mely a kezel\u00e9st hat\u00e9konyabb\u00e1, illetve a lok\u00e1lis kezel\u00e9s hat\u00e9konys\u00e1g\u00e1t sziszt\u00e9m\u00e1ss\u00e1 teheti. Ennek \u00e9rdek\u00e9ben k\u00fcl\u00f6nf\u00e9le konvencion\u00e1lis illetve alternat\u00edv gy\u00f3gyszer-hat\u00f3anyagot tesztel\u00fcnk az onkothermi\u00e1s kezel\u00e9ssel kombin\u00e1lva.<\/p>","protected":false},"excerpt":{"rendered":"<p>Az oncothermia (OTM) egy k\u00fcl\u00f6nleges tumorkezel\u00e9si m\u00f3dszer, amely elektrom\u00e1gneses energi\u00e1t haszn\u00e1l a tumor kezel\u00e9s\u00e9re mik\u00f6zben a daganat enyh\u00e9n felmelegszik. A klasszikus hyperthermi\u00e1val ellent\u00e9tben ez a m\u00f3dszer nem sug\u00e1rz\u00f3 h\u0151energi\u00e1t haszn\u00e1l a daganat felmeleg\u00edt\u00e9s\u00e9re, hanem kapacit\u00edvan csatolt elektrom\u00e1gneses energi\u00e1t. Ezzel a m\u00f3dszerrel el\u00e9rhet\u0151 a kell\u0151 szelektivit\u00e1s, mivel a daganatos sz\u00f6vet az eg\u00e9szs\u00e9ges sejtekn\u00e9l l\u00e9nyegesen t\u00f6bb \u00e1ram<\/p>\n","protected":false},"author":6022,"featured_media":0,"parent":874,"menu_order":154,"comment_status":"closed","ping_status":"closed","template":"","meta":{"_acf_changed":false,"footnotes":""},"categories":[],"tags":[],"class_list":["post-11295","page","type-page","status-publish","hentry"],"acf":[],"_links":{"self":[{"href":"https:\/\/univet.hu\/hu\/wp-json\/wp\/v2\/pages\/11295","targetHints":{"allow":["GET"]}}],"collection":[{"href":"https:\/\/univet.hu\/hu\/wp-json\/wp\/v2\/pages"}],"about":[{"href":"https:\/\/univet.hu\/hu\/wp-json\/wp\/v2\/types\/page"}],"author":[{"embeddable":true,"href":"https:\/\/univet.hu\/hu\/wp-json\/wp\/v2\/users\/6022"}],"replies":[{"embeddable":true,"href":"https:\/\/univet.hu\/hu\/wp-json\/wp\/v2\/comments?post=11295"}],"version-history":[{"count":0,"href":"https:\/\/univet.hu\/hu\/wp-json\/wp\/v2\/pages\/11295\/revisions"}],"up":[{"embeddable":true,"href":"https:\/\/univet.hu\/hu\/wp-json\/wp\/v2\/pages\/874"}],"wp:attachment":[{"href":"https:\/\/univet.hu\/hu\/wp-json\/wp\/v2\/media?parent=11295"}],"wp:term":[{"taxonomy":"category","embeddable":true,"href":"https:\/\/univet.hu\/hu\/wp-json\/wp\/v2\/categories?post=11295"},{"taxonomy":"post_tag","embeddable":true,"href":"https:\/\/univet.hu\/hu\/wp-json\/wp\/v2\/tags?post=11295"}],"curies":[{"name":"wp","href":"https:\/\/api.w.org\/{rel}","templated":true}]}}