{"id":11296,"date":"2016-02-04T16:00:00","date_gmt":"2016-02-04T15:00:00","guid":{"rendered":"http:\/\/univet.hu\/kutatas\/temak\/gyogyszerhatoanyagok-es-keszitmenyek-celallat-biztonsagi-vizsgalata\/"},"modified":"2016-02-04T16:00:00","modified_gmt":"2016-02-04T15:00:00","slug":"gyogyszerhatoanyagok-es-keszitmenyek-celallat-biztonsagi-vizsgalata","status":"publish","type":"page","link":"https:\/\/univet.hu\/hu\/kutatas\/temak\/gyogyszerhatoanyagok-es-keszitmenyek-celallat-biztonsagi-vizsgalata\/","title":{"rendered":"Gy\u00f3gyszerhat\u00f3anyagok \u00e9s k\u00e9sz\u00edtm\u00e9nyek c\u00e9l\u00e1llat-biztons\u00e1gi vizsg\u00e1lata"},"content":{"rendered":"<p>A labor\u00e1llatokon v\u00e9gzett vizsg\u00e1latok arra haszn\u00e1lhat\u00f3k, hogy h\u00e1tt\u00e9radatokat biztos\u00edtsanak a c\u00e9l\u00e1llat-biztons\u00e1gi vizsg\u00e1latokhoz, \u00e9s r\u00e1ir\u00e1ny\u00edts\u00e1k a figyelmet a potenci\u00e1lis c\u00e9lszervekre \u00e9s a funkcion\u00e1lis elv\u00e1ltoz\u00e1sokra, azokat azonban nem helyettes\u00edthetik. A vizsg\u00e1lat sor\u00e1n az alkalmazott tesztanyagnak &#8211; k\u00e9miai fel\u00e9p\u00edt\u00e9s\u00e9t, tisztas\u00e1g\u00e1t, \u00f6sszet\u00e9tel\u00e9t, szemcsem\u00e9ret\u00e9t \u00e9s kiszerel\u00e9s\u00e9t tekintve &#8211; azonosnak kell lennie a forgalomba hozand\u00f3 term\u00e9kkel. Hasonl\u00f3 m\u00f3don a kezel\u00e9si m\u00f3dnak azonosnak kell lennie azzal, amit a c\u00edmk\u00e9z\u00e9sen fel fognak t\u00fcntetni.<br \/>A c\u00e9l\u00e1llatokon v\u00e9gzett tolerancia vizsg\u00e1latok c\u00e9lja annak meg\u00e1llap\u00edt\u00e1sa, hogy a k\u00e9sz\u00edtm\u00e9ny aj\u00e1nlott bead\u00e1si m\u00f3dj\u00e1val (m\u00f3djaival), a prepar\u00e1tum ter\u00e1piai d\u00f3zis\u00e1nak t\u00f6bbsz\u00f6r\u00f6s\u00e9vel kezelt \u00e1llatok az emelt d\u00f3zist (az esetleges t\u00faladagol\u00e1sra figyelemmel) hogyan &#8222;viselik el&#8221; (toler\u00e1lj\u00e1k). A vizsg\u00e1lat sor\u00e1n meg kell \u00e1llap\u00edtani a vegy\u00fclet \u00e9s\/vagy k\u00e9sz\u00edtm\u00e9ny biztons\u00e1gi &#8222;r\u00e1hagy\u00e1s\u00e1t&#8221; (sz\u00e9less\u00e9g\u00e9t), amely m\u00e9g nem id\u00e9z el\u0151 klinikai t\u00fcnetekben &#8211; bele\u00e9rtve a hematol\u00f3giai \u00e9s klinikai-k\u00e9miai param\u00e9terek v\u00e1ltoz\u00e1s\u00e1t is &#8211; megnyilv\u00e1nul\u00f3 kedvez\u0151tlen mell\u00e9khat\u00e1sokat.<br \/>A gy\u00f3gyszer-tolerancia vizsg\u00e1latokat el kell v\u00e9gezni, ha a forgalomba hozand\u00f3 k\u00e9sz\u00edtm\u00e9ny \u00faj kemik\u00e1li\u00e1t tartalmaz; egy, m\u00e1r forgalomban l\u00e9v\u0151 k\u00e9sz\u00edtm\u00e9nyt az eddigiekhez k\u00e9pest \u00faj \u00e1llatfajon k\u00edv\u00e1nj\u00e1k alkalmazni; a k\u00e9sz\u00edtm\u00e9nyt derm\u00e1lisan alkalmazzuk, de generaliz\u00e1lt form\u00e1ban; a fel\u00fcletileg alkalmazott szernek ink\u00e1bb sziszt\u00e9m\u00e1s, mint helyi hat\u00e1sa van.<\/p>","protected":false},"excerpt":{"rendered":"<p>A labor\u00e1llatokon v\u00e9gzett vizsg\u00e1latok arra haszn\u00e1lhat\u00f3k, hogy h\u00e1tt\u00e9radatokat biztos\u00edtsanak a c\u00e9l\u00e1llat-biztons\u00e1gi vizsg\u00e1latokhoz, \u00e9s r\u00e1ir\u00e1ny\u00edts\u00e1k a figyelmet a potenci\u00e1lis c\u00e9lszervekre \u00e9s a funkcion\u00e1lis elv\u00e1ltoz\u00e1sokra, azokat azonban nem helyettes\u00edthetik. A vizsg\u00e1lat sor\u00e1n az alkalmazott tesztanyagnak &#8211; k\u00e9miai fel\u00e9p\u00edt\u00e9s\u00e9t, tisztas\u00e1g\u00e1t, \u00f6sszet\u00e9tel\u00e9t, szemcsem\u00e9ret\u00e9t \u00e9s kiszerel\u00e9s\u00e9t tekintve &#8211; azonosnak kell lennie a forgalomba hozand\u00f3 term\u00e9kkel. Hasonl\u00f3 m\u00f3don a kezel\u00e9si m\u00f3dnak<\/p>\n","protected":false},"author":6022,"featured_media":0,"parent":874,"menu_order":154,"comment_status":"closed","ping_status":"closed","template":"","meta":{"_acf_changed":false,"footnotes":""},"categories":[],"tags":[],"class_list":["post-11296","page","type-page","status-publish","hentry"],"acf":[],"_links":{"self":[{"href":"https:\/\/univet.hu\/hu\/wp-json\/wp\/v2\/pages\/11296","targetHints":{"allow":["GET"]}}],"collection":[{"href":"https:\/\/univet.hu\/hu\/wp-json\/wp\/v2\/pages"}],"about":[{"href":"https:\/\/univet.hu\/hu\/wp-json\/wp\/v2\/types\/page"}],"author":[{"embeddable":true,"href":"https:\/\/univet.hu\/hu\/wp-json\/wp\/v2\/users\/6022"}],"replies":[{"embeddable":true,"href":"https:\/\/univet.hu\/hu\/wp-json\/wp\/v2\/comments?post=11296"}],"version-history":[{"count":0,"href":"https:\/\/univet.hu\/hu\/wp-json\/wp\/v2\/pages\/11296\/revisions"}],"up":[{"embeddable":true,"href":"https:\/\/univet.hu\/hu\/wp-json\/wp\/v2\/pages\/874"}],"wp:attachment":[{"href":"https:\/\/univet.hu\/hu\/wp-json\/wp\/v2\/media?parent=11296"}],"wp:term":[{"taxonomy":"category","embeddable":true,"href":"https:\/\/univet.hu\/hu\/wp-json\/wp\/v2\/categories?post=11296"},{"taxonomy":"post_tag","embeddable":true,"href":"https:\/\/univet.hu\/hu\/wp-json\/wp\/v2\/tags?post=11296"}],"curies":[{"name":"wp","href":"https:\/\/api.w.org\/{rel}","templated":true}]}}