{"id":11297,"date":"2016-09-29T10:43:00","date_gmt":"2016-09-29T08:43:00","guid":{"rendered":"http:\/\/univet.hu\/kutatas\/temak\/hagyomanyos-vakcinak-fejlesztese\/"},"modified":"2016-09-29T10:43:00","modified_gmt":"2016-09-29T08:43:00","slug":"hagyomanyos-vakcinak-fejlesztese","status":"publish","type":"page","link":"https:\/\/univet.hu\/hu\/kutatas\/temak\/hagyomanyos-vakcinak-fejlesztese\/","title":{"rendered":"Hagyom\u00e1nyos vakcin\u00e1k fejleszt\u00e9se"},"content":{"rendered":"<p>A molekul&aacute;ris m&oacute;dszerek alkalmaz&aacute;sa mellett egyes k&oacute;rokoz&oacute;kkal szemben hat&eacute;kony inaktiv&aacute;lt vakcin&aacute;k kidolgoz&aacute;sa is lehets&eacute;ges. A kutat&aacute;s c&eacute;lja k&uuml;l&ouml;nf&eacute;le &aacute;llatfajok circo- &eacute;s parvov&iacute;rusaival szembeni vakcin&aacute;k el\u0151&aacute;ll&iacute;t&aacute;s&aacute;ra alkalmas protot&iacute;pus t&ouml;rzsek azonos&iacute;t&aacute;sa &eacute;s karakteriz&aacute;l&aacute;sa.<br \/> Kapcsolattart&oacute;: dr. Cs&aacute;gola Attila, dr. Tuboly Tam&aacute;s<\/p>","protected":false},"excerpt":{"rendered":"<p>A molekul&aacute;ris m&oacute;dszerek alkalmaz&aacute;sa mellett egyes k&oacute;rokoz&oacute;kkal szemben hat&eacute;kony inaktiv&aacute;lt vakcin&aacute;k kidolgoz&aacute;sa is lehets&eacute;ges. A kutat&aacute;s c&eacute;lja k&uuml;l&ouml;nf&eacute;le &aacute;llatfajok circo- &eacute;s parvov&iacute;rusaival szembeni vakcin&aacute;k el\u0151&aacute;ll&iacute;t&aacute;s&aacute;ra alkalmas protot&iacute;pus t&ouml;rzsek azonos&iacute;t&aacute;sa &eacute;s karakteriz&aacute;l&aacute;sa. Kapcsolattart&oacute;: dr. Cs&aacute;gola Attila, dr. Tuboly Tam&aacute;s<\/p>\n","protected":false},"author":6022,"featured_media":0,"parent":874,"menu_order":154,"comment_status":"closed","ping_status":"closed","template":"","meta":{"_acf_changed":false,"footnotes":""},"categories":[],"tags":[],"class_list":["post-11297","page","type-page","status-publish","hentry"],"acf":[],"_links":{"self":[{"href":"https:\/\/univet.hu\/hu\/wp-json\/wp\/v2\/pages\/11297","targetHints":{"allow":["GET"]}}],"collection":[{"href":"https:\/\/univet.hu\/hu\/wp-json\/wp\/v2\/pages"}],"about":[{"href":"https:\/\/univet.hu\/hu\/wp-json\/wp\/v2\/types\/page"}],"author":[{"embeddable":true,"href":"https:\/\/univet.hu\/hu\/wp-json\/wp\/v2\/users\/6022"}],"replies":[{"embeddable":true,"href":"https:\/\/univet.hu\/hu\/wp-json\/wp\/v2\/comments?post=11297"}],"version-history":[{"count":0,"href":"https:\/\/univet.hu\/hu\/wp-json\/wp\/v2\/pages\/11297\/revisions"}],"up":[{"embeddable":true,"href":"https:\/\/univet.hu\/hu\/wp-json\/wp\/v2\/pages\/874"}],"wp:attachment":[{"href":"https:\/\/univet.hu\/hu\/wp-json\/wp\/v2\/media?parent=11297"}],"wp:term":[{"taxonomy":"category","embeddable":true,"href":"https:\/\/univet.hu\/hu\/wp-json\/wp\/v2\/categories?post=11297"},{"taxonomy":"post_tag","embeddable":true,"href":"https:\/\/univet.hu\/hu\/wp-json\/wp\/v2\/tags?post=11297"}],"curies":[{"name":"wp","href":"https:\/\/api.w.org\/{rel}","templated":true}]}}