{"id":11298,"date":"2016-02-04T16:00:00","date_gmt":"2016-02-04T15:00:00","guid":{"rendered":"http:\/\/univet.hu\/kutatas\/temak\/hazai-meheszetekbol-izolalt-paenibacillus-larvae-torzsek-jellemzese\/"},"modified":"2016-02-04T16:00:00","modified_gmt":"2016-02-04T15:00:00","slug":"hazai-meheszetekbol-izolalt-paenibacillus-larvae-torzsek-jellemzese","status":"publish","type":"page","link":"https:\/\/univet.hu\/hu\/kutatas\/temak\/hazai-meheszetekbol-izolalt-paenibacillus-larvae-torzsek-jellemzese\/","title":{"rendered":"Hazai m\u00e9h\u00e9szetekb\u0151l izol\u00e1lt Paenibacillus larvae t\u00f6rzsek jellemz\u00e9se"},"content":{"rendered":"<p>A Paenibacillus larvae a m\u00e9zel\u0151 m\u00e9hek sz\u00e9les k\u00f6rben -\u00edgy haz\u00e1nkban is- el\u0151fordul\u00f3, nagy gazdas\u00e1gi k\u00e1rt\u00e9tellel j\u00e1r\u00f3 fert\u0151z\u0151 betegs\u00e9g\u00e9t a ny\u00fal\u00f3s k\u00f6lt\u00e9srothad\u00e1st id\u00e9zi el\u0151. Vizsg\u00e1lataink c\u00e9lja, Magyarorsz\u00e1g k\u00fcl\u00f6nb\u00f6z\u0151 ter\u00fcleteir\u0151l izol\u00e1lt t\u00f6rzsek fenot\u00edpusos \u00e9s genot\u00edpusos tulajdons\u00e1gainak jellemz\u00e9se.<br \/>Kapcsolattart\u00f3: Makrai L\u00e1szl\u00f3<\/p>","protected":false},"excerpt":{"rendered":"<p>A Paenibacillus larvae a m\u00e9zel\u0151 m\u00e9hek sz\u00e9les k\u00f6rben -\u00edgy haz\u00e1nkban is- el\u0151fordul\u00f3, nagy gazdas\u00e1gi k\u00e1rt\u00e9tellel j\u00e1r\u00f3 fert\u0151z\u0151 betegs\u00e9g\u00e9t a ny\u00fal\u00f3s k\u00f6lt\u00e9srothad\u00e1st id\u00e9zi el\u0151. Vizsg\u00e1lataink c\u00e9lja, Magyarorsz\u00e1g k\u00fcl\u00f6nb\u00f6z\u0151 ter\u00fcleteir\u0151l izol\u00e1lt t\u00f6rzsek fenot\u00edpusos \u00e9s genot\u00edpusos tulajdons\u00e1gainak jellemz\u00e9se.Kapcsolattart\u00f3: Makrai L\u00e1szl\u00f3<\/p>\n","protected":false},"author":6022,"featured_media":0,"parent":874,"menu_order":154,"comment_status":"closed","ping_status":"closed","template":"","meta":{"_acf_changed":false,"footnotes":""},"categories":[],"tags":[],"class_list":["post-11298","page","type-page","status-publish","hentry"],"acf":[],"_links":{"self":[{"href":"https:\/\/univet.hu\/hu\/wp-json\/wp\/v2\/pages\/11298","targetHints":{"allow":["GET"]}}],"collection":[{"href":"https:\/\/univet.hu\/hu\/wp-json\/wp\/v2\/pages"}],"about":[{"href":"https:\/\/univet.hu\/hu\/wp-json\/wp\/v2\/types\/page"}],"author":[{"embeddable":true,"href":"https:\/\/univet.hu\/hu\/wp-json\/wp\/v2\/users\/6022"}],"replies":[{"embeddable":true,"href":"https:\/\/univet.hu\/hu\/wp-json\/wp\/v2\/comments?post=11298"}],"version-history":[{"count":0,"href":"https:\/\/univet.hu\/hu\/wp-json\/wp\/v2\/pages\/11298\/revisions"}],"up":[{"embeddable":true,"href":"https:\/\/univet.hu\/hu\/wp-json\/wp\/v2\/pages\/874"}],"wp:attachment":[{"href":"https:\/\/univet.hu\/hu\/wp-json\/wp\/v2\/media?parent=11298"}],"wp:term":[{"taxonomy":"category","embeddable":true,"href":"https:\/\/univet.hu\/hu\/wp-json\/wp\/v2\/categories?post=11298"},{"taxonomy":"post_tag","embeddable":true,"href":"https:\/\/univet.hu\/hu\/wp-json\/wp\/v2\/tags?post=11298"}],"curies":[{"name":"wp","href":"https:\/\/api.w.org\/{rel}","templated":true}]}}