{"id":11303,"date":"2016-02-04T16:00:00","date_gmt":"2016-02-04T15:00:00","guid":{"rendered":"http:\/\/univet.hu\/kutatas\/temak\/haziallatokbol-izolalt-histophilus-somni-torzsek-osszehasonlito-vizsgalata\/"},"modified":"2016-02-04T16:00:00","modified_gmt":"2016-02-04T15:00:00","slug":"haziallatokbol-izolalt-histophilus-somni-torzsek-osszehasonlito-vizsgalata","status":"publish","type":"page","link":"https:\/\/univet.hu\/hu\/kutatas\/temak\/haziallatokbol-izolalt-histophilus-somni-torzsek-osszehasonlito-vizsgalata\/","title":{"rendered":"H\u00e1zi\u00e1llatokb\u00f3l izol\u00e1lt Histophilus somni t\u00f6rzsek \u00f6sszehasonl\u00edt\u00f3 vizsg\u00e1lata"},"content":{"rendered":"<p>A Histophilus somni t\u00f6rzsek borjakban l\u00e9gz\u0151szervi betegs\u00e9get \u00e9s thromboembolias meningoencephalitist, juhban mell\u00e9khere-\u00e9s heregyullad\u00e1st okozhatnak, de sz\u00f3rv\u00e1nyosan vet\u00e9l\u00e9sek h\u00e1tter\u00e9ben is kimutathat\u00f3k. A vizsg\u00e1latok c\u00e9lja, hogy a k\u00fcl\u00f6nb\u00f6z\u0151 \u00e1llatfajokb\u00f3l \u00e9s k\u00f3rk\u00e9pekb\u0151l sz\u00e1rmaz\u00f3 t\u00f6rzseket az anyagcsere-ujjlenyomatuk, valamint a t\u00f6rzsek genetikai k\u00fcl\u00f6nbs\u00e9gei alapj\u00e1n \u00f6sszehasonl\u00edtsuk.<br \/>Kapcsolattart\u00f3: Fodor L\u00e1szl\u00f3<\/p>","protected":false},"excerpt":{"rendered":"<p>A Histophilus somni t\u00f6rzsek borjakban l\u00e9gz\u0151szervi betegs\u00e9get \u00e9s thromboembolias meningoencephalitist, juhban mell\u00e9khere-\u00e9s heregyullad\u00e1st okozhatnak, de sz\u00f3rv\u00e1nyosan vet\u00e9l\u00e9sek h\u00e1tter\u00e9ben is kimutathat\u00f3k. A vizsg\u00e1latok c\u00e9lja, hogy a k\u00fcl\u00f6nb\u00f6z\u0151 \u00e1llatfajokb\u00f3l \u00e9s k\u00f3rk\u00e9pekb\u0151l sz\u00e1rmaz\u00f3 t\u00f6rzseket az anyagcsere-ujjlenyomatuk, valamint a t\u00f6rzsek genetikai k\u00fcl\u00f6nbs\u00e9gei alapj\u00e1n \u00f6sszehasonl\u00edtsuk.Kapcsolattart\u00f3: Fodor L\u00e1szl\u00f3<\/p>\n","protected":false},"author":6022,"featured_media":0,"parent":874,"menu_order":154,"comment_status":"closed","ping_status":"closed","template":"","meta":{"_acf_changed":false,"footnotes":""},"categories":[],"tags":[],"class_list":["post-11303","page","type-page","status-publish","hentry"],"acf":[],"_links":{"self":[{"href":"https:\/\/univet.hu\/hu\/wp-json\/wp\/v2\/pages\/11303","targetHints":{"allow":["GET"]}}],"collection":[{"href":"https:\/\/univet.hu\/hu\/wp-json\/wp\/v2\/pages"}],"about":[{"href":"https:\/\/univet.hu\/hu\/wp-json\/wp\/v2\/types\/page"}],"author":[{"embeddable":true,"href":"https:\/\/univet.hu\/hu\/wp-json\/wp\/v2\/users\/6022"}],"replies":[{"embeddable":true,"href":"https:\/\/univet.hu\/hu\/wp-json\/wp\/v2\/comments?post=11303"}],"version-history":[{"count":0,"href":"https:\/\/univet.hu\/hu\/wp-json\/wp\/v2\/pages\/11303\/revisions"}],"up":[{"embeddable":true,"href":"https:\/\/univet.hu\/hu\/wp-json\/wp\/v2\/pages\/874"}],"wp:attachment":[{"href":"https:\/\/univet.hu\/hu\/wp-json\/wp\/v2\/media?parent=11303"}],"wp:term":[{"taxonomy":"category","embeddable":true,"href":"https:\/\/univet.hu\/hu\/wp-json\/wp\/v2\/categories?post=11303"},{"taxonomy":"post_tag","embeddable":true,"href":"https:\/\/univet.hu\/hu\/wp-json\/wp\/v2\/tags?post=11303"}],"curies":[{"name":"wp","href":"https:\/\/api.w.org\/{rel}","templated":true}]}}