{"id":11304,"date":"2018-05-09T10:04:00","date_gmt":"2018-05-09T08:04:00","guid":{"rendered":"http:\/\/univet.hu\/kutatas\/temak\/hazinyul-tenyeszetek-termelokepessegenek-javitasa-genomikai-modszerekkel-2017-131-vke-2017-00026\/"},"modified":"2018-05-09T10:04:00","modified_gmt":"2018-05-09T08:04:00","slug":"hazinyul-tenyeszetek-termelokepessegenek-javitasa-genomikai-modszerekkel-2017-131-vke-2017-00026","status":"publish","type":"page","link":"https:\/\/univet.hu\/hu\/kutatas\/temak\/hazinyul-tenyeszetek-termelokepessegenek-javitasa-genomikai-modszerekkel-2017-131-vke-2017-00026\/","title":{"rendered":"H\u00e1ziny\u00fal teny\u00e9szetek termel\u0151k\u00e9pess\u00e9g\u00e9nek jav\u00edt\u00e1sa genomikai m\u00f3dszerekkel 2017-1.3.1-VKE-2017-00026"},"content":{"rendered":"<p>A nagy&uuml;zemi ny&uacute;lh&uacute;stermel&eacute;s aktu&aacute;lis probl&eacute;m&aacute;ja az antibiotikum n&eacute;lk&uuml;l intenz&iacute;ven hizlalhat&oacute; v&eacute;gterm&eacute;k genetika el\u0151&aacute;ll&iacute;t&aacute;sa. Az antibiotikumok rendszerszint\u0171 haszn&aacute;lat&aacute;t m&aacute;r most is jelent\u0151sen korl&aacute;tozza az EU, a k&ouml;zelj&ouml;v\u0151ben v&aacute;rhat&oacute;an m&eacute;g szigor&uacute;bb szab&aacute;lyoz&aacute;s l&eacute;p &eacute;letbe. A most termel\u0151 eur&oacute;pai &aacute;llom&aacute;nyok &eacute;lvonal&aacute;ba tartozik a magyar popul&aacute;ci&oacute;, de az &ouml;sszes t&ouml;bbi orsz&aacute;g &aacute;gazataihoz hasonl&oacute;an csak antibiotikumok seg&iacute;ts&eacute;g&eacute;vel k&eacute;pes a piaci ig&eacute;nyeknek megfelel\u0151 &aacute;r&uacute; &eacute;s min\u0151s&eacute;g\u0171 v&eacute;gterm&eacute;ket el\u0151&aacute;ll&iacute;tani.<\/p> <p>Az elm&uacute;lt &eacute;vekben bebizonyosodott, hogy jelenlegi t&ouml;rzs&aacute;llom&aacute;nyok differenci&aacute;lt szelekci&oacute;j&aacute;val el&eacute;rhet\u0151 az antibiotikum n&eacute;lk&uuml;l is biztons&aacute;gos intenz&iacute;v h&iacute;zlal&aacute;shoz sz&uuml;ks&eacute;ges genetikai el\u0151rehalad&aacute;s. A mucoid enteropathi&aacute;ra (epizootic rabbit enteropathy, ERE) nem hajlamos teny&eacute;szbakok jelenleg egyetlen francia genetika forgalmaz&oacute;j&aacute;t&oacute;l v&aacute;s&aacute;rolhat&oacute;ak meg igen magas &aacute;ron.<\/p> <p>A fert\u0151z\u0151 betegs&eacute;gek okozta vesztes&eacute;gek cs&ouml;kkent&eacute;s&eacute;nek m&aacute;sik m&oacute;dja a k&oacute;rokoz&oacute;kat t&uuml;netmentesen hordoz&oacute; teny&eacute;sz&aacute;llatok selejtez&eacute;se.<\/p> <p>A projekt els\u0151 l&eacute;p&eacute;se egy modern, r&aacute;di&oacute;frekvenci&aacute;s azonos&iacute;t&oacute; rendszerre (RFID csip) &eacute;s telepi k&ouml;r&uuml;lm&eacute;nyek k&ouml;z&ouml;tt is haszn&aacute;lhat&oacute; hardver &eacute;s szoftver rendszer kialak&iacute;t&aacute;sa. Ez&aacute;ltal a lesz&aacute;rmaz&aacute;si viszonyok, a t&ouml;rzs&aacute;llom&aacute;nyok &eacute;s a v&eacute;gterm&eacute;k szapor&iacute;t&aacute;s&aacute;ra haszn&aacute;lt &aacute;llom&aacute;nyok termel&eacute;si adatai ak&aacute;r t&ouml;bb t&iacute;zezres l&eacute;tsz&aacute;m&uacute; teny&eacute;szetekben is egyszer\u0171en nyomon k&ouml;vethet\u0151v&eacute; v&aacute;lnak. A jelenleg m&aacute;r rendelkez&eacute;sre &aacute;ll&oacute; technol&oacute;gi&aacute;k &ouml;sszehangol&aacute;s&aacute;val ez megval&oacute;s&iacute;that&oacute;.<\/p> <p>M&aacute;sodik l&eacute;p&eacute;sk&eacute;nt genomikai m&oacute;dszerekkel fejlesztett DNS markerekkel meggyors&iacute;tva szeretn&eacute;nk kiszelekt&aacute;lni az alkalmas nucleus popul&aacute;ci&oacute;kat. A Mez\u0151gazdas&aacute;gi Biotechnol&oacute;giai K&ouml;zpont kor&aacute;bban sikeresen alkalmazta ezeket a technik&aacute;kat mangalica sert&eacute;s &eacute;s h&aacute;zim&eacute;h &aacute;llom&aacute;nyokban. A modern molekul&aacute;ris biol&oacute;giai m&oacute;dszerekkel seg&iacute;tett nemes&iacute;t&eacute;s sor&aacute;n l&eacute;trej&ouml;v\u0151 &uacute;j fajtajel&ouml;lteknek a jelenleg a piacon l&eacute;v\u0151 fajt&aacute;knak megfelel\u0151, vagy ann&aacute;l jobb tulajdons&aacute;gokat kell mutatniuk. Ezen c&eacute;lok bel&aacute;that&oacute; id\u0151n val&oacute; el&eacute;r&eacute;s&eacute;hez el\u0151sz&ouml;r fel kell t&eacute;rk&eacute;pezn&uuml;nk a hazai ny&uacute;l &aacute;llom&aacute;nyok genomj&aacute;t teljes genomszekven&aacute;l&aacute;s seg&iacute;ts&eacute;g&eacute;vel. Az &iacute;gy l&eacute;trehozott genomszekvencia adatb&aacute;zis bioinformatikai anal&iacute;zis&eacute;vel meg tudjuk hat&aacute;rozni azokat a szekvencia k&uuml;l&ouml;nbs&eacute;geket, melyeket a k&eacute;s\u0151bbiekben gyakorlati DNS markerez&eacute;si feladatokhoz tudunk felhaszn&aacute;lni (SNP, STR markerek). A m&aacute;sik k&ouml;zvetlen haszna a genomanal&iacute;zisnek, hogy a kor&aacute;bban m&aacute;r ny&uacute;lban publik&aacute;lt, illetve m&aacute;r m&aacute;s rokonfajokban (sert&eacute;s, ember, eg&eacute;r, patk&aacute;ny stb.) le&iacute;rt molekul&aacute;ris markereket gyorsan tudjuk a nemzetk&ouml;zi irodalomb&oacute;l adapt&aacute;lni &eacute;s bekapcsolni a hazai ny&uacute;lteny&eacute;szt&eacute;si folyamatokba. Teljes transzkriptomikai vizsg&aacute;latokal felder&iacute;thet\u0151, hogy a gazdas&aacute;gilag jelent\u0151s tulajdons&aacute;gok m&ouml;g&ouml;tt hogy milyen &eacute;lettani folyamtok j&aacute;tszanak szerepet, &eacute;s mely g&eacute;nek felel\u0151sek &eacute;rte.<\/p> <p>Ezzel p&aacute;rhuzamosan v&eacute;gzett harmadik l&eacute;p&eacute;sk&eacute;nt az &Aacute;llatorvostudom&aacute;nyi Egyetemen m&aacute;r jelenleg is el&eacute;rhet\u0151 &aacute;llateg&eacute;szs&eacute;g&uuml;gyi-diagnosztikai kapacit&aacute;s fejleszt&eacute;s&eacute;vel t&ouml;meges sz\u0171r\u0151vizsg&aacute;latokkal v&aacute;logatn&aacute;nk ki a virulens k&oacute;rokoz&oacute; v&aacute;ltozatokat t&uuml;netmentesen hordoz&oacute; egyedeket. Az RFID egyedi azonos&iacute;t&oacute; rendszer azt is lehet\u0151v&eacute; teszi, hogy a betegs&eacute;gek hordoz&aacute;s&aacute;ra hajlamos ut&oacute;dokat l&eacute;trehoz&oacute; d&eacute;dsz&uuml;l\u0151 vagy nagysz&uuml;l\u0151 egyedeket is tudjuk azonos&iacute;tani.<\/p> <p>V&eacute;g&uuml;l a betegs&eacute;geknek ellen&aacute;ll&oacute; genetikai &aacute;llom&aacute;ny&uacute;, virulens k&oacute;rokoz&oacute;kat nem hordoz&oacute; &aacute;llom&aacute;ny termel&eacute;si param&eacute;terek jav&iacute;t&aacute;sa &eacute;rdek&eacute;ben v&eacute;gzett &uacute;jabb szelekci&oacute;j&aacute;t &ouml;sszes mikroszatellit (STR) marker azonos&iacute;t&aacute;s&aacute;val (QDD), illetve nagy felbont&aacute;s&uacute; egypontos nukleotid polimorfizmusokat (SNP) vizsg&aacute;lva v&eacute;gezn&eacute;nk el.<\/p> <p>&nbsp;<\/p>","protected":false},"excerpt":{"rendered":"<p>A nagy&uuml;zemi ny&uacute;lh&uacute;stermel&eacute;s aktu&aacute;lis probl&eacute;m&aacute;ja az antibiotikum n&eacute;lk&uuml;l intenz&iacute;ven hizlalhat&oacute; v&eacute;gterm&eacute;k genetika el\u0151&aacute;ll&iacute;t&aacute;sa. Az antibiotikumok rendszerszint\u0171 haszn&aacute;lat&aacute;t m&aacute;r most is jelent\u0151sen korl&aacute;tozza az EU, a k&ouml;zelj&ouml;v\u0151ben v&aacute;rhat&oacute;an m&eacute;g szigor&uacute;bb szab&aacute;lyoz&aacute;s l&eacute;p &eacute;letbe. A most termel\u0151 eur&oacute;pai &aacute;llom&aacute;nyok &eacute;lvonal&aacute;ba tartozik a magyar popul&aacute;ci&oacute;, de az &ouml;sszes t&ouml;bbi orsz&aacute;g &aacute;gazataihoz hasonl&oacute;an csak antibiotikumok seg&iacute;ts&eacute;g&eacute;vel k&eacute;pes a piaci<\/p>\n","protected":false},"author":6022,"featured_media":0,"parent":874,"menu_order":154,"comment_status":"closed","ping_status":"closed","template":"","meta":{"_acf_changed":false,"footnotes":""},"categories":[],"tags":[],"class_list":["post-11304","page","type-page","status-publish","hentry"],"acf":[],"_links":{"self":[{"href":"https:\/\/univet.hu\/hu\/wp-json\/wp\/v2\/pages\/11304","targetHints":{"allow":["GET"]}}],"collection":[{"href":"https:\/\/univet.hu\/hu\/wp-json\/wp\/v2\/pages"}],"about":[{"href":"https:\/\/univet.hu\/hu\/wp-json\/wp\/v2\/types\/page"}],"author":[{"embeddable":true,"href":"https:\/\/univet.hu\/hu\/wp-json\/wp\/v2\/users\/6022"}],"replies":[{"embeddable":true,"href":"https:\/\/univet.hu\/hu\/wp-json\/wp\/v2\/comments?post=11304"}],"version-history":[{"count":0,"href":"https:\/\/univet.hu\/hu\/wp-json\/wp\/v2\/pages\/11304\/revisions"}],"up":[{"embeddable":true,"href":"https:\/\/univet.hu\/hu\/wp-json\/wp\/v2\/pages\/874"}],"wp:attachment":[{"href":"https:\/\/univet.hu\/hu\/wp-json\/wp\/v2\/media?parent=11304"}],"wp:term":[{"taxonomy":"category","embeddable":true,"href":"https:\/\/univet.hu\/hu\/wp-json\/wp\/v2\/categories?post=11304"},{"taxonomy":"post_tag","embeddable":true,"href":"https:\/\/univet.hu\/hu\/wp-json\/wp\/v2\/tags?post=11304"}],"curies":[{"name":"wp","href":"https:\/\/api.w.org\/{rel}","templated":true}]}}