{"id":11305,"date":"2016-02-04T16:00:00","date_gmt":"2016-02-04T15:00:00","guid":{"rendered":"http:\/\/univet.hu\/kutatas\/temak\/hepatitis-e-virus-fertozottseg-elelmiszer-termelo-allatokban\/"},"modified":"2016-02-04T16:00:00","modified_gmt":"2016-02-04T15:00:00","slug":"hepatitis-e-virus-fertozottseg-elelmiszer-termelo-allatokban","status":"publish","type":"page","link":"https:\/\/univet.hu\/hu\/kutatas\/temak\/hepatitis-e-virus-fertozottseg-elelmiszer-termelo-allatokban\/","title":{"rendered":"Hepatitis E v\u00edrus fert\u0151z\u00f6tts\u00e9g \u00e9lelmiszer-termel\u0151 \u00e1llatokban"},"content":{"rendered":"<p>A hepatitis E v\u00edrus emberekben heveny t\u00fcnetekkel j\u00e1r\u00f3 m\u00e1jgyullad\u00e1st okoz. A 3. \u00e9s 4. genot\u00edpusba sorolt t\u00f6rzsei zoonotikusak: f\u0151 rezervo\u00e1r fajok a sert\u00e9s, vaddiszn\u00f3 \u00e9s vadon \u00e9l\u0151 k\u00e9r\u0151dz\u0151k, de szerol\u00f3giai \u00e1thangol\u00f3d\u00e1st m\u00e1s \u00e9lelmiszer-termel\u0151 fajokban is (szarvasmarha, kisk\u00e9r\u0151dz\u0151k, ny\u00fal) kimutattak. \u00c1llatokban a fert\u0151z\u00e9s t\u00fcnetmentes, ez\u00e1ltal \u00e9lelmiszer-biztons\u00e1gi kock\u00e1zatot jelent.<\/p> <p>A kutat\u00e1st (A hepatitis E v\u00edrus \u00e1llat-eg\u00e9szs\u00e9g\u00fcgyi \u00e9s \u00e9lelmiszer-biztons\u00e1gi jelent\u0151s\u00e9ge sert\u00e9sben \u00e9s ny\u00falban) az OTKA t\u00e1mogatja (2014-2017).<\/p> <p>Kapcsolattart\u00f3: Forg\u00e1ch Petra<\/p>","protected":false},"excerpt":{"rendered":"<p>A hepatitis E v\u00edrus emberekben heveny t\u00fcnetekkel j\u00e1r\u00f3 m\u00e1jgyullad\u00e1st okoz. A 3. \u00e9s 4. genot\u00edpusba sorolt t\u00f6rzsei zoonotikusak: f\u0151 rezervo\u00e1r fajok a sert\u00e9s, vaddiszn\u00f3 \u00e9s vadon \u00e9l\u0151 k\u00e9r\u0151dz\u0151k, de szerol\u00f3giai \u00e1thangol\u00f3d\u00e1st m\u00e1s \u00e9lelmiszer-termel\u0151 fajokban is (szarvasmarha, kisk\u00e9r\u0151dz\u0151k, ny\u00fal) kimutattak. \u00c1llatokban a fert\u0151z\u00e9s t\u00fcnetmentes, ez\u00e1ltal \u00e9lelmiszer-biztons\u00e1gi kock\u00e1zatot jelent. A kutat\u00e1st (A hepatitis E v\u00edrus \u00e1llat-eg\u00e9szs\u00e9g\u00fcgyi \u00e9s<\/p>\n","protected":false},"author":6022,"featured_media":0,"parent":874,"menu_order":154,"comment_status":"closed","ping_status":"closed","template":"","meta":{"_acf_changed":false,"footnotes":""},"categories":[],"tags":[],"class_list":["post-11305","page","type-page","status-publish","hentry"],"acf":[],"_links":{"self":[{"href":"https:\/\/univet.hu\/hu\/wp-json\/wp\/v2\/pages\/11305","targetHints":{"allow":["GET"]}}],"collection":[{"href":"https:\/\/univet.hu\/hu\/wp-json\/wp\/v2\/pages"}],"about":[{"href":"https:\/\/univet.hu\/hu\/wp-json\/wp\/v2\/types\/page"}],"author":[{"embeddable":true,"href":"https:\/\/univet.hu\/hu\/wp-json\/wp\/v2\/users\/6022"}],"replies":[{"embeddable":true,"href":"https:\/\/univet.hu\/hu\/wp-json\/wp\/v2\/comments?post=11305"}],"version-history":[{"count":0,"href":"https:\/\/univet.hu\/hu\/wp-json\/wp\/v2\/pages\/11305\/revisions"}],"up":[{"embeddable":true,"href":"https:\/\/univet.hu\/hu\/wp-json\/wp\/v2\/pages\/874"}],"wp:attachment":[{"href":"https:\/\/univet.hu\/hu\/wp-json\/wp\/v2\/media?parent=11305"}],"wp:term":[{"taxonomy":"category","embeddable":true,"href":"https:\/\/univet.hu\/hu\/wp-json\/wp\/v2\/categories?post=11305"},{"taxonomy":"post_tag","embeddable":true,"href":"https:\/\/univet.hu\/hu\/wp-json\/wp\/v2\/tags?post=11305"}],"curies":[{"name":"wp","href":"https:\/\/api.w.org\/{rel}","templated":true}]}}