{"id":11309,"date":"2016-02-04T16:00:00","date_gmt":"2016-02-04T15:00:00","guid":{"rendered":"http:\/\/univet.hu\/kutatas\/temak\/hormonfuggo-gliareakciok-a-nucl-interpeduncularisban\/"},"modified":"2016-02-04T16:00:00","modified_gmt":"2016-02-04T15:00:00","slug":"hormonfuggo-gliareakciok-a-nucl-interpeduncularisban","status":"publish","type":"page","link":"https:\/\/univet.hu\/hu\/kutatas\/temak\/hormonfuggo-gliareakciok-a-nucl-interpeduncularisban\/","title":{"rendered":"Hormonf\u00fcgg\u0151 gliareakci\u00f3k a nucl. interpeduncularisban"},"content":{"rendered":"<p>Haj\u00f3s F., Halasy, K., Gerics, B. and Szalay, F. (1999) Glial fibrillary acidic protein (GFAP)-immunoreactivity is reduced by castration in the interpeduncular nucleus of male rats. Neuroreport 10, 2229-33<\/p> <p>Haj\u00f3s, F., Halasy, K., Gerics, B., Szalay, F., Michaloudi, E. and Papadopoulos, G.C. (2000) Ovarian cycle-related changes of glial fibrillary acidic protein (GFAP) immunoreactivity in the rat interpeduncular nucleus. Brain Res. 862, 43-8<\/p>","protected":false},"excerpt":{"rendered":"<p>Haj\u00f3s F., Halasy, K., Gerics, B. and Szalay, F. (1999) Glial fibrillary acidic protein (GFAP)-immunoreactivity is reduced by castration in the interpeduncular nucleus of male rats. Neuroreport 10, 2229-33 Haj\u00f3s, F., Halasy, K., Gerics, B., Szalay, F., Michaloudi, E. and Papadopoulos, G.C. (2000) Ovarian cycle-related changes of glial fibrillary acidic protein (GFAP) immunoreactivity in the<\/p>\n","protected":false},"author":6022,"featured_media":0,"parent":874,"menu_order":154,"comment_status":"closed","ping_status":"closed","template":"","meta":{"_acf_changed":false,"footnotes":""},"categories":[],"tags":[],"class_list":["post-11309","page","type-page","status-publish","hentry"],"acf":[],"_links":{"self":[{"href":"https:\/\/univet.hu\/hu\/wp-json\/wp\/v2\/pages\/11309","targetHints":{"allow":["GET"]}}],"collection":[{"href":"https:\/\/univet.hu\/hu\/wp-json\/wp\/v2\/pages"}],"about":[{"href":"https:\/\/univet.hu\/hu\/wp-json\/wp\/v2\/types\/page"}],"author":[{"embeddable":true,"href":"https:\/\/univet.hu\/hu\/wp-json\/wp\/v2\/users\/6022"}],"replies":[{"embeddable":true,"href":"https:\/\/univet.hu\/hu\/wp-json\/wp\/v2\/comments?post=11309"}],"version-history":[{"count":0,"href":"https:\/\/univet.hu\/hu\/wp-json\/wp\/v2\/pages\/11309\/revisions"}],"up":[{"embeddable":true,"href":"https:\/\/univet.hu\/hu\/wp-json\/wp\/v2\/pages\/874"}],"wp:attachment":[{"href":"https:\/\/univet.hu\/hu\/wp-json\/wp\/v2\/media?parent=11309"}],"wp:term":[{"taxonomy":"category","embeddable":true,"href":"https:\/\/univet.hu\/hu\/wp-json\/wp\/v2\/categories?post=11309"},{"taxonomy":"post_tag","embeddable":true,"href":"https:\/\/univet.hu\/hu\/wp-json\/wp\/v2\/tags?post=11309"}],"curies":[{"name":"wp","href":"https:\/\/api.w.org\/{rel}","templated":true}]}}