{"id":11311,"date":"2016-02-04T16:00:00","date_gmt":"2016-02-04T15:00:00","guid":{"rendered":"http:\/\/univet.hu\/kutatas\/temak\/immunologiai-kutatasok\/"},"modified":"2019-02-07T11:18:12","modified_gmt":"2019-02-07T10:18:12","slug":"immunologiai-kutatasok","status":"publish","type":"page","link":"https:\/\/univet.hu\/hu\/kutatas\/temak\/immunologiai-kutatasok\/","title":{"rendered":"Immunol\u00f3giai kutat\u00e1sok"},"content":{"rendered":"<p><strong>A sert\u00e9s circov\u00edrusok t\u00e1rsfert\u0151z\u00e9seinek tanulm\u00e1nyoz\u00e1sa<\/strong><\/p> <p>&nbsp;<\/p> <p>A circov\u00edrus fert\u0151z\u00e9sek jelent\u0151s immunszuppresszi\u00f3t induk\u00e1lnak az \u00e1llat szervezet\u00e9ben, teret adva olyan k\u00f3rokoz\u00f3k sz\u00e1m\u00e1ra, amelyek circov\u00edrus mentes \u00e1llatokban nem vagy csak enyh\u00e9bb form\u00e1ban okozn\u00e1nak megbeteged\u00e9seket.<br \/> Kapcsolattart\u00f3: dr. L\u0151rincz M\u00e1rta<\/p> <p>Tansz\u00e9k:\u00a0<a href=\"https:\/\/univet.hu\/hu\/egyetem\/szervezeti-egysegek\/jarvanytani-es-mikrobiologiai-tanszek\" data-replaced=\"true\" \"true\">J\u00e1rv\u00e1nytani \u00e9s Mikrobiol\u00f3giai Tansz\u00e9k<\/a><\/p> <p>&nbsp;<\/p> <p><strong>Kutya \u00e9s macska parvov\u00edrusok genetikai v\u00e1ltoz\u00e9konys\u00e1ga<\/strong><\/p> <p>&nbsp;<\/p> <p>A rendszeres vakcin\u00e1z\u00e1sok szelekt\u00e1l\u00f3 hat\u00e1sa r\u00e9v\u00e9n az oltott egyedekben a parvov\u00edrusok \u00fajabb genetikai \u00e9s antig\u00e9n szerkezeti vari\u00e1nsai jelennek meg. A kutat\u00e1s c\u00e9lja ezeknek a vari\u00e1nsoknak a felt\u00e9rk\u00e9pez\u00e9se \u00e9s a potenci\u00e1lis vakcina jel\u00f6ltek meghat\u00e1roz\u00e1sa.<br \/> Kapcsolattart\u00f3: dr. L\u0151rincz M\u00e1rta<\/p> <p>Tansz\u00e9k:\u00a0<a href=\"https:\/\/univet.hu\/hu\/egyetem\/szervezeti-egysegek\/jarvanytani-es-mikrobiologiai-tanszek\" data-replaced=\"true\" \"true\">J\u00e1rv\u00e1nytani \u00e9s Mikrobiol\u00f3giai Tansz\u00e9k<\/a><\/p> <p><strong>\u00a0<\/strong><\/p> <p><strong>Sert\u00e9s circov\u00edrusok evol\u00faci\u00f3ja<\/strong><\/p> <p>&nbsp;<\/p> <p>A circov\u00edrusok evol\u00faci\u00f3ja tov\u00e1bbra is sz\u00e1mos megv\u00e1laszolatlan k\u00e9rd\u00e9st vet fel. A kutat\u00e1s c\u00e9lja a sert\u00e9s circov\u00edrus evol\u00faci\u00f3j\u00e1nak a tanulm\u00e1nyoz\u00e1sa a term\u00e9szetes gazdafajok megismer\u00e9s\u00e9vel \u00e9s a lehets\u00e9ges k\u00f6z\u00f6s \u0151s meghat\u00e1roz\u00e1s\u00e1val.<br \/> Kapcsolattart\u00f3: dr. L\u0151rincz M\u00e1rta<\/p> <p>Tansz\u00e9k:\u00a0<a href=\"https:\/\/univet.hu\/hu\/egyetem\/szervezeti-egysegek\/jarvanytani-es-mikrobiologiai-tanszek\" data-replaced=\"true\" \"true\">J\u00e1rv\u00e1nytani \u00e9s Mikrobiol\u00f3giai Tansz\u00e9k<\/a><\/p> <p><strong>\u00a0<\/strong><\/p> <p>&nbsp;<\/p> <p><strong>\u00daj t\u00edpus\u00fa sert\u00e9s parvov\u00edrus fert\u0151z\u00e9sek kimutat\u00e1sa \u00e9s vizsg\u00e1lata<\/strong><\/p> <p>&nbsp;<\/p> <p>A kor\u00e1bbiakban egyed\u00fclik\u00e9nt sz\u00e1mon tartott sert\u00e9s parvov\u00edrus 1 (PPV1) mellett az ut\u00f3bbi \u00e9vekben \u00fajabb parvov\u00edrusok (PPV2, PPV3, PPV4, PPV5, PPV6, PPV7) \u00e9s vel\u00fck rokon sert\u00e9s bocaparvov\u00edrusok jelentek meg. A kutat\u00e1s c\u00e9lja az \u00faj v\u00edrusok lehets\u00e9ges k\u00f3rokoz\u00f3 szerep\u00e9nek a tiszt\u00e1z\u00e1sa.<br \/> Kapcsolattart\u00f3: dr. L\u0151rincz M\u00e1rta<\/p> <p>Tansz\u00e9k:\u00a0<a href=\"https:\/\/univet.hu\/hu\/egyetem\/szervezeti-egysegek\/jarvanytani-es-mikrobiologiai-tanszek\" data-replaced=\"true\" \"true\">J\u00e1rv\u00e1nytani \u00e9s Mikrobiol\u00f3giai Tansz\u00e9k<\/a><\/p> <p>&nbsp;<\/p> <p><strong>Hepatitis E v\u00edrus el\u0151fordul\u00e1sa \u00e1llatokban<\/strong><\/p> <p>&nbsp;<\/p> <p>A Hepatitis E v\u00edrus heveny m\u00e1jgyullad\u00e1st okozhat emberekben . A v\u00edrus f\u0151 rezervo\u00e1r faja a sert\u00e9s, de a szerol\u00f3giai \u00e1thangol\u00f3d\u00e1s a kedvtel\u00e9sb\u0151l tartott \u00e1llatfajokban (f\u0151k\u00e9nt kutya \u00e9s macska) is megfigyelhet\u0151. A kutat\u00e1s c\u00e9lja, hogy ezen \u00e1llatfajoknak a szerep\u00e9t tiszt\u00e1zzuk az emberi megbeteged\u00e9sekben.<\/p> <p>Kapcsolattart\u00f3: dr. Sz\u00fccs-Somly\u00f3 \u00c9va, dr. L\u0151rincz M\u00e1rta<\/p> <p>Tansz\u00e9k:\u00a0<a href=\"https:\/\/univet.hu\/hu\/egyetem\/szervezeti-egysegek\/jarvanytani-es-mikrobiologiai-tanszek\" data-replaced=\"true\" \"true\">J\u00e1rv\u00e1nytani \u00e9s Mikrobiol\u00f3giai Tansz\u00e9k<\/a><\/p> <p>&nbsp;<\/p> <p><strong>Sert\u00e9sekben el\u0151fordul\u00f3 coronav\u00edrusok<\/strong><\/p> <p>&nbsp;<\/p> <p>A sert\u00e9s\u00e1llom\u00e1nyokban el\u0151fordul\u00f3 coronav\u00edrusok genetikai \u00e1llom\u00e1ny\u00e1nak felt\u00e9rk\u00e9pez\u00e9se fontos a v\u00edrusokra jellemz\u0151 nagy ar\u00e1ny\u00fa rekombin\u00e1ci\u00f3s k\u00e9szs\u00e9g miatt. A kutat\u00e1s c\u00e9lja az \u00faj v\u00e1ltozatok jellemz\u00e9se \u00e9s lehets\u00e9ges k\u00f3rokoz\u00f3 szerep\u00fck tiszt\u00e1z\u00e1sa.<\/p> <p>Kapcsolattart\u00f3: dr. Valk\u00f3 Anna<\/p> <p>Tansz\u00e9k:\u00a0<a href=\"https:\/\/univet.hu\/hu\/egyetem\/szervezeti-egysegek\/jarvanytani-es-mikrobiologiai-tanszek\" data-replaced=\"true\" \"true\">J\u00e1rv\u00e1nytani \u00e9s Mikrobiol\u00f3giai Tansz\u00e9k<\/a><\/p> <p>&nbsp;<\/p> <p><strong>Pre \u00e9s probiotikumok hat\u00e1sa az autoimmun betegs\u00e9gekre<\/strong><\/p> <p>&nbsp;<\/p> <p>A pro- \u00e9s prebiotikumok szed\u00e9s\u00e9t j\u00f3t\u00e9kony hat\u00e1s\u00fanak tal\u00e1lt\u00e1k hum\u00e1n autoimmun betegs\u00e9gek eset\u00e9ben. A kutat\u00e1s c\u00e9lja ezen hat\u00e1s vizsg\u00e1lata kuty\u00e1k hasonl\u00f3 megbeteged\u00e9seiben.<\/p> <p>Kapcsolattart\u00f3: dr. L\u0151rincz M\u00e1rta<\/p> <p>Tansz\u00e9k:\u00a0<a href=\"https:\/\/univet.hu\/hu\/egyetem\/szervezeti-egysegek\/jarvanytani-es-mikrobiologiai-tanszek\" data-replaced=\"true\" \"true\">J\u00e1rv\u00e1nytani \u00e9s Mikrobiol\u00f3giai Tansz\u00e9k<\/a><\/p>","protected":false},"excerpt":{"rendered":"<p>A sert\u00e9s circov\u00edrusok t\u00e1rsfert\u0151z\u00e9seinek tanulm\u00e1nyoz\u00e1sa &nbsp; A circov\u00edrus fert\u0151z\u00e9sek jelent\u0151s immunszuppresszi\u00f3t induk\u00e1lnak az \u00e1llat szervezet\u00e9ben, teret adva olyan k\u00f3rokoz\u00f3k sz\u00e1m\u00e1ra, amelyek circov\u00edrus mentes \u00e1llatokban nem vagy csak enyh\u00e9bb form\u00e1ban okozn\u00e1nak megbeteged\u00e9seket. Kapcsolattart\u00f3: dr. L\u0151rincz M\u00e1rta Tansz\u00e9k:\u00a0J\u00e1rv\u00e1nytani \u00e9s Mikrobiol\u00f3giai Tansz\u00e9k &nbsp; Kutya \u00e9s macska parvov\u00edrusok genetikai v\u00e1ltoz\u00e9konys\u00e1ga &nbsp; A rendszeres vakcin\u00e1z\u00e1sok szelekt\u00e1l\u00f3 hat\u00e1sa r\u00e9v\u00e9n az oltott<\/p>\n","protected":false},"author":6022,"featured_media":0,"parent":874,"menu_order":154,"comment_status":"closed","ping_status":"closed","template":"","meta":{"_acf_changed":false,"footnotes":""},"categories":[],"tags":[],"class_list":["post-11311","page","type-page","status-publish","hentry"],"acf":[],"_links":{"self":[{"href":"https:\/\/univet.hu\/hu\/wp-json\/wp\/v2\/pages\/11311","targetHints":{"allow":["GET"]}}],"collection":[{"href":"https:\/\/univet.hu\/hu\/wp-json\/wp\/v2\/pages"}],"about":[{"href":"https:\/\/univet.hu\/hu\/wp-json\/wp\/v2\/types\/page"}],"author":[{"embeddable":true,"href":"https:\/\/univet.hu\/hu\/wp-json\/wp\/v2\/users\/6022"}],"replies":[{"embeddable":true,"href":"https:\/\/univet.hu\/hu\/wp-json\/wp\/v2\/comments?post=11311"}],"version-history":[{"count":0,"href":"https:\/\/univet.hu\/hu\/wp-json\/wp\/v2\/pages\/11311\/revisions"}],"up":[{"embeddable":true,"href":"https:\/\/univet.hu\/hu\/wp-json\/wp\/v2\/pages\/874"}],"wp:attachment":[{"href":"https:\/\/univet.hu\/hu\/wp-json\/wp\/v2\/media?parent=11311"}],"wp:term":[{"taxonomy":"category","embeddable":true,"href":"https:\/\/univet.hu\/hu\/wp-json\/wp\/v2\/categories?post=11311"},{"taxonomy":"post_tag","embeddable":true,"href":"https:\/\/univet.hu\/hu\/wp-json\/wp\/v2\/tags?post=11311"}],"curies":[{"name":"wp","href":"https:\/\/api.w.org\/{rel}","templated":true}]}}