{"id":11312,"date":"2016-02-04T16:00:00","date_gmt":"2016-02-04T15:00:00","guid":{"rendered":"http:\/\/univet.hu\/kutatas\/temak\/in-vitro-metabolizmus-farmakokinettka-kutatocsoport\/"},"modified":"2020-11-26T15:35:09","modified_gmt":"2020-11-26T14:35:09","slug":"in-vitro-metabolizmus-farmakokinettka-kutatocsoport","status":"publish","type":"page","link":"https:\/\/univet.hu\/hu\/kutatas\/temak\/in-vitro-metabolizmus-farmakokinettka-kutatocsoport\/","title":{"rendered":"IN VITRO METABOLIZMUS FARMAKOKINETTKA KUTAT\u00d3CSOPORT"},"content":{"rendered":"<p>Kutat\u00f3csoport vezet\u0151: Csik\u00f3 Gy\u00f6rgy<\/p> <p>Kutat\u00e1si ter\u00fcletek:<br \/> Gy\u00f3gyszer\u00e9szeti tudom\u00e1nyok, Klinikai gy\u00f3gyszertan, Gy\u00f3gyszerk\u00e9mia, \u00c1llat-gy\u00f3gyszertan, \u00c1llatorvosi gy\u00f3gyszertan, Zoon\u00f3zisok megel\u0151z\u0151se, Farmakokinetika<br \/> Gy\u00f3gyszer-metabolizmus, Hozamfokoz\u00f3k<\/p> <p>Hossz\u00fat\u00e1v\u00fa egy\u00fcttm\u0171k\u00f6d\u00e9sek:<br \/> MTA K\u00e9miai Kutat\u00f3k\u00f6zpont<br \/> Analkrom Kft<br \/> Innsbrucki Orvostudom\u00e1nyi Egyetem (Ausztria)<br \/> Hannoveri \u00c1llatorvostudom\u00e1nyi F\u0151iskola (N\u00e9metorsz\u00e1g)<\/p> <p>Ig\u00e9nyelhet\u0151 szolg\u00e1ltat\u00e1sok:<br \/> takarm\u00e1nyadal\u00e9kok hat\u00e1svizsg\u00e1lata szaktan\u00e1csad\u00e1s<br \/> hepatocita izol\u00e1l\u00e1s<br \/> Cyp 450 PCR<br \/> egyes hat\u00f3anyagok mikr\u00f3baellenes hat\u00e1s\u00e1nak vizsg\u00e1lata<\/p>","protected":false},"excerpt":{"rendered":"<p>Kutat\u00f3csoport vezet\u0151: Csik\u00f3 Gy\u00f6rgy Kutat\u00e1si ter\u00fcletek: Gy\u00f3gyszer\u00e9szeti tudom\u00e1nyok, Klinikai gy\u00f3gyszertan, Gy\u00f3gyszerk\u00e9mia, \u00c1llat-gy\u00f3gyszertan, \u00c1llatorvosi gy\u00f3gyszertan, Zoon\u00f3zisok megel\u0151z\u0151se, Farmakokinetika Gy\u00f3gyszer-metabolizmus, Hozamfokoz\u00f3k Hossz\u00fat\u00e1v\u00fa egy\u00fcttm\u0171k\u00f6d\u00e9sek: MTA K\u00e9miai Kutat\u00f3k\u00f6zpont Analkrom Kft Innsbrucki Orvostudom\u00e1nyi Egyetem (Ausztria) Hannoveri \u00c1llatorvostudom\u00e1nyi F\u0151iskola (N\u00e9metorsz\u00e1g) Ig\u00e9nyelhet\u0151 szolg\u00e1ltat\u00e1sok: takarm\u00e1nyadal\u00e9kok hat\u00e1svizsg\u00e1lata szaktan\u00e1csad\u00e1s hepatocita izol\u00e1l\u00e1s Cyp 450 PCR egyes hat\u00f3anyagok mikr\u00f3baellenes hat\u00e1s\u00e1nak vizsg\u00e1lata<\/p>\n","protected":false},"author":6022,"featured_media":0,"parent":874,"menu_order":154,"comment_status":"closed","ping_status":"closed","template":"","meta":{"_acf_changed":false,"footnotes":""},"categories":[],"tags":[],"class_list":["post-11312","page","type-page","status-publish","hentry"],"acf":[],"_links":{"self":[{"href":"https:\/\/univet.hu\/hu\/wp-json\/wp\/v2\/pages\/11312","targetHints":{"allow":["GET"]}}],"collection":[{"href":"https:\/\/univet.hu\/hu\/wp-json\/wp\/v2\/pages"}],"about":[{"href":"https:\/\/univet.hu\/hu\/wp-json\/wp\/v2\/types\/page"}],"author":[{"embeddable":true,"href":"https:\/\/univet.hu\/hu\/wp-json\/wp\/v2\/users\/6022"}],"replies":[{"embeddable":true,"href":"https:\/\/univet.hu\/hu\/wp-json\/wp\/v2\/comments?post=11312"}],"version-history":[{"count":0,"href":"https:\/\/univet.hu\/hu\/wp-json\/wp\/v2\/pages\/11312\/revisions"}],"up":[{"embeddable":true,"href":"https:\/\/univet.hu\/hu\/wp-json\/wp\/v2\/pages\/874"}],"wp:attachment":[{"href":"https:\/\/univet.hu\/hu\/wp-json\/wp\/v2\/media?parent=11312"}],"wp:term":[{"taxonomy":"category","embeddable":true,"href":"https:\/\/univet.hu\/hu\/wp-json\/wp\/v2\/categories?post=11312"},{"taxonomy":"post_tag","embeddable":true,"href":"https:\/\/univet.hu\/hu\/wp-json\/wp\/v2\/tags?post=11312"}],"curies":[{"name":"wp","href":"https:\/\/api.w.org\/{rel}","templated":true}]}}