{"id":11314,"date":"2018-04-06T16:19:00","date_gmt":"2018-04-06T14:19:00","guid":{"rendered":"http:\/\/univet.hu\/kutatas\/temak\/intelligens-szakosodast-szolgalo-fejlesztesek-az-allatorvostudomanyi-egyetem-es-a-szechenyi-istvan-egyetem-mezogazdasag-es-elelmiszertudomanyi-karanak-egyuttmukodeseben\/"},"modified":"2018-04-06T16:19:00","modified_gmt":"2018-04-06T14:19:00","slug":"intelligens-szakosodast-szolgalo-fejlesztesek-az-allatorvostudomanyi-egyetem-es-a-szechenyi-istvan-egyetem-mezogazdasag-es-elelmiszertudomanyi-karanak-egyuttmukodeseben","status":"publish","type":"page","link":"https:\/\/univet.hu\/hu\/kutatas\/temak\/intelligens-szakosodast-szolgalo-fejlesztesek-az-allatorvostudomanyi-egyetem-es-a-szechenyi-istvan-egyetem-mezogazdasag-es-elelmiszertudomanyi-karanak-egyuttmukodeseben\/","title":{"rendered":"Intelligens szakosod\u00e1st szolg\u00e1l\u00f3 fejleszt\u00e9sek az \u00c1llatorvostudom\u00e1nyi Egyetem \u00e9s a Sz\u00e9chenyi Istv\u00e1n Egyetem Mez\u0151gazdas\u00e1g- \u00e9s \u00c9lelmiszertudom\u00e1nyi Kar\u00e1nak egy\u00fcttm\u0171k\u00f6d\u00e9s\u00e9ben  EFOP-3.6.1-16-2016-00024"},"content":{"rendered":"","protected":false},"excerpt":{"rendered":"","protected":false},"author":6022,"featured_media":0,"parent":874,"menu_order":154,"comment_status":"closed","ping_status":"closed","template":"","meta":{"_acf_changed":false,"footnotes":""},"categories":[],"tags":[],"class_list":["post-11314","page","type-page","status-publish","hentry"],"acf":[],"_links":{"self":[{"href":"https:\/\/univet.hu\/hu\/wp-json\/wp\/v2\/pages\/11314","targetHints":{"allow":["GET"]}}],"collection":[{"href":"https:\/\/univet.hu\/hu\/wp-json\/wp\/v2\/pages"}],"about":[{"href":"https:\/\/univet.hu\/hu\/wp-json\/wp\/v2\/types\/page"}],"author":[{"embeddable":true,"href":"https:\/\/univet.hu\/hu\/wp-json\/wp\/v2\/users\/6022"}],"replies":[{"embeddable":true,"href":"https:\/\/univet.hu\/hu\/wp-json\/wp\/v2\/comments?post=11314"}],"version-history":[{"count":0,"href":"https:\/\/univet.hu\/hu\/wp-json\/wp\/v2\/pages\/11314\/revisions"}],"up":[{"embeddable":true,"href":"https:\/\/univet.hu\/hu\/wp-json\/wp\/v2\/pages\/874"}],"wp:attachment":[{"href":"https:\/\/univet.hu\/hu\/wp-json\/wp\/v2\/media?parent=11314"}],"wp:term":[{"taxonomy":"category","embeddable":true,"href":"https:\/\/univet.hu\/hu\/wp-json\/wp\/v2\/categories?post=11314"},{"taxonomy":"post_tag","embeddable":true,"href":"https:\/\/univet.hu\/hu\/wp-json\/wp\/v2\/tags?post=11314"}],"curies":[{"name":"wp","href":"https:\/\/api.w.org\/{rel}","templated":true}]}}