{"id":11319,"date":"2016-04-03T12:37:00","date_gmt":"2016-04-03T10:37:00","guid":{"rendered":"http:\/\/univet.hu\/kutatas\/temak\/a-kisallatgyogyaszaton-belul-kardiologia-ultrahang-diagnosztika-echokardiografia-digitalis-fonokardiografia-e-learning-oktatas-modszertana\/"},"modified":"2016-04-03T12:37:00","modified_gmt":"2016-04-03T10:37:00","slug":"a-kisallatgyogyaszaton-belul-kardiologia-ultrahang-diagnosztika-echokardiografia-digitalis-fonokardiografia-e-learning-oktatas-modszertana","status":"publish","type":"page","link":"https:\/\/univet.hu\/hu\/kutatas\/temak\/a-kisallatgyogyaszaton-belul-kardiologia-ultrahang-diagnosztika-echokardiografia-digitalis-fonokardiografia-e-learning-oktatas-modszertana\/","title":{"rendered":"kardiol\u00f3gia, ultrahang-diagnosztika, echokardiogr\u00e1fia, digit\u00e1lis fonokardiogr\u00e1fia, e-learning oktat\u00e1s m\u00f3dszertana, kuty\u00e1k sz\u00edvf\u00e9rgess\u00e9ge"},"content":{"rendered":"<p><strong>Kardiol&oacute;giai &eacute;s ultrahang-diagnosztikai csoport. Vezet\u0151: Dr. Manczur Ferenc egyetemi docens, PhD &eacute;s Dr. V&ouml;r&ouml;s K&aacute;roly egyetemi tan&aacute;r, CSc, DSc.<\/strong><\/p> <p>&nbsp;<\/p> <p><strong>PhD-kutat&aacute;s 2014-2017 (Balogh M&aacute;rton PhD-t&eacute;m&aacute;ja, t&eacute;mavezet\u0151 V&ouml;r&ouml;s K&aacute;roly)<\/strong><\/p> <p><strong>Digit&aacute;lis hangfeldolgoz&aacute;s a kardiol&oacute;giai diagnosztik&aacute;ban &eacute;s oktat&aacute;sban. <\/strong><br \/> A m&oacute;dszer &aacute;llatorvosi c&eacute;lokra val&oacute; adapt&aacute;ci&oacute;ja &eacute;s tov&aacute;bbfejleszt&eacute;se, a kuty&aacute;k sz&iacute;vz&ouml;rejeinek &eacute;s ritmuszavarainak elemz&eacute;s&eacute;re, egy&uuml;ttm\u0171k&ouml;dve a hannoveri &aacute;llatorvosi t&aacute;rsint&eacute;zm&eacute;nyek munkat&aacute;rsaival. A m&oacute;dszer alkalmaz&aacute;sa &eacute;s tesztel&eacute;se a sz&iacute;vz&ouml;rejek &eacute;s a ritmuszavarok oktat&aacute;s&aacute;ban. A digit&aacute;lis fonokardiogrammok diagnosztikai &eacute;rt&eacute;k&eacute;nek tanulm&aacute;nyoz&aacute;sa a sz&iacute;v ritmuszavaraiban &eacute;s a ritmuszavarok oktat&aacute;s&aacute;ban. A Holter-EKG &eacute;s a digit&aacute;lis fonokardiogr&aacute;fia diagnosztikai &eacute;rt&eacute;k&eacute;nek &ouml;sszehasonl&iacute;t&aacute;sa kuy&aacute;ban.<\/p> <p>A kutat&aacute;s keret&eacute;ben emellett tanulm&aacute;nyoztuk az id&uuml;lt endocardiosis&aacute;nak k&ouml;vetkezm&eacute;nyek&eacute;nt kialakul&oacute; mitralis insufficientia el\u0151fordul&aacute;s&aacute;t hazai &eacute;s n&eacute;metorsz&aacute;gi (hannoveri), klinikailag eg&eacute;szs&eacute;ges beagle &aacute;llom&aacute;nyokban, fizik&aacute;lis-klinikai &eacute;s echokardiogr&aacute;fi&aacute;s m&oacute;dszerekkel.<\/p> <p>&nbsp;<\/p> <p><strong>Elnyert &eacute;s 2015-ben is &eacute;rv&eacute;nyes p&aacute;ly&aacute;zatok:<\/strong><\/p> <p>&nbsp;<\/p> <p>Erasmus Mobilit&aacute;s t&aacute;mogat&aacute;si szerz\u0151d&eacute;s, V&ouml;r&ouml;s K&aacute;roly, 2015. 07. 05-10., Stiftung, Tier&auml;rtzliche Hochschule Hannover, Klinik f&uuml;r Kleintiere.<\/p> <p>&nbsp;<\/p> <p><strong>2011 &eacute;s 2015 k&ouml;z&ouml;tt megjelent publik&aacute;ci&oacute;k: <\/strong><\/p> <p>V&ouml;r&ouml;s, K., Nolte, I, Hungerb&uuml;hler, S., Reiczigel, J., Ehlers, J., Tater, G., Mischke, R., Zimmering, T, Schneider, M. (2011): Sound recording and digital phonocardiography of cardiac murmurs in dogs by using a sensor-based electronic stethoscope. Acta Vet. Hung. 59. 23-35.<\/p> <p>&nbsp;<\/p> <p>V&ouml;r&ouml;s K, Bonnevie A, Reiczigel J. (2012): Comparison of conventional and sensor-based electronic stethoscopes in detecting cardiac murmurs of dogs. Tier&auml;rztl. Praxis, 40. (K), 103-111.<\/p> <p>Szilv&aacute;si, V:, V&ouml;r&ouml;s, K., Manczur, F., Reiczigel,J., Nov&aacute;k, I., M&aacute;th&eacute;, &Aacute;., Fekete,, D. (2013): Comparison of traditional and sensor-based electronic stethoscopes in Beagle dogs. Acta Vet. Hung., 61. 19-29.<\/p> <p>Szilv&aacute;si, V.; V&ouml;r&ouml;s, K. (2014): A szenzoros elektronikus fonendoszk&oacute;pok &eacute;s a digit&aacute;lis fonokardiogr&aacute;fia alkalmaz&aacute;sa kuty&aacute;k kardiol&oacute;giai vizsg&aacute;lat&aacute;ban. Magyar &Aacute;llatorv. Lapja,&nbsp; 136. 291-299.<\/p> <p>&nbsp;<\/p> <p>V&ouml;r&ouml;s, K., Szilv&aacute;si, V., Manczur, F., M&aacute;th&eacute;, &Aacute;., Reiczigel, J., Nolte, I., Hungerb&uuml;hler, S. (2015): Occurrence of mitral valve insufficiency in clinically healthy beagle dogs.Acta Vet. Hung., 63. 458-471.<\/p> <p>&nbsp;<\/p> <p>Balogh M., V&ouml;r&ouml;s K., Krima A. (2015): Kuty&aacute;kban el\u0151fordul&oacute; ritmuszavarok r&ouml;gz&iacute;t&eacute;se &eacute;s digitaliz&aacute;l&aacute;sa &ndash; metodikai lehet\u0151s&eacute;gek, el\u0151zetes tapasztalok. MTA &Aacute;orv.Tud. Biz. Akad&eacute;miai Besz&aacute;mol&oacute;k, Klinikumok szekci&oacute;, 2015. 01. 29.<\/p> <p>&nbsp;<\/p> <p><strong>A kuty&aacute;k sz&iacute;vf&eacute;rgess&eacute;g&eacute;nek meg&aacute;llap&iacute;t&aacute;sa &eacute;s gy&oacute;gykezel&eacute;si lehet\u0151s&eacute;gei. (Alkalmazott, klinikai kutat&aacute;s, t&eacute;mavezet\u0151: Dr. V&ouml;r&ouml;s K&aacute;roly<\/strong><\/p> <p>A kuty&aacute;k Dirofilaria immitis okozta sz&iacute;vf&eacute;rgess&eacute;g&eacute;nek hazai, autochton el\u0151fordul&aacute;s&aacute;t 2009-ben &aacute;llap&iacute;tott&aacute;k meg el\u0151sz&ouml;r. Ez id\u0151 &oacute;ta a betegs&eacute;g end&eacute;mi&aacute;ss&aacute; v&aacute;lt Magyarorsz&aacute;gon, &eacute;s terjed&eacute;se, illetve megjelen&eacute;se orsz&aacute;gos szint\u0171v&eacute; v&aacute;lt, egyre nagyobb vesz&eacute;lyt jelentve a hazai kutya&aacute;llom&aacute;nyra. A k&oacute;rk&eacute;ppel kapcsolatos kutat&aacute;sainkat 2014 \u0151sz&eacute;t\u0151l v&eacute;gezz&uuml;k a Parazitol&oacute;giai &eacute;s &Aacute;llattani tansz&eacute;kkel val&oacute; egy&uuml;ttm\u0171k&ouml;d&eacute;sben. Nemzetk&ouml;zileg is &uacute;jnak sz&aacute;m&iacute;t&oacute; kutat&aacute;si c&eacute;lkit\u0171z&eacute;seink a k&ouml;vetkez\u0151k: A sz&iacute;vf&eacute;rgess&eacute;g laborat&oacute;riumi diagnosztik&aacute;ja, k&uuml;l&ouml;n&ouml;s tekintettel a fert\u0151z&ouml;tts&eacute;g hazai lokaliz&aacute;c&oacute;j&aacute;ra valamint a D. immitis &eacute;s a D. repens lek&uuml;l&ouml;n&iacute;t&eacute;s&eacute;re; a sz\u0171r\u0151vizsg&aacute;latok lehet\u0151s&eacute;gei &eacute;s menedzsmentje, a a moxidektin alkalmazhat&oacute;s&aacute;ga sz&iacute;vf&eacute;rgess&eacute;g komplex ter&aacute;pi&aacute;j&aacute;ban; a melarzomin intramuscularis, helyi hat&aacute;sainak tanulm&aacute;nyoz&aacute;sa ultrahangvizsg&aacute;lattal. Jelenleg az anyaggy\u0171jt&eacute;s f&aacute;zis&aacute;ban vagyunk, m&iacute;g az adatok feldolgoz&aacute;s&aacute;t a 2016. &eacute;vben tervezz&uuml;k. A t&eacute;ma m\u0171vel&eacute;s&eacute;nek hozad&eacute;ka az is, hogy sz&eacute;lesk&ouml;r\u0171en felh&iacute;vtuk a figyelmet a betegs&eacute;g fontoss&aacute;g&aacute;ra, diagnosztik&aacute;j&aacute;ra, klinikai vonatkoz&aacute;saira, valamint a gy&oacute;gykezel&eacute;s &eacute;s a megel\u0151z&eacute;s lehet\u0151s&eacute;geire a jelen dokumentumban &eacute;s vonatkoz&oacute; mell&eacute;kleteiben megadott publik&aacute;ci&oacute;ban, kongresszusi besz&aacute;mol&oacute;ban &eacute;s sz&aacute;mos tov&aacute;bbk&eacute;pz\u0151 el\u0151ad&aacute;son. Kutat&aacute;si eredm&eacute;nyeink eredm&eacute;nyeir\u0151l el\u0151sz&ouml;r a 2017. &eacute;vi akad&eacute;miai besz&aacute;mol&oacute;kon fogunk tud&oacute;s&iacute;tani.<\/p> <p>&nbsp;<\/p> <p><strong>Elnyert &eacute;s 2015-ben is &eacute;rv&eacute;nyes p&aacute;ly&aacute;zatok: <\/strong>nem volt<\/p> <p>&nbsp;<\/p> <p><strong>2011 &eacute;s 2015 k&ouml;z&ouml;tt megjelent publik&aacute;ci&oacute;k<\/strong><\/p> <p>&nbsp;<\/p> <p>Farkas, R; V&ouml;r&ouml;s, K: (2015): A kuty&aacute;k sz&iacute;vf&eacute;rgess&eacute;ge. Kamarai &Aacute;llatorvos, 10. (3,) 22-33.<\/p> <p>&nbsp;<\/p> <p><strong><em>PhD-kutat&aacute;s 2011-2014 (Kiss Gergely PhD t&eacute;m&aacute;ja) &eacute;s ennek folytat&aacute;sa, t&eacute;mavezet\u0151 Manczur Ferenc)<\/em><\/strong><\/p> <p><a href=\"#_Toc285641689\" data-replaced=\"true\">Kuty&aacute;k dilatati&oacute;s cardiomyopathi&aacute;j&aacute;nak vizsg&aacute;lata g&eacute;nexpresszi&oacute;s szinten<\/a><\/p> <p>A&nbsp;kuty&aacute;k idiopathicus dilatati&oacute;s cardiomyopathi&aacute;ja (iDCM) egy &ouml;r&ouml;kletes, de &ouml;sszess&eacute;g&eacute;ben ismeretlen oktan&uacute; &eacute;s jellemz\u0151en er\u0151sen fajta-specifikus klinikai lefoly&aacute;s&uacute; betegs&eacute;g. A kutat&aacute;si munka keret&eacute;ben ennek h&aacute;tter&eacute;t vizsg&aacute;ljuk els\u0151sorban g&eacute;nexpresszi&oacute;s profil alapj&aacute;n.&nbsp; A tervezett kutat&aacute;si munka a k&ouml;vetkez\u0151kben felsorolt f\u0151bb c&eacute;lokat &eacute;s r&eacute;szleteket foglalja mag&aacute;ba. Perif&eacute;ri&aacute;s v&eacute;r g&eacute;nexpresszi&oacute;s profilj&aacute;nak felhaszn&aacute;lhat&oacute;s&aacute;g&aacute;ra ir&aacute;nyul&oacute; el\u0151vizsg&aacute;latok. (korrel&aacute;ci&oacute; vizsg&aacute;lata a sz&iacute;vizomsz&ouml;vettel). Megfelel\u0151 klinikai vizsg&aacute;lat tervez&eacute;se, szervez&eacute;se &eacute;s lebonyol&iacute;t&aacute;sa (perif&eacute;ri&aacute;s v&eacute;r felhaszn&aacute;lhat&oacute;s&aacute;ga eset&eacute;n longitudin&aacute;lis k&ouml;vet&eacute;ssel a k&oacute;rfejl\u0151d&eacute;s v&eacute;rb\u0151l t&ouml;rt&eacute;n\u0151 id\u0151beli nyomon k&ouml;vet&eacute;s&eacute;re). Fajtaspecifikus k&oacute;rfejl\u0151d&eacute;si folyamatok kimutat&aacute;sa &eacute;s tanulm&aacute;nyoz&aacute;sa&nbsp; iDCM-ben szenved\u0151 kuty&aacute;kon els\u0151sorban g&eacute;nexpresszi&oacute;s szinten, de er\u0151s c&eacute;lpontok eset&eacute;n esetleg feh&eacute;rje szinten is (k&oacute;rfejl\u0151d&eacute;si hipot&eacute;zisek fel&aacute;ll&iacute;t&aacute;sa). A k&uuml;l&ouml;nb&ouml;z\u0151 klinikai lefoly&aacute;s&uacute; fajt&aacute;khoz tartoz&oacute; esetekn&eacute;l megk&iacute;s&eacute;relj&uuml;k a k&oacute;rlefoly&aacute;s &eacute;s t&uacute;l&eacute;l&eacute;si id\u0151 szempontj&aacute;b&oacute;l meghat&aacute;roz&oacute;, egyedre is alkalmazhat&oacute; esetleges predikt&iacute;v faktorok &eacute;s befoly&aacute;sol&oacute; t&eacute;nyez\u0151k (pl. gy&oacute;gykezel&eacute;s, gy&oacute;gyszer-rezisztencia, bizonyos biomarkerek, stb.) azonos&iacute;t&aacute;s&aacute;t. Az eredm&eacute;nyek kever&eacute;k kuty&aacute;kon t&ouml;rt&eacute;n\u0151 valid&aacute;l&aacute;s&aacute;t is tervezz&uuml;k. Ez a kutat&aacute;s az elm&eacute;leti ismeretek b\u0151v&uuml;l&eacute;s&eacute;n &eacute;s a betegs&eacute;g jobb meg&eacute;rt&eacute;s&eacute;n t&uacute;l molekul&aacute;ris szinten &uacute;jabb ter&aacute;pi&aacute;s c&eacute;lpontokat &eacute;s specifikusabb ter&aacute;pi&aacute;s megk&ouml;zel&iacute;t&eacute;st eredm&eacute;nyezhet, valamint korai diagnosztikai, sz\u0171r&eacute;si &eacute;s predikt&iacute;v szempontb&oacute;l is &eacute;rt&eacute;kes eredm&eacute;nyeket ny&uacute;jthat.&nbsp; Ezen fel&uuml;l a &bdquo;kutya iDCM, mint a hasonl&oacute; hum&aacute;n betegs&eacute;g modellje&rdquo; te&oacute;ria alapj&aacute;n eredm&eacute;nyeinket &eacute;rt&eacute;kelni fogjuk abb&oacute;l a szempontb&oacute;l is, hogy mennyiben t&aacute;masztj&aacute;k al&aacute; az eml&iacute;tett betegs&eacute;g-modell te&oacute;ri&aacute;t &eacute;s mennyire lehetnek alkalmasak hum&aacute;n iDCM-es betegek eset&eacute;n a betegs&eacute;g lefoly&aacute;s&aacute;nak el\u0151rejelz&eacute;s&eacute;re, vagy ak&aacute;r ter&aacute;pi&aacute;s szempontb&oacute;l. Ennek nagy gyakorlati jelent\u0151s&eacute;ge lehet a hum&aacute;n kardiol&oacute;gi&aacute;ban is. A g&eacute;nexpresszi&oacute; vizsg&aacute;lat&aacute;hoz &uacute;jgener&aacute;ci&oacute;s szekven&aacute;l&aacute;si technol&oacute;gi&aacute;t&nbsp;(NGS, SAGE-seq) tervez&uuml;nk haszn&aacute;lni. Ennek a nagy &aacute;tereszt\u0151 k&eacute;pess&eacute;\u0171 (HTS) m&oacute;dszernek az&nbsp;el\u0151nye a microarray-el szemben, hogy&nbsp;&eacute;rz&eacute;kenys&eacute;ge &eacute;s dinamikus m&eacute;r&eacute;startom&aacute;nya a real-time PCR-el&nbsp;&ouml;sszevethet\u0151 m&eacute;rt&eacute;k\u0171. Ezen k&iacute;v&uuml;l&nbsp;nem el\u0151re konfigur&aacute;lt transzkripci&oacute;s profilon alapszik, hanem direkt szekven&aacute;l&aacute;son, ami lehet\u0151v&eacute; teszi ismeretlen transzkriptek azonos&iacute;t&aacute;s&aacute;t &eacute;s mennyis&eacute;gi m&eacute;r&eacute;s&eacute;t is.<\/p> <p>&nbsp;<\/p> <p><strong>2015-ben is &eacute;rv&eacute;nyes, kapcsol&oacute;d&oacute; p&aacute;ly&aacute;zat: <\/strong>nem volt<\/p> <p style=\"margin-left:63.0pt\">&nbsp;<\/p> <p style=\"margin-left:63.0pt\"><strong>2011 &eacute;s 2015 k&ouml;z&ouml;tt megjelent publik&aacute;ci&oacute;k:<\/strong><\/p> <p>&nbsp;<\/p> <p>Kiss G, <strong>Manczur F<\/strong><\/p> <p>A sz&iacute;vizomsz&ouml;vet &eacute;s a perif&eacute;ri&aacute;s v&eacute;r g&eacute;nexpresszi&oacute;s profilj&aacute;nak &ouml;sszehasonl&iacute;t&aacute;sa kr&oacute;nikus sz&iacute;vel&eacute;gtelen kuty&aacute;kban<\/p> <p>Az MTA &Aacute;llatorvos-tudom&aacute;nyi Bizotts&aacute;g Akad&eacute;miai Besz&aacute;mol&oacute; Szak&uuml;l&eacute;s&eacute;n elhangzott el\u0151ad&aacute;s (2013.) Megjelent: SZIE-&Aacute;ODI, Akad&eacute;miai Besz&aacute;mol&oacute;k, 2013.<\/p> <p style=\"margin-left:63.0pt\">&nbsp;<\/p> <p>Kiss G, <strong>Manczur F<\/strong><\/p> <p>V&eacute;rb\u0151l m&eacute;rhet\u0151 sz&iacute;vizomsz&ouml;vet specifikus g&eacute;nexpresszi&oacute;s adatok valid&aacute;l&aacute;sa kr&oacute;nikus sz&iacute;vel&eacute;gtelen kutya modellben<\/p> <p>Az MTA &Aacute;llatorvos-tudom&aacute;nyi Bizotts&aacute;g Akad&eacute;miai Besz&aacute;mol&oacute; Szak&uuml;l&eacute;s&eacute;n elhangzott el\u0151ad&aacute;s (2014.) Megjelent: SZIE-&Aacute;ODI, Akad&eacute;miai Besz&aacute;mol&oacute;k, 2014.<\/p> <p>&nbsp;<\/p> <p>Kiss G, <strong>Manczur F<\/strong>: Heart specific gene expression profiling in peripheral blood of dogs with chronic heart failure<\/p> <p>Oral presentation at the 23th Congress of the European College of the Veterinary Internal Medicine-Companion Animals (ECVIM-CA), Liverpool, 2013.<\/p> <p>Megjelent: Oral Research Communications of the 23rd ECVIM-CA Congress. Journal of Veterinary Internal Medicine doi: 10.1111\/jvim.12278. 2014.<\/p> <p style=\"margin-left:63.0pt\">&nbsp;<\/p> <p>Kiss G, <u>Manczur F<\/u>, K&eacute;kesi V, Nagy K V, Sziksz E, Vannay &Aacute;, Veres-Sz&eacute;kely A<\/p> <p>V&eacute;rb\u0151l m&eacute;rhet\u0151 fibr&oacute;zis specifikus g&eacute;nexpresszi&oacute;s markerek azonos&iacute;t&aacute;sa kr&oacute;nikus sz&iacute;vel&eacute;gtelen kuty&aacute;kon<\/p> <p>In: Akad&eacute;miai besz&aacute;mol&oacute; 2015. (MTA &Aacute;llatorvos-tudom&aacute;nyi Bizotts&aacute;ga &eacute;s SzIE &Aacute;llatorvos-tudom&aacute;nyi Doktori Iskola). Konferencia helye, ideje: Budapest, Magyarorsz&aacute;g, 2015.01.26-2015.01.29.<\/p> <p>&nbsp;<\/p>","protected":false},"excerpt":{"rendered":"<p>Kardiol&oacute;giai &eacute;s ultrahang-diagnosztikai csoport. Vezet\u0151: Dr. Manczur Ferenc egyetemi docens, PhD &eacute;s Dr. V&ouml;r&ouml;s K&aacute;roly egyetemi tan&aacute;r, CSc, DSc. &nbsp; PhD-kutat&aacute;s 2014-2017 (Balogh M&aacute;rton PhD-t&eacute;m&aacute;ja, t&eacute;mavezet\u0151 V&ouml;r&ouml;s K&aacute;roly) Digit&aacute;lis hangfeldolgoz&aacute;s a kardiol&oacute;giai diagnosztik&aacute;ban &eacute;s oktat&aacute;sban. A m&oacute;dszer &aacute;llatorvosi c&eacute;lokra val&oacute; adapt&aacute;ci&oacute;ja &eacute;s tov&aacute;bbfejleszt&eacute;se, a kuty&aacute;k sz&iacute;vz&ouml;rejeinek &eacute;s ritmuszavarainak elemz&eacute;s&eacute;re, egy&uuml;ttm\u0171k&ouml;dve a hannoveri &aacute;llatorvosi t&aacute;rsint&eacute;zm&eacute;nyek munkat&aacute;rsaival.<\/p>\n","protected":false},"author":6022,"featured_media":0,"parent":874,"menu_order":154,"comment_status":"closed","ping_status":"closed","template":"","meta":{"_acf_changed":false,"footnotes":""},"categories":[],"tags":[],"class_list":["post-11319","page","type-page","status-publish","hentry"],"acf":[],"_links":{"self":[{"href":"https:\/\/univet.hu\/hu\/wp-json\/wp\/v2\/pages\/11319","targetHints":{"allow":["GET"]}}],"collection":[{"href":"https:\/\/univet.hu\/hu\/wp-json\/wp\/v2\/pages"}],"about":[{"href":"https:\/\/univet.hu\/hu\/wp-json\/wp\/v2\/types\/page"}],"author":[{"embeddable":true,"href":"https:\/\/univet.hu\/hu\/wp-json\/wp\/v2\/users\/6022"}],"replies":[{"embeddable":true,"href":"https:\/\/univet.hu\/hu\/wp-json\/wp\/v2\/comments?post=11319"}],"version-history":[{"count":0,"href":"https:\/\/univet.hu\/hu\/wp-json\/wp\/v2\/pages\/11319\/revisions"}],"up":[{"embeddable":true,"href":"https:\/\/univet.hu\/hu\/wp-json\/wp\/v2\/pages\/874"}],"wp:attachment":[{"href":"https:\/\/univet.hu\/hu\/wp-json\/wp\/v2\/media?parent=11319"}],"wp:term":[{"taxonomy":"category","embeddable":true,"href":"https:\/\/univet.hu\/hu\/wp-json\/wp\/v2\/categories?post=11319"},{"taxonomy":"post_tag","embeddable":true,"href":"https:\/\/univet.hu\/hu\/wp-json\/wp\/v2\/tags?post=11319"}],"curies":[{"name":"wp","href":"https:\/\/api.w.org\/{rel}","templated":true}]}}