{"id":11322,"date":"2016-02-04T16:00:00","date_gmt":"2016-02-04T15:00:00","guid":{"rendered":"http:\/\/univet.hu\/kutatas\/temak\/kemiai-toxikologiai-elelmiszer-biztonsag\/"},"modified":"2016-02-04T16:00:00","modified_gmt":"2016-02-04T15:00:00","slug":"kemiai-toxikologiai-elelmiszer-biztonsag","status":"publish","type":"page","link":"https:\/\/univet.hu\/hu\/kutatas\/temak\/kemiai-toxikologiai-elelmiszer-biztonsag\/","title":{"rendered":"K\u00e9miai-toxikol\u00f3giai \u00e9lelmiszer-biztons\u00e1g"},"content":{"rendered":"<p>2.1. H\u0151kezel\u00e9si elj\u00e1r\u00e1sok hat\u00e1sa gy\u00f3gyszermarad\u00e9kok k\u00e9miai stabilit\u00e1s\u00e1ra \u00e9s antimikrobi\u00e1lis aktivit\u00e1s\u00e1ra.<\/p> <p>\u00a0<\/p> <p>2.2. Aflatoxinok el\u0151fordul\u00e1sa \u00e9s stabilit\u00e1sa fogyaszt\u00f3i tejekben \u00e9s tejterm\u00e9kekben.<\/p> <p>\u00a0<\/p> <p>2.3. \u00c1llatgy\u00f3gy\u00e1szati gy\u00f3gyszerk\u00e9sz\u00edtm\u00e9nyek k\u00f6rnyezettoxikol\u00f3giai hat\u00e1sainak vizsg\u00e1lata.<\/p> <p>\u00a0<\/p> <p class=\"Alcim\">Kapcsol\u00f3d\u00f3 PhD t\u00e9m\u00e1k \u00e9s t\u00e9zisek az elm\u00falt 5 \u00e9vben<\/p> <p>1.Az \u00e1llatgy\u00f3gy\u00e1szatban t\u00f6megtermel\u00e9sre haszn\u00e1lt doxiciklin egyes k\u00f6rnyezettoxikol\u00f3giai jellemz\u0151inek vizsg\u00e1lata. Szatm\u00e1ri Istv\u00e1n, 2012.<\/p> <p>\u00a0<\/p> <p>2. Aflatoxin M<sub>1<\/sub> \u00e9s M<sub>2<\/sub> el\u0151fordul\u00e1sa \u00e9s stabilit\u00e1sa fogyaszt\u00f3i tejekben \u00e9s tejterm\u00e9kekben. Major Andrea, folyamatban<\/p> <p>3. A nyers tej h\u0151kezel\u00e9s\u00e9re haszn\u00e1lt k\u00fcl\u00f6nb\u00f6z\u0151 elj\u00e1r\u00e1sok hat\u00e1sa egyes gy\u00f3gyszermarad\u00e9kok stabilit\u00e1s\u00e1ra \u00e9s antimikrobi\u00e1lis aktivit\u00e1s\u00e1ra.\u00a0 L\u00e1szl\u00f3 No\u00e9mi, folyamatban<\/p> <p class=\"Alcim\">Kapcsol\u00f3d\u00f3 p\u00e1ly\u00e1zatok<\/p> <p>1. KMOP-4.2.1\/B-10-2011-0007 azonos\u00edt\u00f3 sz\u00e1m\u00fa, \u201eA fels\u0151oktat\u00e1si tev\u00e9kenys\u00e9gek sz\u00ednvonal\u00e1nak emel\u00e9s\u00e9hez sz\u00fcks\u00e9ges infrastrukt\u00fara fejleszt\u00e9sek t\u00e1mogat\u00e1sa\u201d. 2011-2013.<\/p> <p>2. T\u00c1MOP-4.2.1.B-11\/2\/KMR-2011-0003azonos\u00edt\u00f3 sz\u00e1m\u00fa, \u201eAz oktat\u00e1s \u00e9s kutat\u00e1s sz\u00ednvonal\u00e1nak emel\u00e9se a Szent Istv\u00e1n\u00a0 Egyetemen\u201d. 2012-2014.<\/p>","protected":false},"excerpt":{"rendered":"<p>2.1. H\u0151kezel\u00e9si elj\u00e1r\u00e1sok hat\u00e1sa gy\u00f3gyszermarad\u00e9kok k\u00e9miai stabilit\u00e1s\u00e1ra \u00e9s antimikrobi\u00e1lis aktivit\u00e1s\u00e1ra. \u00a0 2.2. Aflatoxinok el\u0151fordul\u00e1sa \u00e9s stabilit\u00e1sa fogyaszt\u00f3i tejekben \u00e9s tejterm\u00e9kekben. \u00a0 2.3. \u00c1llatgy\u00f3gy\u00e1szati gy\u00f3gyszerk\u00e9sz\u00edtm\u00e9nyek k\u00f6rnyezettoxikol\u00f3giai hat\u00e1sainak vizsg\u00e1lata. \u00a0 Kapcsol\u00f3d\u00f3 PhD t\u00e9m\u00e1k \u00e9s t\u00e9zisek az elm\u00falt 5 \u00e9vben 1.Az \u00e1llatgy\u00f3gy\u00e1szatban t\u00f6megtermel\u00e9sre haszn\u00e1lt doxiciklin egyes k\u00f6rnyezettoxikol\u00f3giai jellemz\u0151inek vizsg\u00e1lata. Szatm\u00e1ri Istv\u00e1n, 2012. \u00a0 2. Aflatoxin M1 \u00e9s M2<\/p>\n","protected":false},"author":6022,"featured_media":0,"parent":874,"menu_order":154,"comment_status":"closed","ping_status":"closed","template":"","meta":{"_acf_changed":false,"footnotes":""},"categories":[],"tags":[],"class_list":["post-11322","page","type-page","status-publish","hentry"],"acf":[],"_links":{"self":[{"href":"https:\/\/univet.hu\/hu\/wp-json\/wp\/v2\/pages\/11322","targetHints":{"allow":["GET"]}}],"collection":[{"href":"https:\/\/univet.hu\/hu\/wp-json\/wp\/v2\/pages"}],"about":[{"href":"https:\/\/univet.hu\/hu\/wp-json\/wp\/v2\/types\/page"}],"author":[{"embeddable":true,"href":"https:\/\/univet.hu\/hu\/wp-json\/wp\/v2\/users\/6022"}],"replies":[{"embeddable":true,"href":"https:\/\/univet.hu\/hu\/wp-json\/wp\/v2\/comments?post=11322"}],"version-history":[{"count":0,"href":"https:\/\/univet.hu\/hu\/wp-json\/wp\/v2\/pages\/11322\/revisions"}],"up":[{"embeddable":true,"href":"https:\/\/univet.hu\/hu\/wp-json\/wp\/v2\/pages\/874"}],"wp:attachment":[{"href":"https:\/\/univet.hu\/hu\/wp-json\/wp\/v2\/media?parent=11322"}],"wp:term":[{"taxonomy":"category","embeddable":true,"href":"https:\/\/univet.hu\/hu\/wp-json\/wp\/v2\/categories?post=11322"},{"taxonomy":"post_tag","embeddable":true,"href":"https:\/\/univet.hu\/hu\/wp-json\/wp\/v2\/tags?post=11322"}],"curies":[{"name":"wp","href":"https:\/\/api.w.org\/{rel}","templated":true}]}}