{"id":11324,"date":"2016-02-04T16:00:00","date_gmt":"2016-02-04T15:00:00","guid":{"rendered":"http:\/\/univet.hu\/kutatas\/temak\/konzervaciogenetikai-kutatasok\/"},"modified":"2016-02-04T16:00:00","modified_gmt":"2016-02-04T15:00:00","slug":"konzervaciogenetikai-kutatasok","status":"publish","type":"page","link":"https:\/\/univet.hu\/hu\/kutatas\/temak\/konzervaciogenetikai-kutatasok\/","title":{"rendered":"Konzerv\u00e1ci\u00f3genetikai kutat\u00e1sok"},"content":{"rendered":"<p>Fokozottan v\u00e9dett ragadoz\u00f3mad\u00e1r-fajok (parlagi sas, r\u00e9tisas), valamint egy\u00e9b gerinces taxonok (h\u00fcll\u0151k, k\u00e9t\u00e9lt\u0171ek, denev\u00e9rek) konzerv\u00e1ci\u00f3-genetikai, filogeogr\u00e1fiai \u00e9s popul\u00e1ci\u00f3genetikai vizsg\u00e1lata.<\/p>","protected":false},"excerpt":{"rendered":"<p>Fokozottan v\u00e9dett ragadoz\u00f3mad\u00e1r-fajok (parlagi sas, r\u00e9tisas), valamint egy\u00e9b gerinces taxonok (h\u00fcll\u0151k, k\u00e9t\u00e9lt\u0171ek, denev\u00e9rek) konzerv\u00e1ci\u00f3-genetikai, filogeogr\u00e1fiai \u00e9s popul\u00e1ci\u00f3genetikai vizsg\u00e1lata.<\/p>\n","protected":false},"author":6022,"featured_media":0,"parent":874,"menu_order":154,"comment_status":"closed","ping_status":"closed","template":"","meta":{"_acf_changed":false,"footnotes":""},"categories":[],"tags":[],"class_list":["post-11324","page","type-page","status-publish","hentry"],"acf":[],"_links":{"self":[{"href":"https:\/\/univet.hu\/hu\/wp-json\/wp\/v2\/pages\/11324","targetHints":{"allow":["GET"]}}],"collection":[{"href":"https:\/\/univet.hu\/hu\/wp-json\/wp\/v2\/pages"}],"about":[{"href":"https:\/\/univet.hu\/hu\/wp-json\/wp\/v2\/types\/page"}],"author":[{"embeddable":true,"href":"https:\/\/univet.hu\/hu\/wp-json\/wp\/v2\/users\/6022"}],"replies":[{"embeddable":true,"href":"https:\/\/univet.hu\/hu\/wp-json\/wp\/v2\/comments?post=11324"}],"version-history":[{"count":0,"href":"https:\/\/univet.hu\/hu\/wp-json\/wp\/v2\/pages\/11324\/revisions"}],"up":[{"embeddable":true,"href":"https:\/\/univet.hu\/hu\/wp-json\/wp\/v2\/pages\/874"}],"wp:attachment":[{"href":"https:\/\/univet.hu\/hu\/wp-json\/wp\/v2\/media?parent=11324"}],"wp:term":[{"taxonomy":"category","embeddable":true,"href":"https:\/\/univet.hu\/hu\/wp-json\/wp\/v2\/categories?post=11324"},{"taxonomy":"post_tag","embeddable":true,"href":"https:\/\/univet.hu\/hu\/wp-json\/wp\/v2\/tags?post=11324"}],"curies":[{"name":"wp","href":"https:\/\/api.w.org\/{rel}","templated":true}]}}