{"id":11325,"date":"2016-02-04T16:00:00","date_gmt":"2016-02-04T15:00:00","guid":{"rendered":"http:\/\/univet.hu\/kutatas\/temak\/kornyezeti-valtozasok-hatasa-gerinctelen-allati-populaciokra-es-kozossegekre\/"},"modified":"2016-02-04T16:00:00","modified_gmt":"2016-02-04T15:00:00","slug":"kornyezeti-valtozasok-hatasa-gerinctelen-allati-populaciokra-es-kozossegekre","status":"publish","type":"page","link":"https:\/\/univet.hu\/hu\/kutatas\/temak\/kornyezeti-valtozasok-hatasa-gerinctelen-allati-populaciokra-es-kozossegekre\/","title":{"rendered":"K\u00f6rnyezeti v\u00e1ltoz\u00e1sok hat\u00e1sa gerinctelen \u00e1llati popul\u00e1ci\u00f3kra \u00e9s k\u00f6z\u00f6ss\u00e9gekre"},"content":{"rendered":"<p>A t\u00e9ma a szervesanyag lebont\u00e1sban, a talaj \u00e9let\u00e9ben, illetve mez\u0151gazdas\u00e1gi ter\u00fcletek \u00e9l\u0151l\u00e9nyk\u00f6z\u00f6ss\u00e9geiben nagy jelent\u0151s\u00e9ggel b\u00edr\u00f3 gerinctelen popul\u00e1ci\u00f3k \u00e9s k\u00f6z\u00f6ss\u00e9gek (Collembola, Gastropoda, Isopoda, Diplopoda, Oligochaeta, Carabidae, egy\u00e9b rovarrendek) k\u00f6rnyezeti hat\u00e1sokra adott v\u00e1lasz\u00e1nak vizsg\u00e1lat\u00e1t c\u00e9lozza. Ezek a hat\u00e1sok lehetnek antropog\u00e9n (pl. k\u00f6rnyezetszennyez\u00e9s, mez\u0151gazdas\u00e1gi haszn\u00e1lat, kezel\u00e9s, v\u00edzh\u00e1ztart\u00e1s v\u00e1ltoz\u00e1s, erd\u0151kezel\u00e9s stb.), vagy term\u00e9szetes eredet\u0171ek (pl. klimatikus jellemz\u0151k: sz\u00e1razs\u00e1g, extr\u00e9m id\u0151j\u00e1r\u00e1si \u00f6sszetev\u0151k; talajjellemz\u0151k, t\u00e1panyagell\u00e1totts\u00e1g, mikro\u00e9l\u0151helyek \u00e9s forr\u00e1sok t\u00e9rbeli eloszl\u00e1sa stb.). A t\u00e9nyez\u0151k hat\u00e1s\u00e1t az adott k\u00f6z\u00f6ss\u00e9gek szerkezeti v\u00e1ltoz\u00e1sain, faji min\u0151s\u00edt\u00e9s\u0171 popul\u00e1ci\u00f3ik jellemz\u0151in (pl. jelenl\u00e9t\/hi\u00e1ny, mortalit\u00e1s, t\u00fal\u00e9l\u00e9s, \u00e9lettartam, fekundit\u00e1s, n\u00f6veked\u00e9s, reprodukci\u00f3s param\u00e9terek) kereszt\u00fcl k\u00edv\u00e1njuk k\u00f6vetni.<\/p>","protected":false},"excerpt":{"rendered":"<p>A t\u00e9ma a szervesanyag lebont\u00e1sban, a talaj \u00e9let\u00e9ben, illetve mez\u0151gazdas\u00e1gi ter\u00fcletek \u00e9l\u0151l\u00e9nyk\u00f6z\u00f6ss\u00e9geiben nagy jelent\u0151s\u00e9ggel b\u00edr\u00f3 gerinctelen popul\u00e1ci\u00f3k \u00e9s k\u00f6z\u00f6ss\u00e9gek (Collembola, Gastropoda, Isopoda, Diplopoda, Oligochaeta, Carabidae, egy\u00e9b rovarrendek) k\u00f6rnyezeti hat\u00e1sokra adott v\u00e1lasz\u00e1nak vizsg\u00e1lat\u00e1t c\u00e9lozza. Ezek a hat\u00e1sok lehetnek antropog\u00e9n (pl. k\u00f6rnyezetszennyez\u00e9s, mez\u0151gazdas\u00e1gi haszn\u00e1lat, kezel\u00e9s, v\u00edzh\u00e1ztart\u00e1s v\u00e1ltoz\u00e1s, erd\u0151kezel\u00e9s stb.), vagy term\u00e9szetes eredet\u0171ek (pl. klimatikus jellemz\u0151k: sz\u00e1razs\u00e1g, extr\u00e9m<\/p>\n","protected":false},"author":6022,"featured_media":0,"parent":874,"menu_order":154,"comment_status":"closed","ping_status":"closed","template":"","meta":{"_acf_changed":false,"footnotes":""},"categories":[],"tags":[],"class_list":["post-11325","page","type-page","status-publish","hentry"],"acf":[],"_links":{"self":[{"href":"https:\/\/univet.hu\/hu\/wp-json\/wp\/v2\/pages\/11325","targetHints":{"allow":["GET"]}}],"collection":[{"href":"https:\/\/univet.hu\/hu\/wp-json\/wp\/v2\/pages"}],"about":[{"href":"https:\/\/univet.hu\/hu\/wp-json\/wp\/v2\/types\/page"}],"author":[{"embeddable":true,"href":"https:\/\/univet.hu\/hu\/wp-json\/wp\/v2\/users\/6022"}],"replies":[{"embeddable":true,"href":"https:\/\/univet.hu\/hu\/wp-json\/wp\/v2\/comments?post=11325"}],"version-history":[{"count":0,"href":"https:\/\/univet.hu\/hu\/wp-json\/wp\/v2\/pages\/11325\/revisions"}],"up":[{"embeddable":true,"href":"https:\/\/univet.hu\/hu\/wp-json\/wp\/v2\/pages\/874"}],"wp:attachment":[{"href":"https:\/\/univet.hu\/hu\/wp-json\/wp\/v2\/media?parent=11325"}],"wp:term":[{"taxonomy":"category","embeddable":true,"href":"https:\/\/univet.hu\/hu\/wp-json\/wp\/v2\/categories?post=11325"},{"taxonomy":"post_tag","embeddable":true,"href":"https:\/\/univet.hu\/hu\/wp-json\/wp\/v2\/tags?post=11325"}],"curies":[{"name":"wp","href":"https:\/\/api.w.org\/{rel}","templated":true}]}}