{"id":11326,"date":"2016-02-04T16:00:00","date_gmt":"2016-02-04T15:00:00","guid":{"rendered":"http:\/\/univet.hu\/kutatas\/temak\/kullancsok-es-az-altaluk-terjesztett-korokozok-jarvanytana-es-okologiaja\/"},"modified":"2016-02-04T16:00:00","modified_gmt":"2016-02-04T15:00:00","slug":"kullancsok-es-az-altaluk-terjesztett-korokozok-jarvanytana-es-okologiaja","status":"publish","type":"page","link":"https:\/\/univet.hu\/hu\/kutatas\/temak\/kullancsok-es-az-altaluk-terjesztett-korokozok-jarvanytana-es-okologiaja\/","title":{"rendered":"Kullancsok \u00e9s az \u00e1ltaluk terjesztett k\u00f3rokoz\u00f3k j\u00e1rv\u00e1nytana \u00e9s \u00f6kol\u00f3gi\u00e1ja"},"content":{"rendered":"<p>A t\u00e9m\u00e1ban megjelent fontosabb k\u00f6zlem\u00e9nyek:<\/p> <p>F\u00f6ldv\u00e1ri G, Jahfari S, Rig\u00f3 K, Jablonszky M, Szekeres S, Majoros G, T\u00f3th M, Moln\u00e1r V, Coipan EC, Sprong H (2014) Candidatus Neoehrlichia mikurensis and Anaplasma phagocytophilum in urban hedgehogs. Emerging Infectious Diseases 20: 496-498.<\/p> <p>Erd\u00e9lyi K, Mez\u0151si L, Vladov Sz, F\u00f6ldv\u00e1ri G (2014) Fatal acute babesiosis in captive grey wolves (Canis lupus) due to Babesia canis. Ticks and Tick-borne Diseases\u00a05: 281-283.<\/p> <p>F\u00f6ldv\u00e1ri G, Rig\u00f3 K, Lakos A (2013) Transmission of Rickettsia slovaca and R. raoultii by male Dermacentor marginatus and D. reticulatus ticks to humans. Diagnostic Microbiology and Infectious Disease 76: 387-389.<\/p> <p>Lakos A, K\u0151r\u00f6si \u00c1, F\u00f6ldv\u00e1ri G (2012) Contact with horses is a risk factor for tick-borne lymphadenopathy (TIBOLA) &#8211; a case control study. Wiener klinische Wochenschrift 124: 611-617.<\/p> <p>Rig\u00f3 K, Majoros G, Jablonszky M, Moln\u00e1r V, T\u00f3th M, F\u00f6ldv\u00e1ri G (2012) A s\u00fcn\u00f6k ektoparazit\u00e1i \u00e9s a s\u00fcn\u00f6kb\u0151l kimutatott zoonotikus k\u00f3rokoz\u00f3k. &#8211; Magyar \u00c1llatorvosok Lapja 134: 353-360.<\/p> <p>F\u00f6ldv\u00e1ri G, Rig\u00f3 K, Jablonszky M, Majoros G, Bir\u00f3 N, Moln\u00e1r V, T\u00f3th M (2011) Ticks and the city: ectoparasites of the Northern white-breasted hedgehog (Erinaceus roumanicus) in an urban park. Ticks and Tick-borne Diseases 2: 231-234.<\/p> <p>Rig\u00f3 K, Gyuranecz M, T\u00f3th \u00c1G, F\u00f6ldv\u00e1ri G (2011) Detection of Borrelia burgdorferi sensu lato and Anaplasma phagocytophilum in small mammals and ectoparasites in Hungary. Vector-borne and Zoonotic Diseases 11: 1499-1501.<\/p> <p>Gyuranecz M, Rig\u00f3 K, D\u00e1n \u00c1, F\u00f6ldv\u00e1ri G, Makrai L, D\u00e9nes B, Fodor L, Majoros G, Tirj\u00e1k L, Erd\u00e9lyi K. (2011) Investigation of the ecology of Francisella tularensis during an inter-epizootic period. Vector-borne and Zoonotic Diseases 11: 1031-1035.<\/p> <p>F\u00f6ldv\u00e1ri, G., Rig\u00f3, K (2009) A Lyme borreliosis j\u00e1rv\u00e1nytana \u00e9s a gy\u00edkfajok szerepe a betegs\u00e9g fenntart\u00e1s\u00e1ban. &#8211; Magyar \u00c1llatorvosok Lapja 131: 494-502.<\/p> <p>F\u00f6ldv\u00e1ri, G., Rig\u00f3, K., Majl\u00e1thov\u00e1, V., Majl\u00e1th, I., Farkas, R., Pet&#8217;ko, B. (2009) Detection of Borrelia burgdorferi sensu lato in lizards and their ticks from Hungary. &#8211; Vector-Borne and Zoonotic Diseases 9: 331-336.<\/p>","protected":false},"excerpt":{"rendered":"<p>A t\u00e9m\u00e1ban megjelent fontosabb k\u00f6zlem\u00e9nyek: F\u00f6ldv\u00e1ri G, Jahfari S, Rig\u00f3 K, Jablonszky M, Szekeres S, Majoros G, T\u00f3th M, Moln\u00e1r V, Coipan EC, Sprong H (2014) Candidatus Neoehrlichia mikurensis and Anaplasma phagocytophilum in urban hedgehogs. Emerging Infectious Diseases 20: 496-498. Erd\u00e9lyi K, Mez\u0151si L, Vladov Sz, F\u00f6ldv\u00e1ri G (2014) Fatal acute babesiosis in captive grey<\/p>\n","protected":false},"author":6022,"featured_media":0,"parent":874,"menu_order":154,"comment_status":"closed","ping_status":"closed","template":"","meta":{"_acf_changed":false,"footnotes":""},"categories":[],"tags":[],"class_list":["post-11326","page","type-page","status-publish","hentry"],"acf":[],"_links":{"self":[{"href":"https:\/\/univet.hu\/hu\/wp-json\/wp\/v2\/pages\/11326","targetHints":{"allow":["GET"]}}],"collection":[{"href":"https:\/\/univet.hu\/hu\/wp-json\/wp\/v2\/pages"}],"about":[{"href":"https:\/\/univet.hu\/hu\/wp-json\/wp\/v2\/types\/page"}],"author":[{"embeddable":true,"href":"https:\/\/univet.hu\/hu\/wp-json\/wp\/v2\/users\/6022"}],"replies":[{"embeddable":true,"href":"https:\/\/univet.hu\/hu\/wp-json\/wp\/v2\/comments?post=11326"}],"version-history":[{"count":0,"href":"https:\/\/univet.hu\/hu\/wp-json\/wp\/v2\/pages\/11326\/revisions"}],"up":[{"embeddable":true,"href":"https:\/\/univet.hu\/hu\/wp-json\/wp\/v2\/pages\/874"}],"wp:attachment":[{"href":"https:\/\/univet.hu\/hu\/wp-json\/wp\/v2\/media?parent=11326"}],"wp:term":[{"taxonomy":"category","embeddable":true,"href":"https:\/\/univet.hu\/hu\/wp-json\/wp\/v2\/categories?post=11326"},{"taxonomy":"post_tag","embeddable":true,"href":"https:\/\/univet.hu\/hu\/wp-json\/wp\/v2\/tags?post=11326"}],"curies":[{"name":"wp","href":"https:\/\/api.w.org\/{rel}","templated":true}]}}