{"id":11327,"date":"2016-02-04T16:00:00","date_gmt":"2016-02-04T15:00:00","guid":{"rendered":"http:\/\/univet.hu\/kutatas\/temak\/kutatasi-temak\/"},"modified":"2016-02-04T16:00:00","modified_gmt":"2016-02-04T15:00:00","slug":"kutatasi-temak","status":"publish","type":"page","link":"https:\/\/univet.hu\/hu\/kutatas\/temak\/kutatasi-temak\/","title":{"rendered":"Kutat\u00e1si t\u00e9m\u00e1k"},"content":{"rendered":"<p>2005 &#8211; 2014<br \/>A mesenchymalis sz\u00f6vetek v\u00e1laszreakci\u00f3i v\u00e9gtaghosszabb\u00edt\u00e1sban<\/p> <p>2005 &#8211; 2011<br \/>\u00daj elektroseb\u00e9szeti technik\u00e1k vizsg\u00e1lata<\/p> <p>2006 &#8211; 2011 <br \/>A subarachnoidealis t\u00e9r nyom\u00e1sv\u00e1ltoz\u00e1sai myelographia sor\u00e1n<\/p> <p>2007 &#8211; 2012 <br \/>Bels\u0151 rectus-h\u00fcvelyb\u0151l k\u00e9sz\u00edtett \u00e9rgraftok t\u00fal\u00e9l\u00e9s\u00e9nek vizsg\u00e1lata k\u00fcl\u00f6nb\u00f6z\u0151 k\u00e9palkot\u00f3 elj\u00e1r\u00e1sokkal<\/p> <p>2007 &#8211; 2010<br \/>Aneszteziol\u00f3giai monitoringrendszer klinikai tesztel\u00e9se<\/p>","protected":false},"excerpt":{"rendered":"<p>2005 &#8211; 2014A mesenchymalis sz\u00f6vetek v\u00e1laszreakci\u00f3i v\u00e9gtaghosszabb\u00edt\u00e1sban 2005 &#8211; 2011\u00daj elektroseb\u00e9szeti technik\u00e1k vizsg\u00e1lata 2006 &#8211; 2011 A subarachnoidealis t\u00e9r nyom\u00e1sv\u00e1ltoz\u00e1sai myelographia sor\u00e1n 2007 &#8211; 2012 Bels\u0151 rectus-h\u00fcvelyb\u0151l k\u00e9sz\u00edtett \u00e9rgraftok t\u00fal\u00e9l\u00e9s\u00e9nek vizsg\u00e1lata k\u00fcl\u00f6nb\u00f6z\u0151 k\u00e9palkot\u00f3 elj\u00e1r\u00e1sokkal 2007 &#8211; 2010Aneszteziol\u00f3giai monitoringrendszer klinikai tesztel\u00e9se<\/p>\n","protected":false},"author":6022,"featured_media":0,"parent":874,"menu_order":154,"comment_status":"closed","ping_status":"closed","template":"","meta":{"_acf_changed":false,"footnotes":""},"categories":[],"tags":[],"class_list":["post-11327","page","type-page","status-publish","hentry"],"acf":[],"_links":{"self":[{"href":"https:\/\/univet.hu\/hu\/wp-json\/wp\/v2\/pages\/11327","targetHints":{"allow":["GET"]}}],"collection":[{"href":"https:\/\/univet.hu\/hu\/wp-json\/wp\/v2\/pages"}],"about":[{"href":"https:\/\/univet.hu\/hu\/wp-json\/wp\/v2\/types\/page"}],"author":[{"embeddable":true,"href":"https:\/\/univet.hu\/hu\/wp-json\/wp\/v2\/users\/6022"}],"replies":[{"embeddable":true,"href":"https:\/\/univet.hu\/hu\/wp-json\/wp\/v2\/comments?post=11327"}],"version-history":[{"count":0,"href":"https:\/\/univet.hu\/hu\/wp-json\/wp\/v2\/pages\/11327\/revisions"}],"up":[{"embeddable":true,"href":"https:\/\/univet.hu\/hu\/wp-json\/wp\/v2\/pages\/874"}],"wp:attachment":[{"href":"https:\/\/univet.hu\/hu\/wp-json\/wp\/v2\/media?parent=11327"}],"wp:term":[{"taxonomy":"category","embeddable":true,"href":"https:\/\/univet.hu\/hu\/wp-json\/wp\/v2\/categories?post=11327"},{"taxonomy":"post_tag","embeddable":true,"href":"https:\/\/univet.hu\/hu\/wp-json\/wp\/v2\/tags?post=11327"}],"curies":[{"name":"wp","href":"https:\/\/api.w.org\/{rel}","templated":true}]}}