{"id":11328,"date":"2016-02-04T16:00:00","date_gmt":"2016-02-04T15:00:00","guid":{"rendered":"http:\/\/univet.hu\/kutatas\/temak\/kutya-es-macska-parvovirusok-genetikai-valtozekonysaga\/"},"modified":"2016-02-04T16:00:00","modified_gmt":"2016-02-04T15:00:00","slug":"kutya-es-macska-parvovirusok-genetikai-valtozekonysaga","status":"publish","type":"page","link":"https:\/\/univet.hu\/hu\/kutatas\/temak\/kutya-es-macska-parvovirusok-genetikai-valtozekonysaga\/","title":{"rendered":"Kutya \u00e9s macska parvov\u00edrusok genetikai v\u00e1ltoz\u00e9konys\u00e1ga"},"content":{"rendered":"<p>A rendszeres vakcin\u00e1z\u00e1sok hat\u00e1s\u00e1ra az oltott egyedekben a parvov\u00edrusok \u00fajabb genetikai \u00e9s antig\u00e9n szerkezeti vari\u00e1nsai jelennek meg. A c\u00e9l ezeknek a vari\u00e1nsoknak a felt\u00e9rk\u00e9pez\u00e9se \u00e9s a potenci\u00e1lis vakcina jel\u00f6ltek meghat\u00e1roz\u00e1sa.<br \/>Kapcsolattart\u00f3: dr. Cs\u00e1gola Attila<\/p>","protected":false},"excerpt":{"rendered":"<p>A rendszeres vakcin\u00e1z\u00e1sok hat\u00e1s\u00e1ra az oltott egyedekben a parvov\u00edrusok \u00fajabb genetikai \u00e9s antig\u00e9n szerkezeti vari\u00e1nsai jelennek meg. A c\u00e9l ezeknek a vari\u00e1nsoknak a felt\u00e9rk\u00e9pez\u00e9se \u00e9s a potenci\u00e1lis vakcina jel\u00f6ltek meghat\u00e1roz\u00e1sa.Kapcsolattart\u00f3: dr. Cs\u00e1gola Attila<\/p>\n","protected":false},"author":6022,"featured_media":0,"parent":874,"menu_order":154,"comment_status":"closed","ping_status":"closed","template":"","meta":{"_acf_changed":false,"footnotes":""},"categories":[],"tags":[],"class_list":["post-11328","page","type-page","status-publish","hentry"],"acf":[],"_links":{"self":[{"href":"https:\/\/univet.hu\/hu\/wp-json\/wp\/v2\/pages\/11328","targetHints":{"allow":["GET"]}}],"collection":[{"href":"https:\/\/univet.hu\/hu\/wp-json\/wp\/v2\/pages"}],"about":[{"href":"https:\/\/univet.hu\/hu\/wp-json\/wp\/v2\/types\/page"}],"author":[{"embeddable":true,"href":"https:\/\/univet.hu\/hu\/wp-json\/wp\/v2\/users\/6022"}],"replies":[{"embeddable":true,"href":"https:\/\/univet.hu\/hu\/wp-json\/wp\/v2\/comments?post=11328"}],"version-history":[{"count":0,"href":"https:\/\/univet.hu\/hu\/wp-json\/wp\/v2\/pages\/11328\/revisions"}],"up":[{"embeddable":true,"href":"https:\/\/univet.hu\/hu\/wp-json\/wp\/v2\/pages\/874"}],"wp:attachment":[{"href":"https:\/\/univet.hu\/hu\/wp-json\/wp\/v2\/media?parent=11328"}],"wp:term":[{"taxonomy":"category","embeddable":true,"href":"https:\/\/univet.hu\/hu\/wp-json\/wp\/v2\/categories?post=11328"},{"taxonomy":"post_tag","embeddable":true,"href":"https:\/\/univet.hu\/hu\/wp-json\/wp\/v2\/tags?post=11328"}],"curies":[{"name":"wp","href":"https:\/\/api.w.org\/{rel}","templated":true}]}}