{"id":11329,"date":"2017-02-21T10:29:00","date_gmt":"2017-02-21T09:29:00","guid":{"rendered":"http:\/\/univet.hu\/kutatas\/temak\/kutyasperma-fagyasztasa-a-melyhutott-sperma-eletkepesseget-befolyasolo-tenyezok-tanulmanyozasa\/"},"modified":"2026-03-24T13:09:32","modified_gmt":"2026-03-24T12:09:32","slug":"kutyasperma-fagyasztasa-a-melyhutott-sperma-eletkepesseget-befolyasolo-tenyezok-tanulmanyozasa","status":"publish","type":"page","link":"https:\/\/univet.hu\/hu\/kutatas\/temak\/kutyasperma-fagyasztasa-a-melyhutott-sperma-eletkepesseget-befolyasolo-tenyezok-tanulmanyozasa\/","title":{"rendered":"Kutyasperma fagyaszt\u00e1sa, a m\u00e9lyh\u0171t\u00f6tt sperma \u00e9letk\u00e9pess\u00e9g\u00e9t befoly\u00e1sol\u00f3 t\u00e9nyez\u0151k tanulm\u00e1nyoz\u00e1sa"},"content":{"rendered":"<p>Kutyasperma m\u00e9lyh\u0171t\u00e9se \u00e9s a spermiumok fagyaszt\u00e1st k\u00f6vet\u0151 t\u00fal\u00e9l\u00e9s\u00e9t befoly\u00e1sol\u00f3 t\u00e9nyez\u0151k tanulm\u00e1nyoz\u00e1sa (pl. h\u0171t\u00e9si sebess\u00e9g, krioprotekt\u00edv anyag, DNS integrit\u00e1s, stb.)<\/p>","protected":false},"excerpt":{"rendered":"<p>Kutyasperma m\u00e9lyh\u0171t\u00e9se \u00e9s a spermiumok fagyaszt\u00e1st k\u00f6vet\u0151 t\u00fal\u00e9l\u00e9s\u00e9t befoly\u00e1sol\u00f3 t\u00e9nyez\u0151k tanulm\u00e1nyoz\u00e1sa (pl. h\u0171t\u00e9si sebess\u00e9g, krioprotekt\u00edv anyag, DNS integrit\u00e1s, stb.)<\/p>\n","protected":false},"author":6022,"featured_media":0,"parent":874,"menu_order":154,"comment_status":"closed","ping_status":"closed","template":"","meta":{"_acf_changed":false,"footnotes":""},"categories":[],"tags":[],"class_list":["post-11329","page","type-page","status-publish","hentry"],"acf":[],"_links":{"self":[{"href":"https:\/\/univet.hu\/hu\/wp-json\/wp\/v2\/pages\/11329","targetHints":{"allow":["GET"]}}],"collection":[{"href":"https:\/\/univet.hu\/hu\/wp-json\/wp\/v2\/pages"}],"about":[{"href":"https:\/\/univet.hu\/hu\/wp-json\/wp\/v2\/types\/page"}],"author":[{"embeddable":true,"href":"https:\/\/univet.hu\/hu\/wp-json\/wp\/v2\/users\/6022"}],"replies":[{"embeddable":true,"href":"https:\/\/univet.hu\/hu\/wp-json\/wp\/v2\/comments?post=11329"}],"version-history":[{"count":1,"href":"https:\/\/univet.hu\/hu\/wp-json\/wp\/v2\/pages\/11329\/revisions"}],"predecessor-version":[{"id":204070,"href":"https:\/\/univet.hu\/hu\/wp-json\/wp\/v2\/pages\/11329\/revisions\/204070"}],"up":[{"embeddable":true,"href":"https:\/\/univet.hu\/hu\/wp-json\/wp\/v2\/pages\/874"}],"wp:attachment":[{"href":"https:\/\/univet.hu\/hu\/wp-json\/wp\/v2\/media?parent=11329"}],"wp:term":[{"taxonomy":"category","embeddable":true,"href":"https:\/\/univet.hu\/hu\/wp-json\/wp\/v2\/categories?post=11329"},{"taxonomy":"post_tag","embeddable":true,"href":"https:\/\/univet.hu\/hu\/wp-json\/wp\/v2\/tags?post=11329"}],"curies":[{"name":"wp","href":"https:\/\/api.w.org\/{rel}","templated":true}]}}