{"id":11330,"date":"2016-02-04T16:00:00","date_gmt":"2016-02-04T15:00:00","guid":{"rendered":"http:\/\/univet.hu\/kutatas\/temak\/kulonbozo-formaban-adagolt-butirat-felszivodasi-kinetikajanak-vizsgalata-csirkeben\/"},"modified":"2016-02-04T16:00:00","modified_gmt":"2016-02-04T15:00:00","slug":"kulonbozo-formaban-adagolt-butirat-felszivodasi-kinetikajanak-vizsgalata-csirkeben","status":"publish","type":"page","link":"https:\/\/univet.hu\/hu\/kutatas\/temak\/kulonbozo-formaban-adagolt-butirat-felszivodasi-kinetikajanak-vizsgalata-csirkeben\/","title":{"rendered":"K\u00fcl\u00f6nb\u00f6z\u0151 form\u00e1ban adagolt butir\u00e1t felsz\u00edv\u00f3d\u00e1si kinetik\u00e1j\u00e1nak vizsg\u00e1lata csirk\u00e9ben"},"content":{"rendered":"<p>A takarm\u00e1ny-kieg\u00e9sz\u00edt\u0151k\u00e9nt adott v\u00e9dett (mikrokapszul\u00e1zott) \u00e9s nem v\u00e9dett butir\u00e1t b\u00e9lbeli eloszl\u00e1s\u00e1nak \u00e9s felsz\u00edv\u00f3d\u00e1si kinetik\u00e1j\u00e1nak vizsg\u00e1lata brojlercsirk\u00e9ben. Tov\u00e1bb\u00e1 a butir\u00e1t enter\u00e1lis keletkez\u00e9s\u00e9t el\u0151seg\u00edt\u0151, k\u00fcl\u00f6nb\u00f6z\u0151 NSP (non-starch polysaccharide)-tartalm\u00fa takarm\u00e1nyok hat\u00e1s\u00e1nak vizsg\u00e1lata ugyanezen rendszerben. Egy\u00fcttm\u0171k\u00f6d\u00e9s a Pannon Egyetem Georgikon Kar\u00e1val (Prof. Husv\u00e9th Ferenc, Dr. W\u00e1gner L\u00e1szl\u00f3).<\/p> <p>R\u00e9sztvev\u0151k:\u00a0Kulcs\u00e1r Anna, Dr. M\u00e1tis G\u00e1bor, Kulcs\u00e1rn\u00e9 dr. Petrilla Janka, Dr. Neogr\u00e1dy Zsuzsanna<\/p>","protected":false},"excerpt":{"rendered":"<p>A takarm\u00e1ny-kieg\u00e9sz\u00edt\u0151k\u00e9nt adott v\u00e9dett (mikrokapszul\u00e1zott) \u00e9s nem v\u00e9dett butir\u00e1t b\u00e9lbeli eloszl\u00e1s\u00e1nak \u00e9s felsz\u00edv\u00f3d\u00e1si kinetik\u00e1j\u00e1nak vizsg\u00e1lata brojlercsirk\u00e9ben. Tov\u00e1bb\u00e1 a butir\u00e1t enter\u00e1lis keletkez\u00e9s\u00e9t el\u0151seg\u00edt\u0151, k\u00fcl\u00f6nb\u00f6z\u0151 NSP (non-starch polysaccharide)-tartalm\u00fa takarm\u00e1nyok hat\u00e1s\u00e1nak vizsg\u00e1lata ugyanezen rendszerben. Egy\u00fcttm\u0171k\u00f6d\u00e9s a Pannon Egyetem Georgikon Kar\u00e1val (Prof. Husv\u00e9th Ferenc, Dr. W\u00e1gner L\u00e1szl\u00f3). R\u00e9sztvev\u0151k:\u00a0Kulcs\u00e1r Anna, Dr. M\u00e1tis G\u00e1bor, Kulcs\u00e1rn\u00e9 dr. Petrilla Janka, Dr. Neogr\u00e1dy Zsuzsanna<\/p>\n","protected":false},"author":6022,"featured_media":0,"parent":874,"menu_order":154,"comment_status":"closed","ping_status":"closed","template":"","meta":{"_acf_changed":false,"footnotes":""},"categories":[],"tags":[],"class_list":["post-11330","page","type-page","status-publish","hentry"],"acf":[],"_links":{"self":[{"href":"https:\/\/univet.hu\/hu\/wp-json\/wp\/v2\/pages\/11330","targetHints":{"allow":["GET"]}}],"collection":[{"href":"https:\/\/univet.hu\/hu\/wp-json\/wp\/v2\/pages"}],"about":[{"href":"https:\/\/univet.hu\/hu\/wp-json\/wp\/v2\/types\/page"}],"author":[{"embeddable":true,"href":"https:\/\/univet.hu\/hu\/wp-json\/wp\/v2\/users\/6022"}],"replies":[{"embeddable":true,"href":"https:\/\/univet.hu\/hu\/wp-json\/wp\/v2\/comments?post=11330"}],"version-history":[{"count":0,"href":"https:\/\/univet.hu\/hu\/wp-json\/wp\/v2\/pages\/11330\/revisions"}],"up":[{"embeddable":true,"href":"https:\/\/univet.hu\/hu\/wp-json\/wp\/v2\/pages\/874"}],"wp:attachment":[{"href":"https:\/\/univet.hu\/hu\/wp-json\/wp\/v2\/media?parent=11330"}],"wp:term":[{"taxonomy":"category","embeddable":true,"href":"https:\/\/univet.hu\/hu\/wp-json\/wp\/v2\/categories?post=11330"},{"taxonomy":"post_tag","embeddable":true,"href":"https:\/\/univet.hu\/hu\/wp-json\/wp\/v2\/tags?post=11330"}],"curies":[{"name":"wp","href":"https:\/\/api.w.org\/{rel}","templated":true}]}}