{"id":11332,"date":"2016-02-04T16:00:00","date_gmt":"2016-02-04T15:00:00","guid":{"rendered":"http:\/\/univet.hu\/kutatas\/temak\/kulonfele-allatfajokbol-primer-majsejttenyeszetek-keszitese-es-jellemzese-in-vitro-modellek-kidolgozasa\/"},"modified":"2016-02-04T16:00:00","modified_gmt":"2016-02-04T15:00:00","slug":"kulonfele-allatfajokbol-primer-majsejttenyeszetek-keszitese-es-jellemzese-in-vitro-modellek-kidolgozasa","status":"publish","type":"page","link":"https:\/\/univet.hu\/hu\/kutatas\/temak\/kulonfele-allatfajokbol-primer-majsejttenyeszetek-keszitese-es-jellemzese-in-vitro-modellek-kidolgozasa\/","title":{"rendered":"K\u00fcl\u00f6nf\u00e9le \u00e1llatfajokb\u00f3l primer m\u00e1jsejtteny\u00e9szetek k\u00e9sz\u00edt\u00e9se \u00e9s jellemz\u00e9se: in vitro modellek kidolgoz\u00e1sa"},"content":{"rendered":"<p>Sert\u00e9s, csirke \u00e9s patk\u00e1ny primer m\u00e1jsejtteny\u00e9szetek k\u00e9sz\u00edt\u00e9se, jellemz\u00e9se (immunhisztok\u00e9mia, ELISA), a Kupffer-sejtek ar\u00e1ny\u00e1nak vizsg\u00e1lata. Gyullad\u00e1sos \u00e9s metabolikus in vitro modellek kidolgoz\u00e1sa: hepatocyta \u2013 Kupffer-sejt ko-kult\u00fara kialak\u00edt\u00e1sa, \u00e9s a tov\u00e1bbiakban enterohepatikus modellek fejleszt\u00e9se. Egy\u00fcttm\u0171k\u00f6d\u00e9s a Micromol GmbH-val (Karlsruhe), Dr. Wolfgang Rudy \u00e9s Dagmara Schulte kutat\u00f3kkal.<\/p> <p>R\u00e9sztvev\u0151k:\u00a0Dr. M\u00e1tis G\u00e1bor, Dr. Neogr\u00e1dy Zsuzsanna<\/p>","protected":false},"excerpt":{"rendered":"<p>Sert\u00e9s, csirke \u00e9s patk\u00e1ny primer m\u00e1jsejtteny\u00e9szetek k\u00e9sz\u00edt\u00e9se, jellemz\u00e9se (immunhisztok\u00e9mia, ELISA), a Kupffer-sejtek ar\u00e1ny\u00e1nak vizsg\u00e1lata. Gyullad\u00e1sos \u00e9s metabolikus in vitro modellek kidolgoz\u00e1sa: hepatocyta \u2013 Kupffer-sejt ko-kult\u00fara kialak\u00edt\u00e1sa, \u00e9s a tov\u00e1bbiakban enterohepatikus modellek fejleszt\u00e9se. Egy\u00fcttm\u0171k\u00f6d\u00e9s a Micromol GmbH-val (Karlsruhe), Dr. Wolfgang Rudy \u00e9s Dagmara Schulte kutat\u00f3kkal. R\u00e9sztvev\u0151k:\u00a0Dr. M\u00e1tis G\u00e1bor, Dr. Neogr\u00e1dy Zsuzsanna<\/p>\n","protected":false},"author":6022,"featured_media":0,"parent":874,"menu_order":154,"comment_status":"closed","ping_status":"closed","template":"","meta":{"_acf_changed":false,"footnotes":""},"categories":[],"tags":[],"class_list":["post-11332","page","type-page","status-publish","hentry"],"acf":[],"_links":{"self":[{"href":"https:\/\/univet.hu\/hu\/wp-json\/wp\/v2\/pages\/11332","targetHints":{"allow":["GET"]}}],"collection":[{"href":"https:\/\/univet.hu\/hu\/wp-json\/wp\/v2\/pages"}],"about":[{"href":"https:\/\/univet.hu\/hu\/wp-json\/wp\/v2\/types\/page"}],"author":[{"embeddable":true,"href":"https:\/\/univet.hu\/hu\/wp-json\/wp\/v2\/users\/6022"}],"replies":[{"embeddable":true,"href":"https:\/\/univet.hu\/hu\/wp-json\/wp\/v2\/comments?post=11332"}],"version-history":[{"count":0,"href":"https:\/\/univet.hu\/hu\/wp-json\/wp\/v2\/pages\/11332\/revisions"}],"up":[{"embeddable":true,"href":"https:\/\/univet.hu\/hu\/wp-json\/wp\/v2\/pages\/874"}],"wp:attachment":[{"href":"https:\/\/univet.hu\/hu\/wp-json\/wp\/v2\/media?parent=11332"}],"wp:term":[{"taxonomy":"category","embeddable":true,"href":"https:\/\/univet.hu\/hu\/wp-json\/wp\/v2\/categories?post=11332"},{"taxonomy":"post_tag","embeddable":true,"href":"https:\/\/univet.hu\/hu\/wp-json\/wp\/v2\/tags?post=11332"}],"curies":[{"name":"wp","href":"https:\/\/api.w.org\/{rel}","templated":true}]}}