{"id":11337,"date":"2017-03-01T10:35:00","date_gmt":"2017-03-01T09:35:00","guid":{"rendered":"http:\/\/univet.hu\/kutatas\/temak\/lovak-es-szarvasmarhak-meddosegenek-okai-kezelesi-lehetosegei-es-hatasa-az-allattenyesztesben\/"},"modified":"2017-03-01T10:35:00","modified_gmt":"2017-03-01T09:35:00","slug":"lovak-es-szarvasmarhak-meddosegenek-okai-kezelesi-lehetosegei-es-hatasa-az-allattenyesztesben","status":"publish","type":"page","link":"https:\/\/univet.hu\/hu\/kutatas\/temak\/lovak-es-szarvasmarhak-meddosegenek-okai-kezelesi-lehetosegei-es-hatasa-az-allattenyesztesben\/","title":{"rendered":"Lovak \u00e9s szarvasmarh\u00e1k medd\u0151s\u00e9g\u00e9nek okai, kezel\u00e9si lehet\u0151s\u00e9gei \u00e9s hat\u00e1sa az \u00e1llatteny\u00e9szt\u00e9sben"},"content":{"rendered":"","protected":false},"excerpt":{"rendered":"","protected":false},"author":6022,"featured_media":0,"parent":874,"menu_order":154,"comment_status":"closed","ping_status":"closed","template":"","meta":{"_acf_changed":false,"footnotes":""},"categories":[],"tags":[],"class_list":["post-11337","page","type-page","status-publish","hentry"],"acf":[],"_links":{"self":[{"href":"https:\/\/univet.hu\/hu\/wp-json\/wp\/v2\/pages\/11337","targetHints":{"allow":["GET"]}}],"collection":[{"href":"https:\/\/univet.hu\/hu\/wp-json\/wp\/v2\/pages"}],"about":[{"href":"https:\/\/univet.hu\/hu\/wp-json\/wp\/v2\/types\/page"}],"author":[{"embeddable":true,"href":"https:\/\/univet.hu\/hu\/wp-json\/wp\/v2\/users\/6022"}],"replies":[{"embeddable":true,"href":"https:\/\/univet.hu\/hu\/wp-json\/wp\/v2\/comments?post=11337"}],"version-history":[{"count":0,"href":"https:\/\/univet.hu\/hu\/wp-json\/wp\/v2\/pages\/11337\/revisions"}],"up":[{"embeddable":true,"href":"https:\/\/univet.hu\/hu\/wp-json\/wp\/v2\/pages\/874"}],"wp:attachment":[{"href":"https:\/\/univet.hu\/hu\/wp-json\/wp\/v2\/media?parent=11337"}],"wp:term":[{"taxonomy":"category","embeddable":true,"href":"https:\/\/univet.hu\/hu\/wp-json\/wp\/v2\/categories?post=11337"},{"taxonomy":"post_tag","embeddable":true,"href":"https:\/\/univet.hu\/hu\/wp-json\/wp\/v2\/tags?post=11337"}],"curies":[{"name":"wp","href":"https:\/\/api.w.org\/{rel}","templated":true}]}}