{"id":11339,"date":"2016-02-04T16:00:00","date_gmt":"2016-02-04T15:00:00","guid":{"rendered":"http:\/\/univet.hu\/kutatas\/temak\/lovak-szamitogepes-mozgasanalizise-videofelvetelek-alapjan\/"},"modified":"2016-02-04T16:00:00","modified_gmt":"2016-02-04T15:00:00","slug":"lovak-szamitogepes-mozgasanalizise-videofelvetelek-alapjan","status":"publish","type":"page","link":"https:\/\/univet.hu\/hu\/kutatas\/temak\/lovak-szamitogepes-mozgasanalizise-videofelvetelek-alapjan\/","title":{"rendered":"Lovak sz\u00e1m\u00edt\u00f3g\u00e9pes mozg\u00e1sanal\u00edzise videofelv\u00e9telek alapj\u00e1n"},"content":{"rendered":"<p>Szalay, F., Back, W., Barneveld, A., Schamhardt, H. and Haj\u00f3s, F.: A comparative study of home video-Macintosh computer basedand modified CODA-3 systems in equine motion analysis. The 3rd International Workshop on Animal Locomotion. 20-22 May, 1996.<\/p> <p>Szalay, F., Back, W., Barneveld, A., Schamhardt, H. and Haj\u00f3s, F. (2002) Comparison of VHS video recording system with apple macintosh-based image analysis and modified CODA-3 systems in equine motion analysis. Acta Veterinaria Hungarica 50 (2), pp. 167-176 <\/p>","protected":false},"excerpt":{"rendered":"<p>Szalay, F., Back, W., Barneveld, A., Schamhardt, H. and Haj\u00f3s, F.: A comparative study of home video-Macintosh computer basedand modified CODA-3 systems in equine motion analysis. The 3rd International Workshop on Animal Locomotion. 20-22 May, 1996. Szalay, F., Back, W., Barneveld, A., Schamhardt, H. and Haj\u00f3s, F. (2002) Comparison of VHS video recording system with<\/p>\n","protected":false},"author":6022,"featured_media":0,"parent":874,"menu_order":154,"comment_status":"closed","ping_status":"closed","template":"","meta":{"_acf_changed":false,"footnotes":""},"categories":[],"tags":[],"class_list":["post-11339","page","type-page","status-publish","hentry"],"acf":[],"_links":{"self":[{"href":"https:\/\/univet.hu\/hu\/wp-json\/wp\/v2\/pages\/11339","targetHints":{"allow":["GET"]}}],"collection":[{"href":"https:\/\/univet.hu\/hu\/wp-json\/wp\/v2\/pages"}],"about":[{"href":"https:\/\/univet.hu\/hu\/wp-json\/wp\/v2\/types\/page"}],"author":[{"embeddable":true,"href":"https:\/\/univet.hu\/hu\/wp-json\/wp\/v2\/users\/6022"}],"replies":[{"embeddable":true,"href":"https:\/\/univet.hu\/hu\/wp-json\/wp\/v2\/comments?post=11339"}],"version-history":[{"count":0,"href":"https:\/\/univet.hu\/hu\/wp-json\/wp\/v2\/pages\/11339\/revisions"}],"up":[{"embeddable":true,"href":"https:\/\/univet.hu\/hu\/wp-json\/wp\/v2\/pages\/874"}],"wp:attachment":[{"href":"https:\/\/univet.hu\/hu\/wp-json\/wp\/v2\/media?parent=11339"}],"wp:term":[{"taxonomy":"category","embeddable":true,"href":"https:\/\/univet.hu\/hu\/wp-json\/wp\/v2\/categories?post=11339"},{"taxonomy":"post_tag","embeddable":true,"href":"https:\/\/univet.hu\/hu\/wp-json\/wp\/v2\/tags?post=11339"}],"curies":[{"name":"wp","href":"https:\/\/api.w.org\/{rel}","templated":true}]}}