{"id":11340,"date":"2016-02-04T16:00:00","date_gmt":"2016-02-04T15:00:00","guid":{"rendered":"http:\/\/univet.hu\/kutatas\/temak\/lps-altal-eloidezett-sejtszintu-gyulladasos-folyamatok-es-vedo-hatasu-anyagok-tesztelese-ipec-j2-belhamsejt-modellrendszeren\/"},"modified":"2016-02-04T16:00:00","modified_gmt":"2016-02-04T15:00:00","slug":"lps-altal-eloidezett-sejtszintu-gyulladasos-folyamatok-es-vedo-hatasu-anyagok-tesztelese-ipec-j2-belhamsejt-modellrendszeren","status":"publish","type":"page","link":"https:\/\/univet.hu\/hu\/kutatas\/temak\/lps-altal-eloidezett-sejtszintu-gyulladasos-folyamatok-es-vedo-hatasu-anyagok-tesztelese-ipec-j2-belhamsejt-modellrendszeren\/","title":{"rendered":"LPS \u00e1ltal el\u0151id\u00e9zett sejtszint\u0171 gyullad\u00e1sos folyamatok \u00e9s v\u00e9d\u0151 hat\u00e1s\u00fa anyagok tesztel\u00e9se IPEC-J2 b\u00e9lh\u00e1msejt modellrendszeren"},"content":{"rendered":"<p>Az elm\u00falt \u00e9vben a kis-d\u00f3zis\u00fa antibiotikumok hozamfokoz\u00f3k\u00e9nt val\u00f3 felhaszn\u00e1l\u00e1s\u00e1t az Eur\u00f3pai K\u00f6z\u00f6ss\u00e9g betiltotta, mivel bizonyos antibiotikumokkal szemben egyes k\u00f3rokoz\u00f3 bakt\u00e9riumokban rezisztencia alakult ki. Ebb\u0151l ad\u00f3d\u00f3an egyre n\u00f6vekszik az ig\u00e9ny, hogy a kis-d\u00f3zis\u00fa antibiotikumokat k\u00fcl\u00f6nf\u00e9le term\u00e9szetes anyagok, probiotikumok v\u00e1lts\u00e1k fel. A probiotikumok olyan \u00e9l\u0151 mikrobi\u00e1lis t\u00e1p- illetve \u00e9lelmiszer kieg\u00e9sz\u00edt\u0151k, amelyek elfogyasztva j\u00f3t\u00e9kony hat\u00e1ssal vannak a gazdaszervezet eg\u00e9szs\u00e9gi \u00e1llapot\u00e1ra, j\u00f3 k\u00f6z\u00e9rzet\u00e9re. A probiotikumok pozit\u00edv hat\u00e1sait m\u00e1r sz\u00e1mos esetben igazolt\u00e1k a b\u00e9lrendszer fert\u0151z\u00e9seinek, rendelleness\u00e9geinek illetve betegs\u00e9geinek megel\u0151z\u00e9s\u00e9ben \u00e9s\/vagy kezel\u00e9s\u00e9ben, azonban a jelens\u00e9gek m\u00f6g\u00f6tt h\u00faz\u00f3d\u00f3 mechanizmusok m\u00e9g sok esetben felfedez\u00e9sre v\u00e1rnak. K\u00eds\u00e9rleti munk\u00e1nkban a probiotikus bakt\u00e9riumok \u00e9s anyagcsere term\u00e9keik potenci\u00e1lis v\u00e9d\u0151 hat\u00e1s\u00e1t k\u00edv\u00e1njuk tanulm\u00e1nyozni a lipopoliszacharid (LPS) \u00e1ltal induk\u00e1lt sejtszint\u0171 folyamatokban. A v\u00e9konyb\u00e9lben lej\u00e1tsz\u00f3d\u00f3 komplex interakci\u00f3k modellez\u00e9s\u00e9re IPEC-J2 sejtvonal alkalmazunk, amely nem szop\u00f3s malacok jejunum\u00e1b\u00f3l sz\u00e1rmazik, \u00e9s folyamatos teny\u00e9szetben fenntarthat\u00f3. Az IL-6, IL-8, TNF-\u03b1 expresszi\u00f3j\u00e1t a transzkripci\u00f3 (mRNS szint real-time PCR-rel) \u00e9s a transzl\u00e1ci\u00f3 (feh\u00e9rje m\u00e9r\u00e9s ELISA m\u00f3dszerrel) szintj\u00e9n hat\u00e1rozzuk meg. Az LPS kezel\u00e9s hat\u00e1s\u00e1t az IPEC-J2 sejtr\u00e9teg integrit\u00e1s\u00e1ra transzepiteli\u00e1lis elektromos ellen\u00e1ll\u00e1s m\u00e9r\u00e9ssel \u00e9s FITC-dextr\u00e1n 4kDa \u00e1tjut\u00e1s vizsg\u00e1latokkal k\u00f6vetj\u00fck nyomon. Meghat\u00e1rozzuk az LPS \u00e1ltal induk\u00e1lt gyullad\u00e1ssal szembeni v\u00e9delemben szerepet j\u00e1tsz\u00f3 probiotikumokat, megk\u00eds\u00e9relj\u00fck azonos\u00edtani \u00e9s tiszt\u00edtani az akt\u00edv komponens(eke)t az anyagcsere term\u00e9kek k\u00f6z\u00f6tt. In vitro megfigyel\u00e9seinket in vivo \u00e1llatk\u00eds\u00e9rletekben (r\u00e1gcs\u00e1l\u00f3 \u00e9s\/vagy sert\u00e9s) k\u00edv\u00e1njuk ellen\u0151rizni. <\/p>","protected":false},"excerpt":{"rendered":"<p>Az elm\u00falt \u00e9vben a kis-d\u00f3zis\u00fa antibiotikumok hozamfokoz\u00f3k\u00e9nt val\u00f3 felhaszn\u00e1l\u00e1s\u00e1t az Eur\u00f3pai K\u00f6z\u00f6ss\u00e9g betiltotta, mivel bizonyos antibiotikumokkal szemben egyes k\u00f3rokoz\u00f3 bakt\u00e9riumokban rezisztencia alakult ki. Ebb\u0151l ad\u00f3d\u00f3an egyre n\u00f6vekszik az ig\u00e9ny, hogy a kis-d\u00f3zis\u00fa antibiotikumokat k\u00fcl\u00f6nf\u00e9le term\u00e9szetes anyagok, probiotikumok v\u00e1lts\u00e1k fel. A probiotikumok olyan \u00e9l\u0151 mikrobi\u00e1lis t\u00e1p- illetve \u00e9lelmiszer kieg\u00e9sz\u00edt\u0151k, amelyek elfogyasztva j\u00f3t\u00e9kony hat\u00e1ssal vannak a gazdaszervezet<\/p>\n","protected":false},"author":6022,"featured_media":0,"parent":874,"menu_order":154,"comment_status":"closed","ping_status":"closed","template":"","meta":{"_acf_changed":false,"footnotes":""},"categories":[],"tags":[],"class_list":["post-11340","page","type-page","status-publish","hentry"],"acf":[],"_links":{"self":[{"href":"https:\/\/univet.hu\/hu\/wp-json\/wp\/v2\/pages\/11340","targetHints":{"allow":["GET"]}}],"collection":[{"href":"https:\/\/univet.hu\/hu\/wp-json\/wp\/v2\/pages"}],"about":[{"href":"https:\/\/univet.hu\/hu\/wp-json\/wp\/v2\/types\/page"}],"author":[{"embeddable":true,"href":"https:\/\/univet.hu\/hu\/wp-json\/wp\/v2\/users\/6022"}],"replies":[{"embeddable":true,"href":"https:\/\/univet.hu\/hu\/wp-json\/wp\/v2\/comments?post=11340"}],"version-history":[{"count":0,"href":"https:\/\/univet.hu\/hu\/wp-json\/wp\/v2\/pages\/11340\/revisions"}],"up":[{"embeddable":true,"href":"https:\/\/univet.hu\/hu\/wp-json\/wp\/v2\/pages\/874"}],"wp:attachment":[{"href":"https:\/\/univet.hu\/hu\/wp-json\/wp\/v2\/media?parent=11340"}],"wp:term":[{"taxonomy":"category","embeddable":true,"href":"https:\/\/univet.hu\/hu\/wp-json\/wp\/v2\/categories?post=11340"},{"taxonomy":"post_tag","embeddable":true,"href":"https:\/\/univet.hu\/hu\/wp-json\/wp\/v2\/tags?post=11340"}],"curies":[{"name":"wp","href":"https:\/\/api.w.org\/{rel}","templated":true}]}}