{"id":11342,"date":"2017-01-20T14:45:00","date_gmt":"2017-01-20T13:45:00","guid":{"rendered":"http:\/\/univet.hu\/kutatas\/temak\/mdr-1-genmutacio-elterjedtsegenek-vizsgalata-az-erintett-kutyafajtak-magyarorszagi-allomanyaban\/"},"modified":"2020-11-26T15:37:33","modified_gmt":"2020-11-26T14:37:33","slug":"mdr-1-genmutacio-elterjedtsegenek-vizsgalata-az-erintett-kutyafajtak-magyarorszagi-allomanyaban","status":"publish","type":"page","link":"https:\/\/univet.hu\/hu\/kutatas\/temak\/mdr-1-genmutacio-elterjedtsegenek-vizsgalata-az-erintett-kutyafajtak-magyarorszagi-allomanyaban\/","title":{"rendered":"MDR-1 g\u00e9nmut\u00e1ci\u00f3 elterjedts\u00e9g\u00e9nek vizsg\u00e1lata az \u00e9rintett kutyafajt\u00e1k magyarorsz\u00e1gi \u00e1llom\u00e1ny\u00e1ban"},"content":{"rendered":"<p>Az MDR1-g\u00e9n (Multi-Drug Resistance) a P-glikoproteint k\u00f3dol\u00f3 g\u00e9n. A P-glikoprotein seg\u00edts\u00e9g\u00e9vel a v\u00e9r-agy g\u00e1ton \u00e1tjut\u00f3 toxikus anyagok, ki tudnak v\u00e1laszt\u00f3dni, \u00e9s \u00edgy nem halmoz\u00f3dnak f\u00f6l az agysz\u00f6vetben. Az MDR1-g\u00e9n mut\u00e1ci\u00f3ja eset\u00e9n a P-glikoprotein nem k\u00e9pes termel\u0151dni. Ennek k\u00f6vetkezt\u00e9ben a toxikus szerek az agysz\u00f6vetben felhalmoz\u00f3dva m\u00e9rgez\u00e9st id\u00e9znek el\u0151.<\/p> <p>Az \u00f6r\u00f6kletes MDR-1 g\u00e9nmut\u00e1ci\u00f3t sz\u00e1mos \u00e1llatfajban \u00e9s az emberekben is kimutatt\u00e1k. Azonban egyes kutyafajt\u00e1k eset\u00e9ben nagyon gyakran el\u0151fordul. Ilyen fajt\u00e1k p\u00e9ld\u00e1ul a collie, bobtail, n\u00e9met-, angol- \u00e9s ausztr\u00e1l juh\u00e1szkutya. Irodalmi adatok alapj\u00e1n egyes popul\u00e1ci\u00f3k \u00e9rintetts\u00e9ge ak\u00e1r 30%-ot is el\u00e9rheti. Az \u00e9rz\u00e9keny fajt\u00e1k egyedei tov\u00e1bb\u00e1 azok kever\u00e9kei is az \u00e1llatgy\u00f3gy\u00e1szatban egy\u00e9bk\u00e9nt biztons\u00e1gosan alkalmazott gy\u00f3gyszerek bead\u00e1s\u00e1t k\u00f6vet\u0151en gyorsan kialakul\u00f3, s\u00falyos m\u00e9rgez\u00e9si t\u00fcneteket mutatnak (ataxia, b\u00e1gyadts\u00e1g, idegrendszeri g\u00f6rcs\u00f6k). Ilyen, az \u00e1llatorvosl\u00e1sban viszonylag sz\u00e9les k\u00f6rben haszn\u00e1lt gy\u00f3gyszerek p\u00e9ld\u00e1ul az ivermectin, a loperamid, a doxorubicin, a cyclosporin, a digoxin, az acepromazin, a butorphanol, \u00e9s sz\u00e1mos tov\u00e1bbi vegy\u00fclet. Az \u00e9rintett egyedek a t\u00fcneti kezel\u00e9s ellen\u00e9re is gyakran elpusztulnak.<\/p> <p>Vizsg\u00e1lataink sor\u00e1n mint\u00e1t gy\u0171jt\u00fcnk a vesz\u00e9lyeztetett kutyafajt\u00e1k min\u00e9l nagyobb \u00e1llom\u00e1ny\u00e1b\u00f3l. A genetikai sz\u0171r\u00e9s sor\u00e1n a kutya v\u00e9r\u00e9b\u0151l DNS izol\u00e1l\u00e1sa, majd az MDR-1 mut\u00e1ci\u00f3 jelenl\u00e9t\u00e9nek all\u00e9l specifikusan t\u00f6rt\u00e9n\u0151 kimutat\u00e1sa PCR m\u00f3dszerrel.<\/p>","protected":false},"excerpt":{"rendered":"<p>Az MDR1-g\u00e9n (Multi-Drug Resistance) a P-glikoproteint k\u00f3dol\u00f3 g\u00e9n. A P-glikoprotein seg\u00edts\u00e9g\u00e9vel a v\u00e9r-agy g\u00e1ton \u00e1tjut\u00f3 toxikus anyagok, ki tudnak v\u00e1laszt\u00f3dni, \u00e9s \u00edgy nem halmoz\u00f3dnak f\u00f6l az agysz\u00f6vetben. Az MDR1-g\u00e9n mut\u00e1ci\u00f3ja eset\u00e9n a P-glikoprotein nem k\u00e9pes termel\u0151dni. Ennek k\u00f6vetkezt\u00e9ben a toxikus szerek az agysz\u00f6vetben felhalmoz\u00f3dva m\u00e9rgez\u00e9st id\u00e9znek el\u0151. Az \u00f6r\u00f6kletes MDR-1 g\u00e9nmut\u00e1ci\u00f3t sz\u00e1mos \u00e1llatfajban \u00e9s az<\/p>\n","protected":false},"author":6022,"featured_media":0,"parent":874,"menu_order":154,"comment_status":"closed","ping_status":"closed","template":"","meta":{"_acf_changed":false,"footnotes":""},"categories":[],"tags":[],"class_list":["post-11342","page","type-page","status-publish","hentry"],"acf":[],"_links":{"self":[{"href":"https:\/\/univet.hu\/hu\/wp-json\/wp\/v2\/pages\/11342","targetHints":{"allow":["GET"]}}],"collection":[{"href":"https:\/\/univet.hu\/hu\/wp-json\/wp\/v2\/pages"}],"about":[{"href":"https:\/\/univet.hu\/hu\/wp-json\/wp\/v2\/types\/page"}],"author":[{"embeddable":true,"href":"https:\/\/univet.hu\/hu\/wp-json\/wp\/v2\/users\/6022"}],"replies":[{"embeddable":true,"href":"https:\/\/univet.hu\/hu\/wp-json\/wp\/v2\/comments?post=11342"}],"version-history":[{"count":0,"href":"https:\/\/univet.hu\/hu\/wp-json\/wp\/v2\/pages\/11342\/revisions"}],"up":[{"embeddable":true,"href":"https:\/\/univet.hu\/hu\/wp-json\/wp\/v2\/pages\/874"}],"wp:attachment":[{"href":"https:\/\/univet.hu\/hu\/wp-json\/wp\/v2\/media?parent=11342"}],"wp:term":[{"taxonomy":"category","embeddable":true,"href":"https:\/\/univet.hu\/hu\/wp-json\/wp\/v2\/categories?post=11342"},{"taxonomy":"post_tag","embeddable":true,"href":"https:\/\/univet.hu\/hu\/wp-json\/wp\/v2\/tags?post=11342"}],"curies":[{"name":"wp","href":"https:\/\/api.w.org\/{rel}","templated":true}]}}