{"id":11343,"date":"2018-05-09T10:06:00","date_gmt":"2018-05-09T08:06:00","guid":{"rendered":"http:\/\/univet.hu\/kutatas\/temak\/meticillin-rezisztens-staphylococcus-aureus-mrsa-a-hazai-elelmiszerlancban-nagyallatok-es-gazdasagi-haszonallatok-mrsa-hordozasanak-felmerese-es-a-torzsek-reszletes-vizsgalata-efop-363-vekop-16-2017-0\/"},"modified":"2018-05-09T10:06:00","modified_gmt":"2018-05-09T08:06:00","slug":"meticillin-rezisztens-staphylococcus-aureus-mrsa-a-hazai-elelmiszerlancban-nagyallatok-es-gazdasagi-haszonallatok-mrsa-hordozasanak-felmerese-es-a-torzsek-reszletes-vizsgalata-efop-363-vekop-16-2017-0","status":"publish","type":"page","link":"https:\/\/univet.hu\/hu\/kutatas\/temak\/meticillin-rezisztens-staphylococcus-aureus-mrsa-a-hazai-elelmiszerlancban-nagyallatok-es-gazdasagi-haszonallatok-mrsa-hordozasanak-felmerese-es-a-torzsek-reszletes-vizsgalata-efop-363-vekop-16-2017-0\/","title":{"rendered":"Meticillin-rezisztens Staphylococcus aureus (MRSA) a hazai \u00e9lelmiszerl\u00e1ncban: nagy\u00e1llatok \u00e9s gazdas\u00e1gi haszon\u00e1llatok MRSA hordoz\u00e1s\u00e1nak felm\u00e9r\u00e9se \u00e9s a t\u00f6rzsek r\u00e9szletes vizsg\u00e1lata &#8211; EFOP-3.6.3-VEKOP-16-2017-00005"},"content":{"rendered":"<p>Az &eacute;lelemiszerl&aacute;ncon kereszt&uuml;l a fogyaszt&oacute;khoz ker&uuml;l\u0151 LA-MRSA t&ouml;rzsek sz&aacute;mos rezisztenciag&eacute;nt hordozhatnak &eacute;s k&eacute;pesek az emberben fert\u0151z&eacute;st okozni. Ez&eacute;rt \u2011 nemzetk&ouml;zi tapasztalatok alapj&aacute;n \u2011 az LA-MRSA t&ouml;rzsek folyamatos nyomon k&ouml;vet&eacute;se n&eacute;lk&uuml;l&ouml;zhetetlen azok &eacute;lelmiszerl&aacute;nc-biztons&aacute;gi kock&aacute;zatbecsl&eacute;se szempontj&aacute;b&oacute;l. A vonatkoz&oacute; szakirodalomban egyel\u0151re nincs naprak&eacute;sz adat a hazai &eacute;lelmiszertermel\u0151 &eacute;s m&aacute;s nagy&aacute;llatok MRSA\u2011hordoz&aacute;s&aacute;t, illetve a t&ouml;rzsek rezisztenciaprofilj&aacute;t ilet\u0151en.<\/p> <p>Szarvasmarha-, sert&eacute;s- &eacute;s ny&uacute;l&aacute;llom&aacute;nyokb&oacute;l izol&aacute;lt <em>S.&nbsp;aureus<\/em> t&ouml;rzsek jellemz&eacute;s&eacute;t &eacute;s a tal&aacute;lt MRSA t&ouml;rzsek r&eacute;szletes vizsg&aacute;lat&aacute;t v&eacute;gezz&uuml;k el. Hasonl&oacute; m&oacute;dszerrel sz\u0171rj&uuml;k az LTK klinikai eseteit is. A r&eacute;szletes vizsg&aacute;lat kiterjed a rezisztenciaprofil, tov&aacute;bb&aacute; az esetleges j&aacute;rv&aacute;nytani kapcsolatok, illetve a fontosabb virulenciag&eacute;nek felt&eacute;rk&eacute;pez&eacute;s&eacute;re. A szarvasmarha eredet\u0171 <em>S.&nbsp;aureus<\/em> t&ouml;rzseket r&eacute;szben a hazai tejlaborok biztos&iacute;tj&aacute;k, a sert&eacute;s &eacute;s l&oacute; eredet\u0171, illetve ny&uacute;l&aacute;llom&aacute;nyokb&oacute;l sz&aacute;rmaz&oacute;<em> S.&nbsp;aureus<\/em> izol&aacute;tumok eset&eacute;ben pedig nagy elemsz&aacute;m&uacute; t&ouml;rzsgy\u0171jtem&eacute;nnyel rendelkez&uuml;nk.<\/p> <p>A felm&eacute;r&eacute;sek sor&aacute;n sz&aacute;mszer\u0171s&iacute;thet\u0151 adatokat nyer&uuml;nk a hazai gazdas&aacute;gi haszon&aacute;llatok &eacute;s a l&oacute;popul&aacute;ci&oacute; MRSA-terhelts&eacute;g&eacute;r\u0151l. A r&eacute;szletes rezisztencia-, illetve genetikai vizsg&aacute;latok r&eacute;v&eacute;n k&eacute;pet kaphatunk az &eacute;lelmiszerl&aacute;ncot, illetve a hum&aacute;n eg&eacute;szs&eacute;g&uuml;gyet potenci&aacute;lisan vesz&eacute;lyeztet\u0151 MRSA-vonalak jelenl&eacute;t&eacute;r\u0151l.<\/p>","protected":false},"excerpt":{"rendered":"<p>Az &eacute;lelemiszerl&aacute;ncon kereszt&uuml;l a fogyaszt&oacute;khoz ker&uuml;l\u0151 LA-MRSA t&ouml;rzsek sz&aacute;mos rezisztenciag&eacute;nt hordozhatnak &eacute;s k&eacute;pesek az emberben fert\u0151z&eacute;st okozni. Ez&eacute;rt \u2011 nemzetk&ouml;zi tapasztalatok alapj&aacute;n \u2011 az LA-MRSA t&ouml;rzsek folyamatos nyomon k&ouml;vet&eacute;se n&eacute;lk&uuml;l&ouml;zhetetlen azok &eacute;lelmiszerl&aacute;nc-biztons&aacute;gi kock&aacute;zatbecsl&eacute;se szempontj&aacute;b&oacute;l. A vonatkoz&oacute; szakirodalomban egyel\u0151re nincs naprak&eacute;sz adat a hazai &eacute;lelmiszertermel\u0151 &eacute;s m&aacute;s nagy&aacute;llatok MRSA\u2011hordoz&aacute;s&aacute;t, illetve a t&ouml;rzsek rezisztenciaprofilj&aacute;t ilet\u0151en. Szarvasmarha-, sert&eacute;s-<\/p>\n","protected":false},"author":6022,"featured_media":0,"parent":874,"menu_order":154,"comment_status":"closed","ping_status":"closed","template":"","meta":{"_acf_changed":false,"footnotes":""},"categories":[],"tags":[],"class_list":["post-11343","page","type-page","status-publish","hentry"],"acf":[],"_links":{"self":[{"href":"https:\/\/univet.hu\/hu\/wp-json\/wp\/v2\/pages\/11343","targetHints":{"allow":["GET"]}}],"collection":[{"href":"https:\/\/univet.hu\/hu\/wp-json\/wp\/v2\/pages"}],"about":[{"href":"https:\/\/univet.hu\/hu\/wp-json\/wp\/v2\/types\/page"}],"author":[{"embeddable":true,"href":"https:\/\/univet.hu\/hu\/wp-json\/wp\/v2\/users\/6022"}],"replies":[{"embeddable":true,"href":"https:\/\/univet.hu\/hu\/wp-json\/wp\/v2\/comments?post=11343"}],"version-history":[{"count":0,"href":"https:\/\/univet.hu\/hu\/wp-json\/wp\/v2\/pages\/11343\/revisions"}],"up":[{"embeddable":true,"href":"https:\/\/univet.hu\/hu\/wp-json\/wp\/v2\/pages\/874"}],"wp:attachment":[{"href":"https:\/\/univet.hu\/hu\/wp-json\/wp\/v2\/media?parent=11343"}],"wp:term":[{"taxonomy":"category","embeddable":true,"href":"https:\/\/univet.hu\/hu\/wp-json\/wp\/v2\/categories?post=11343"},{"taxonomy":"post_tag","embeddable":true,"href":"https:\/\/univet.hu\/hu\/wp-json\/wp\/v2\/tags?post=11343"}],"curies":[{"name":"wp","href":"https:\/\/api.w.org\/{rel}","templated":true}]}}