{"id":11344,"date":"2016-02-04T16:00:00","date_gmt":"2016-02-04T15:00:00","guid":{"rendered":"http:\/\/univet.hu\/kutatas\/temak\/metoxiflavonok-jotekony-hatasanak-in-vitro-vizsgalata-sertes-bel-bakterialis-es-oxidativ-stressz-okozta-gyulladasa-eseten\/"},"modified":"2016-02-04T16:00:00","modified_gmt":"2016-02-04T15:00:00","slug":"metoxiflavonok-jotekony-hatasanak-in-vitro-vizsgalata-sertes-bel-bakterialis-es-oxidativ-stressz-okozta-gyulladasa-eseten","status":"publish","type":"page","link":"https:\/\/univet.hu\/hu\/kutatas\/temak\/metoxiflavonok-jotekony-hatasanak-in-vitro-vizsgalata-sertes-bel-bakterialis-es-oxidativ-stressz-okozta-gyulladasa-eseten\/","title":{"rendered":"Metoxiflavonok j\u00f3t\u00e9kony hat\u00e1s\u00e1nak in vitro vizsg\u00e1lata sert\u00e9s b\u00e9l bakteri\u00e1lis \u00e9s oxidat\u00edv stressz okozta gyullad\u00e1sa eset\u00e9n"},"content":{"rendered":"<p>A flavonoidok j\u00f3t\u00e9kony hat\u00e1sa az \u00e1llati \u00e9s emberi szervezetre r\u00e9g\u00f3ta ismert &#8211; bizony\u00edtott, hogy r\u00e1kellenes, gyullad\u00e1scs\u00f6kkent\u0151, \u00e9s bakt\u00e9riumellenes hat\u00e1ssal rendelkeznek. Kor\u00e1bban elfogadott volt, hogy ez antioxid\u00e1ns kapacit\u00e1sukkal \u00e1ll szoros \u00f6sszef\u00fcgg\u00e9sben. Az ut\u00f3bbi \u00e9vekben k\u00f6rvonalaz\u00f3dik egy olyan ir\u00e1nyvonal, miszerint m\u00e9gsem a flavonoidok &#8211; els\u0151sorban a nagysz\u00e1m\u00fa OH-csoport jelenl\u00e9t\u00e9hez k\u00f6thet\u0151- antioxid\u00e1ns aktivit\u00e1sa \u00e1ll ezeknek a j\u00f3t\u00e9kony hat\u00e1sok mechanizmus\u00e1nak h\u00e1tter\u00e9ben, hanem k\u00fcl\u00f6nf\u00e9le jel\u00e1tviteli utakon hatnak a flavonoidok \u00e9s metabolitjaik.<br \/>Azt is megfigyelt\u00e9k, hogy a sejtkult\u00far\u00e1n \u00edg\u00e9retes eredm\u00e9nyeket mutat\u00f3 flavonoidok nagy r\u00e9sze m\u00e1r nem k\u00e9pes az elv\u00e1rt hat\u00e1st in vivo kifejteni. Ennek oka az, hogy nagy r\u00e9sz\u00fck a b\u00e9lrendszerben \u00e9s a m\u00e1jban lebomlik. Az OCH3 csoportokkal rendelkez\u0151 metoxiflavonok jobban felsz\u00edv\u00f3dnak \u00e9s gyullad\u00e1scs\u00f6kkent\u0151 hat\u00e1suk bizonyos esetekben j\u00f3val jelent\u0151sebb, mint a kiz\u00e1r\u00f3lag OH csoportokkal rendelkez\u0151 flavonoidok\u00e9.<br \/>C\u00e9lunk egy olyan in vitro modell l\u00e9trehoz\u00e1sa, ami az in vivo viszonyokhoz a legink\u00e1bb hasonl\u00edtva modellezi a k\u00e9miai anyagok \u00e9s a patog\u00e9n bakt\u00e9riumok \u00e1ltal kiv\u00e1ltott stresszt a b\u00e9lh\u00e1mon. Ezt hidrog\u00e9n-peroxid, illetve bakteri\u00e1lis eredet\u0171 LPS kezel\u00e9ssel val\u00f3s\u00edtjuk meg, nem tumor eredet\u0171 sert\u00e9s b\u00e9lh\u00e1msejtvonalat (IPEC-J2) v\u00e1lasztva, \u00e9s ezen a modellen \u00edg\u00e9retesnek t\u0171n\u0151 metoxiflavonok gyullad\u00e1scs\u00f6kkent\u0151 hat\u00e1s\u00e1nak tesztel\u00e9se \u00e9s a v\u00e9d\u0151mechanizmus h\u00e1tter\u00e9nek felt\u00e9rk\u00e9pez\u00e9se.<br \/>A k\u00eds\u00e9rletek sor\u00e1n k\u00fcl\u00f6nf\u00e9le gyullad\u00e1ssal \u00f6sszef\u00fcgg\u00e9sben \u00e1ll\u00f3 vegy\u00fcletek (pl. gyullad\u00e1sos citokinek, h\u0151sokkfeh\u00e9rj\u00e9k stb.) mennyis\u00e9g\u00e9t a transzkripci\u00f3 \u00e9s a transzl\u00e1ci\u00f3 szintj\u00e9n vizsg\u00e1ljuk, qRT-PCR \u00e9s ELISA m\u00f3dszerrel.<\/p>","protected":false},"excerpt":{"rendered":"<p>A flavonoidok j\u00f3t\u00e9kony hat\u00e1sa az \u00e1llati \u00e9s emberi szervezetre r\u00e9g\u00f3ta ismert &#8211; bizony\u00edtott, hogy r\u00e1kellenes, gyullad\u00e1scs\u00f6kkent\u0151, \u00e9s bakt\u00e9riumellenes hat\u00e1ssal rendelkeznek. Kor\u00e1bban elfogadott volt, hogy ez antioxid\u00e1ns kapacit\u00e1sukkal \u00e1ll szoros \u00f6sszef\u00fcgg\u00e9sben. Az ut\u00f3bbi \u00e9vekben k\u00f6rvonalaz\u00f3dik egy olyan ir\u00e1nyvonal, miszerint m\u00e9gsem a flavonoidok &#8211; els\u0151sorban a nagysz\u00e1m\u00fa OH-csoport jelenl\u00e9t\u00e9hez k\u00f6thet\u0151- antioxid\u00e1ns aktivit\u00e1sa \u00e1ll ezeknek a j\u00f3t\u00e9kony hat\u00e1sok<\/p>\n","protected":false},"author":6022,"featured_media":0,"parent":874,"menu_order":154,"comment_status":"closed","ping_status":"closed","template":"","meta":{"_acf_changed":false,"footnotes":""},"categories":[],"tags":[],"class_list":["post-11344","page","type-page","status-publish","hentry"],"acf":[],"_links":{"self":[{"href":"https:\/\/univet.hu\/hu\/wp-json\/wp\/v2\/pages\/11344","targetHints":{"allow":["GET"]}}],"collection":[{"href":"https:\/\/univet.hu\/hu\/wp-json\/wp\/v2\/pages"}],"about":[{"href":"https:\/\/univet.hu\/hu\/wp-json\/wp\/v2\/types\/page"}],"author":[{"embeddable":true,"href":"https:\/\/univet.hu\/hu\/wp-json\/wp\/v2\/users\/6022"}],"replies":[{"embeddable":true,"href":"https:\/\/univet.hu\/hu\/wp-json\/wp\/v2\/comments?post=11344"}],"version-history":[{"count":0,"href":"https:\/\/univet.hu\/hu\/wp-json\/wp\/v2\/pages\/11344\/revisions"}],"up":[{"embeddable":true,"href":"https:\/\/univet.hu\/hu\/wp-json\/wp\/v2\/pages\/874"}],"wp:attachment":[{"href":"https:\/\/univet.hu\/hu\/wp-json\/wp\/v2\/media?parent=11344"}],"wp:term":[{"taxonomy":"category","embeddable":true,"href":"https:\/\/univet.hu\/hu\/wp-json\/wp\/v2\/categories?post=11344"},{"taxonomy":"post_tag","embeddable":true,"href":"https:\/\/univet.hu\/hu\/wp-json\/wp\/v2\/tags?post=11344"}],"curies":[{"name":"wp","href":"https:\/\/api.w.org\/{rel}","templated":true}]}}