{"id":11346,"date":"2016-10-11T09:25:00","date_gmt":"2016-10-11T07:25:00","guid":{"rendered":"http:\/\/univet.hu\/kutatas\/temak\/mikrobiologiai-elelmiszer-biztonsag\/"},"modified":"2016-10-11T09:25:00","modified_gmt":"2016-10-11T07:25:00","slug":"mikrobiologiai-elelmiszer-biztonsag","status":"publish","type":"page","link":"https:\/\/univet.hu\/hu\/kutatas\/temak\/mikrobiologiai-elelmiszer-biztonsag\/","title":{"rendered":"Mikrobiol\u00f3giai \u00e9lelmiszer-biztons\u00e1g"},"content":{"rendered":"<p>Mikrobiol&oacute;giai &eacute;lelmiszer-biztons&aacute;g<\/p> <p>&nbsp;<\/p> <p>1.&nbsp; A redoxpotenci&aacute;l v&aacute;ltoz&aacute;s&aacute;nak m&eacute;r&eacute;s&eacute;n alapul&oacute; gyors diagnosztikai m&oacute;dszerek fejleszt&eacute;se &eacute;s valid&aacute;l&aacute;sa k&oacute;rokoz&oacute; mikrob&aacute;k kimutat&aacute;s&aacute;ra k&uuml;l&ouml;nb&ouml;z\u0151 &eacute;lelmiszerekb\u0151l &eacute;s iv&oacute;v&iacute;zb\u0151l.<\/p> <p>&nbsp;<\/p> <p>2.&nbsp; A redoxpotenci&aacute;l v&aacute;ltoz&aacute;s&aacute;nak m&eacute;r&eacute;s&eacute;n alapul&oacute; m&oacute;dszer &eacute;s a kvantitat&iacute;v PCR-technika kombin&aacute;lt alkalmaz&aacute;sa Salmonella spp. &eacute;s Listeria monocytogenes gyors, megb&iacute;zhat&oacute; kimutat&aacute;s&aacute;ra k&uuml;l&ouml;nb&ouml;z\u0151 &eacute;lelmiszerekb\u0151l.<\/p> <p>&nbsp;<\/p> <p>&nbsp;<\/p> <p>3. Friss z&ouml;lds&eacute;gek, gy&uuml;m&ouml;lcs&ouml;k, n&ouml;v&eacute;nyi cs&iacute;r&aacute;k &eacute;s tengeri eredet\u0171 &eacute;lelmiszerek k&ouml;zeg&eacute;szs&eacute;g&uuml;gyileg jelent\u0151s bakt&eacute;riumok &eacute;s v&iacute;rusok &aacute;ltal okozott szennyezetts&eacute;g&eacute;nek vizsg&aacute;lata (a Mikrobiol&oacute;giai &eacute;s J&aacute;rv&aacute;nytani Tansz&eacute;kkel egy&uuml;ttm\u0171k&ouml;d&eacute;sben).<\/p> <p>&nbsp;<\/p> <p>&nbsp;<\/p> <p>Kapcsol&oacute;d&oacute; PhD t&eacute;m&aacute;k &eacute;s t&eacute;zisek az elm&uacute;lt 5 &eacute;vben<\/p> <p>1. Redoxpotenci&aacute;l m&eacute;r&eacute;sen alapul&oacute; gyors mikrobiol&oacute;giai m&oacute;dszer valid&aacute;l&aacute;sa &eacute;s ipari alkalmazhat&oacute;s&aacute;g&aacute;nak vizsg&aacute;lata.&nbsp; Szakm&aacute;r Katalin, 2009.<\/p> <p>&nbsp;<\/p> <p>2. A Campylobacterek el\u0151fordul&aacute;sa az &eacute;lelmiszerl&aacute;ncban, valamint k&ouml;rnyezeti t&eacute;nyez\u0151k hat&aacute;sa t&uacute;l&eacute;l&eacute;s&uuml;kre &eacute;s pusztul&aacute;sukra.&nbsp; J&oacute;zwi&aacute;k &Aacute;kos, 2010.<\/p> <p>&nbsp;<\/p> <p>3. Gyors mikrobiol&oacute;giai m&oacute;dszerek fejleszt&eacute;se &eacute;s alkalmaz&aacute;sa &eacute;lelmiszer- &eacute;s k&ouml;rnyezet-higi&eacute;niai vizsg&aacute;latokban.&nbsp; Erd\u0151si Orsolya, folyamatban<\/p> <p>&nbsp;<\/p> <p>&nbsp;<\/p> <p>Kapcsol&oacute;d&oacute; p&aacute;ly&aacute;zatok<\/p> <p>1. KMOP-4.2.1\/B-10-2011-0007 azonos&iacute;t&oacute; sz&aacute;m&uacute;, &bdquo;A fels\u0151oktat&aacute;si tev&eacute;kenys&eacute;gek sz&iacute;nvonal&aacute;nak emel&eacute;s&eacute;hez sz&uuml;ks&eacute;ges infrastrukt&uacute;ra fejleszt&eacute;sek t&aacute;mogat&aacute;sa&rdquo;. 2011-2013.<\/p> <p>2. T&Aacute;MOP-4.2.1.B-11\/2\/KMR-2011-0003azonos&iacute;t&oacute; sz&aacute;m&uacute;, &bdquo;Az oktat&aacute;s &eacute;s kutat&aacute;s sz&iacute;nvonal&aacute;nak emel&eacute;se a Szent Istv&aacute;n&nbsp; Egyetemen&rdquo;. 2012-2014.<\/p> <p>3. KTIA-AIK-12-12012-0012 azonos&iacute;t&oacute; sz&aacute;m&uacute;, &bdquo;&Eacute;lelmiszerbiztons&aacute;gi felt&eacute;teleknek megfelel\u0151 n&ouml;v&eacute;nyi &eacute;s &aacute;llati eredet\u0171 &eacute;lelmiszer alapanyagok el\u0151&aacute;ll&iacute;t&aacute;s&aacute;hoz kapcsol&oacute;d&oacute; alap &eacute;s ipari kutat&aacute;s&rdquo;&nbsp; 2013-2015.<\/p> <p>4. Friss z&ouml;lds&eacute;gek, gy&uuml;m&ouml;lcs&ouml;k, n&ouml;v&eacute;nyi cs&iacute;r&aacute;k &eacute;s tengeri eredet\u0171 &eacute;lelmiszerek k&ouml;zeg&eacute;szs&eacute;g&uuml;gyileg jelent\u0151s bakt&eacute;riumok &eacute;s v&iacute;rusok &aacute;ltal okozott szennyezetts&eacute;g&eacute;nek.vizsg&aacute;lata.&nbsp; OTKA, 2014, submitted.<\/p>","protected":false},"excerpt":{"rendered":"<p>Mikrobiol&oacute;giai &eacute;lelmiszer-biztons&aacute;g &nbsp; 1.&nbsp; A redoxpotenci&aacute;l v&aacute;ltoz&aacute;s&aacute;nak m&eacute;r&eacute;s&eacute;n alapul&oacute; gyors diagnosztikai m&oacute;dszerek fejleszt&eacute;se &eacute;s valid&aacute;l&aacute;sa k&oacute;rokoz&oacute; mikrob&aacute;k kimutat&aacute;s&aacute;ra k&uuml;l&ouml;nb&ouml;z\u0151 &eacute;lelmiszerekb\u0151l &eacute;s iv&oacute;v&iacute;zb\u0151l. &nbsp; 2.&nbsp; A redoxpotenci&aacute;l v&aacute;ltoz&aacute;s&aacute;nak m&eacute;r&eacute;s&eacute;n alapul&oacute; m&oacute;dszer &eacute;s a kvantitat&iacute;v PCR-technika kombin&aacute;lt alkalmaz&aacute;sa Salmonella spp. &eacute;s Listeria monocytogenes gyors, megb&iacute;zhat&oacute; kimutat&aacute;s&aacute;ra k&uuml;l&ouml;nb&ouml;z\u0151 &eacute;lelmiszerekb\u0151l. &nbsp; &nbsp; 3. Friss z&ouml;lds&eacute;gek, gy&uuml;m&ouml;lcs&ouml;k, n&ouml;v&eacute;nyi cs&iacute;r&aacute;k &eacute;s<\/p>\n","protected":false},"author":6022,"featured_media":0,"parent":874,"menu_order":154,"comment_status":"closed","ping_status":"closed","template":"","meta":{"_acf_changed":false,"footnotes":""},"categories":[],"tags":[],"class_list":["post-11346","page","type-page","status-publish","hentry"],"acf":[],"_links":{"self":[{"href":"https:\/\/univet.hu\/hu\/wp-json\/wp\/v2\/pages\/11346","targetHints":{"allow":["GET"]}}],"collection":[{"href":"https:\/\/univet.hu\/hu\/wp-json\/wp\/v2\/pages"}],"about":[{"href":"https:\/\/univet.hu\/hu\/wp-json\/wp\/v2\/types\/page"}],"author":[{"embeddable":true,"href":"https:\/\/univet.hu\/hu\/wp-json\/wp\/v2\/users\/6022"}],"replies":[{"embeddable":true,"href":"https:\/\/univet.hu\/hu\/wp-json\/wp\/v2\/comments?post=11346"}],"version-history":[{"count":0,"href":"https:\/\/univet.hu\/hu\/wp-json\/wp\/v2\/pages\/11346\/revisions"}],"up":[{"embeddable":true,"href":"https:\/\/univet.hu\/hu\/wp-json\/wp\/v2\/pages\/874"}],"wp:attachment":[{"href":"https:\/\/univet.hu\/hu\/wp-json\/wp\/v2\/media?parent=11346"}],"wp:term":[{"taxonomy":"category","embeddable":true,"href":"https:\/\/univet.hu\/hu\/wp-json\/wp\/v2\/categories?post=11346"},{"taxonomy":"post_tag","embeddable":true,"href":"https:\/\/univet.hu\/hu\/wp-json\/wp\/v2\/tags?post=11346"}],"curies":[{"name":"wp","href":"https:\/\/api.w.org\/{rel}","templated":true}]}}