{"id":11348,"date":"2016-02-04T16:00:00","date_gmt":"2016-02-04T15:00:00","guid":{"rendered":"http:\/\/univet.hu\/kutatas\/temak\/molekularis-farmakologia-kutatocsoport\/"},"modified":"2016-02-04T16:00:00","modified_gmt":"2016-02-04T15:00:00","slug":"molekularis-farmakologia-kutatocsoport","status":"publish","type":"page","link":"https:\/\/univet.hu\/hu\/kutatas\/temak\/molekularis-farmakologia-kutatocsoport\/","title":{"rendered":"MOLEKUL\u00c1RIS FARMAKOL\u00d3GIA KUTAT\u00d3CSOPORT"},"content":{"rendered":"<p>Kutat\u00f3csoport vezet\u0151: G\u00e1lfi P\u00e9ter<\/p> <p>Kutat\u00e1si ter\u00fcletek:<br \/>Gy\u00f3gyszer\u00e9szeti tudom\u00e1nyok, Klinikai Gy\u00f3gyszertan, Gy\u00f3gyszerk\u00e9mia, \u00c1llat-gy\u00f3gyszertan, Takarm\u00e1nyadal\u00e9kok, \u00c1llatorvosi Gy\u00f3gyszertan, Oxidat\u00edv stressz megel\u0151z\u00e9se, Hozamfokoz\u00e1s<\/p> <p>Hossz\u00fat\u00e1v\u00fa egy\u00fcttm\u0171k\u00f6d\u00e9sek: <br \/>MTA K\u00e9miai Kutat\u00f3k\u00f6zpont<br \/>Analkrom Kft <br \/>Innsbrucki Orvostudom\u00e1nyi Egyetem (Ausztria)<\/p> <p>Igenyelhet\u0151 szolg\u00e1lt\u00e1tasok <br \/>inzerten szapor\u00edtott sert\u00e9s jejunum sejtek haszn\u00e1lata oxidat\u00edv stressz modellez\u00e9s\u00e9re<br \/>interleukinok \u00e9s TNF-alfa expresszi\u00f3j\u00e1nak m\u00e9r\u00e9se <br \/>egyes hat\u00f3anyagok oxidat\u00edv stressz ellenes hat\u00e1s\u00e1nak m\u00e9r\u00e9se<\/p>","protected":false},"excerpt":{"rendered":"<p>Kutat\u00f3csoport vezet\u0151: G\u00e1lfi P\u00e9ter Kutat\u00e1si ter\u00fcletek:Gy\u00f3gyszer\u00e9szeti tudom\u00e1nyok, Klinikai Gy\u00f3gyszertan, Gy\u00f3gyszerk\u00e9mia, \u00c1llat-gy\u00f3gyszertan, Takarm\u00e1nyadal\u00e9kok, \u00c1llatorvosi Gy\u00f3gyszertan, Oxidat\u00edv stressz megel\u0151z\u00e9se, Hozamfokoz\u00e1s Hossz\u00fat\u00e1v\u00fa egy\u00fcttm\u0171k\u00f6d\u00e9sek: MTA K\u00e9miai Kutat\u00f3k\u00f6zpontAnalkrom Kft Innsbrucki Orvostudom\u00e1nyi Egyetem (Ausztria) Igenyelhet\u0151 szolg\u00e1lt\u00e1tasok inzerten szapor\u00edtott sert\u00e9s jejunum sejtek haszn\u00e1lata oxidat\u00edv stressz modellez\u00e9s\u00e9reinterleukinok \u00e9s TNF-alfa expresszi\u00f3j\u00e1nak m\u00e9r\u00e9se egyes hat\u00f3anyagok oxidat\u00edv stressz ellenes hat\u00e1s\u00e1nak m\u00e9r\u00e9se<\/p>\n","protected":false},"author":6022,"featured_media":0,"parent":874,"menu_order":154,"comment_status":"closed","ping_status":"closed","template":"","meta":{"_acf_changed":false,"footnotes":""},"categories":[],"tags":[],"class_list":["post-11348","page","type-page","status-publish","hentry"],"acf":[],"_links":{"self":[{"href":"https:\/\/univet.hu\/hu\/wp-json\/wp\/v2\/pages\/11348","targetHints":{"allow":["GET"]}}],"collection":[{"href":"https:\/\/univet.hu\/hu\/wp-json\/wp\/v2\/pages"}],"about":[{"href":"https:\/\/univet.hu\/hu\/wp-json\/wp\/v2\/types\/page"}],"author":[{"embeddable":true,"href":"https:\/\/univet.hu\/hu\/wp-json\/wp\/v2\/users\/6022"}],"replies":[{"embeddable":true,"href":"https:\/\/univet.hu\/hu\/wp-json\/wp\/v2\/comments?post=11348"}],"version-history":[{"count":0,"href":"https:\/\/univet.hu\/hu\/wp-json\/wp\/v2\/pages\/11348\/revisions"}],"up":[{"embeddable":true,"href":"https:\/\/univet.hu\/hu\/wp-json\/wp\/v2\/pages\/874"}],"wp:attachment":[{"href":"https:\/\/univet.hu\/hu\/wp-json\/wp\/v2\/media?parent=11348"}],"wp:term":[{"taxonomy":"category","embeddable":true,"href":"https:\/\/univet.hu\/hu\/wp-json\/wp\/v2\/categories?post=11348"},{"taxonomy":"post_tag","embeddable":true,"href":"https:\/\/univet.hu\/hu\/wp-json\/wp\/v2\/tags?post=11348"}],"curies":[{"name":"wp","href":"https:\/\/api.w.org\/{rel}","templated":true}]}}