{"id":1135,"date":"2018-03-22T15:52:00","date_gmt":"2017-10-06T11:32:00","guid":{"rendered":"http:\/\/univet.hu\/egyetem\/nemzetkozi-kapcsolatok\/egyeb-palyazati-lehetosegek\/"},"modified":"2024-03-05T11:21:48","modified_gmt":"2024-03-05T10:21:48","slug":"egyeb-palyazati-lehetosegek","status":"publish","type":"page","link":"https:\/\/univet.hu\/hu\/egyetem\/nemzetkozi-kapcsolatok\/egyeb-palyazati-lehetosegek\/","title":{"rendered":"Egy\u00e9b p\u00e1ly\u00e1zati lehet\u0151s\u00e9gek"},"content":{"rendered":"<p><u><strong>Egy\u00e9b p\u00e1ly\u00e1zati lehet\u0151s\u00e9gek<\/strong><\/u><\/p> <p><a href=\"https:\/\/tka.hu\/81\/osztondijkereso\" target=\"_blank\" rel=\"noopener\">\u00d6szt\u00f6nd\u00edjkeres\u0151<\/a><\/p> <p><b>Egy\u00e9b aktu\u00e1lis p\u00e1ly\u00e1zatok<\/b><\/p> <p>B\u0151vebb inform\u00e1ci\u00f3:\u00a0<a href=\"https:\/\/cwp.scholarship.hu\/Welcome.asp?lang=hu\" target=\"_blank\" rel=\"noopener\" data-replaced=\"true\">www.scholarship.hu<\/a><\/p> <p>&nbsp;<\/p> <p>Fulbright \u00f6szt\u00f6nd\u00edjprogram\u00a0<a href=\"http:\/\/www.fulbright.hu\/\" target=\"_blank\" rel=\"noopener\" data-replaced=\"true\">Inform\u00e1ci\u00f3<\/a><\/p> <p>DAAD\u00a0(Deutscher Akademischer Austauschdienst)\u00a0<a href=\"https:\/\/www.daad.de\/de\/index.html\" target=\"_blank\" rel=\"noopener\" data-replaced=\"true\">Inform\u00e1ci\u00f3<\/a><\/p> <p>La France en Hongrie\u00a0(Magyarorsz\u00e1gi Francia Nagyk\u00f6vets\u00e9g)\u00a0<a href=\"http:\/\/www.ambafrance-hu.org\/\" target=\"_blank\" rel=\"noopener\" data-replaced=\"true\">Inform\u00e1ci\u00f3<\/a><\/p> <p>CampusFrance Hongrie\u00a0<a href=\"http:\/\/www.campusfrance.org\/fr\/\" target=\"_blank\" rel=\"noopener\" data-replaced=\"true\">Inform\u00e1ci\u00f3<\/a><\/p> <p>\u00d6AD\u00a0(\u00d6sterreichischer Austauschdienst)\u00a0<a href=\"http:\/\/www.grants.at\/\" target=\"_blank\" rel=\"noopener\" data-replaced=\"true\">Inform\u00e1ci\u00f3<\/a><\/p> <p>Amerikai \u00d6szt\u00f6nd\u00edjak\u00a0<a href=\"http:\/\/www.educationusa.hu\/\" target=\"_blank\" rel=\"noopener\" data-replaced=\"true\">Inform\u00e1ci\u00f3<\/a><\/p> <p>CCUSA\u00a0<a href=\"http:\/\/www.ccusa.hu\/\" target=\"_blank\" rel=\"noopener\" data-replaced=\"true\">Information<\/a><\/p> <p>Mexik\u00f3i \u00e1llami \u00f6szt\u00f6nd\u00edjak <a href=\"http:\/\/www.gob.mx\/amexcid\/acciones-y-programas\/becas-para-extranjeros-29785\" data-replaced=\"true\">Inform\u00e1ci\u00f3<\/a><\/p>","protected":false},"excerpt":{"rendered":"<p>Egy\u00e9b p\u00e1ly\u00e1zati lehet\u0151s\u00e9gek \u00d6szt\u00f6nd\u00edjkeres\u0151 Egy\u00e9b aktu\u00e1lis p\u00e1ly\u00e1zatok B\u0151vebb inform\u00e1ci\u00f3:\u00a0www.scholarship.hu &nbsp; Fulbright \u00f6szt\u00f6nd\u00edjprogram\u00a0Inform\u00e1ci\u00f3 DAAD\u00a0(Deutscher Akademischer Austauschdienst)\u00a0Inform\u00e1ci\u00f3 La France en Hongrie\u00a0(Magyarorsz\u00e1gi Francia Nagyk\u00f6vets\u00e9g)\u00a0Inform\u00e1ci\u00f3 CampusFrance Hongrie\u00a0Inform\u00e1ci\u00f3 \u00d6AD\u00a0(\u00d6sterreichischer Austauschdienst)\u00a0Inform\u00e1ci\u00f3 Amerikai \u00d6szt\u00f6nd\u00edjak\u00a0Inform\u00e1ci\u00f3 CCUSA\u00a0Information Mexik\u00f3i \u00e1llami \u00f6szt\u00f6nd\u00edjak Inform\u00e1ci\u00f3<\/p>\n","protected":false},"author":1,"featured_media":0,"parent":1116,"menu_order":228,"comment_status":"closed","ping_status":"closed","template":"","meta":{"_acf_changed":false,"footnotes":""},"categories":[],"tags":[],"class_list":["post-1135","page","type-page","status-publish","hentry"],"acf":[],"_links":{"self":[{"href":"https:\/\/univet.hu\/hu\/wp-json\/wp\/v2\/pages\/1135","targetHints":{"allow":["GET"]}}],"collection":[{"href":"https:\/\/univet.hu\/hu\/wp-json\/wp\/v2\/pages"}],"about":[{"href":"https:\/\/univet.hu\/hu\/wp-json\/wp\/v2\/types\/page"}],"author":[{"embeddable":true,"href":"https:\/\/univet.hu\/hu\/wp-json\/wp\/v2\/users\/1"}],"replies":[{"embeddable":true,"href":"https:\/\/univet.hu\/hu\/wp-json\/wp\/v2\/comments?post=1135"}],"version-history":[{"count":0,"href":"https:\/\/univet.hu\/hu\/wp-json\/wp\/v2\/pages\/1135\/revisions"}],"up":[{"embeddable":true,"href":"https:\/\/univet.hu\/hu\/wp-json\/wp\/v2\/pages\/1116"}],"wp:attachment":[{"href":"https:\/\/univet.hu\/hu\/wp-json\/wp\/v2\/media?parent=1135"}],"wp:term":[{"taxonomy":"category","embeddable":true,"href":"https:\/\/univet.hu\/hu\/wp-json\/wp\/v2\/categories?post=1135"},{"taxonomy":"post_tag","embeddable":true,"href":"https:\/\/univet.hu\/hu\/wp-json\/wp\/v2\/tags?post=1135"}],"curies":[{"name":"wp","href":"https:\/\/api.w.org\/{rel}","templated":true}]}}