{"id":11355,"date":"2017-04-07T07:51:00","date_gmt":"2017-04-07T05:51:00","guid":{"rendered":"http:\/\/univet.hu\/kutatas\/temak\/push-pull-alkenek-tobbkomponensu-reakcioi\/"},"modified":"2017-04-07T07:51:00","modified_gmt":"2017-04-07T05:51:00","slug":"push-pull-alkenek-tobbkomponensu-reakcioi","status":"publish","type":"page","link":"https:\/\/univet.hu\/hu\/kutatas\/temak\/push-pull-alkenek-tobbkomponensu-reakcioi\/","title":{"rendered":"Push-pull alk\u00e9nek t\u00f6bbkomponens\u0171 reakci\u00f3i"},"content":{"rendered":"<p>H&Iacute;DF\u0150S NITROG&Eacute;N-TARTALM&Uacute; HETEROCIKLUSOK &Uacute;JSZER\u0170 SZINT&Eacute;ZISE<\/p> <p>Kutat&aacute;si terv<br \/> 1. Bevezet&eacute;s<\/p> <p>A pirrolizidin-, indolizidin- &eacute;s kinolizidin-v&aacute;zas alkaloidok az &eacute;l\u0151vil&aacute;g rendk&iacute;v&uuml;l v&aacute;ltozatos egyedeiben (gomb&aacute;k, rovarok, k&eacute;t&eacute;lt\u0171ek, n&ouml;v&eacute;nyek) fordulnak el\u0151, &eacute;s &eacute;lettani hat&aacute;suk is nagyon sokf&eacute;le. Egyesek rovarok v&eacute;dekez\u0151 anyagai, m&iacute;g m&aacute;sok, &iacute;gy pl. a ny&iacute;lm&eacute;regb&eacute;k&aacute;k b\u0151rv&aacute;lad&eacute;ban termel\u0151d\u0151 alkil-indolizidinek rendk&iacute;v&uuml;l m&eacute;rgez\u0151 hat&aacute;s&uacute;ak. A polihidroxi-indolizidinek az AIDS-ter&aacute;pi&aacute;ban rem&eacute;lt gy&oacute;gy&aacute;szati alkalmazhat&oacute;s&aacute;guk, m&iacute;g a bizonyos lepk&eacute;kb\u0151l izol&aacute;lt egyszer\u0171 hidroxi-formil-pirrolizidinek feromonhat&aacute;suk miatt keltettek k&uuml;l&ouml;n&ouml;s figyelmet.<br \/> Ezek a rendk&iacute;v&uuml;l v&aacute;ltozatos szerkezet\u0171 term&eacute;szetes anyagok, valamint az ezekkel rokon, nitrog&eacute;natomjukat h&iacute;df\u0151s helyzetben tartalmaz&oacute; heterociklusok &eacute;s szubsztitu&aacute;lt sz&aacute;rmaz&eacute;kaik a molekulaszerkezet-kutat&aacute;ssal &eacute;s a szintetikus szerves k&eacute;mi&aacute;val foglalkoz&oacute;k sz&aacute;m&aacute;ra is ig&eacute;nyes feladatot, ill. c&eacute;lkit\u0171z&eacute;st jelentenek. &Aacute;tfog&oacute; megismer&eacute;s&uuml;ket nemcsak kiemelked\u0151 biol&oacute;giai hat&aacute;soss&aacute;guk &eacute;s k&ouml;rnyezet-toxikol&oacute;giai szempontok indokolj&aacute;k, hanem az a t&eacute;ny is, hogy sz&aacute;mos k&eacute;pvisel\u0151j&uuml;k rendk&iacute;v&uuml;l csek&eacute;ly koncentr&aacute;ci&oacute;ban fordul el\u0151 a term&eacute;szetben (pl. egyes indolizidin-v&aacute;zas toxinok Dendrobates fajokban). Ez&eacute;rt alapos k&eacute;miai &eacute;s hat&aacute;stani tanulm&aacute;nyoz&aacute;suk komoly neh&eacute;zs&eacute;gekbe &uuml;tk&ouml;zik, s\u0151t gyakran lehetetlennek is bizonyul. Ezzel is magyar&aacute;zhat&oacute;, hogy a sz&oacute;ban forg&oacute; vegy&uuml;letek kutat&aacute;sa az elm&uacute;lt n&eacute;h&aacute;ny &eacute;vben k&uuml;l&ouml;n&ouml;sen meg&eacute;l&eacute;nk&uuml;lt, amelyet az ezzel kapcsolatos tudom&aacute;nyos k&ouml;zlem&eacute;nyek jelent\u0151sen emelked\u0151 sz&aacute;ma egy&eacute;rtelm\u0171en jelez. Tervezett kutat&aacute;sainkat a fenti vegy&uuml;lett&iacute;pusok szint&eacute;zis&eacute;re &eacute;s szerkezeteik felder&iacute;t&eacute;s&eacute;re k&iacute;v&aacute;njuk &ouml;sszpontos&iacute;tani.<\/p> <p>2. A kutat&aacute;si terv c&eacute;lkit\u0171z&eacute;sei &eacute;s v&aacute;rhat&oacute; eredm&eacute;nyei<\/p> <p>A projekt c&eacute;lja olyan &uacute;j &eacute;s hat&eacute;kony szint&eacute;zis-m&oacute;dszerek kifejleszt&eacute;se, amelyek<\/p> <p>&#8211; egyszer\u0171, k&ouml;nnyen hozz&aacute;f&eacute;rhet\u0151 anyagokb&oacute;l, n&eacute;h&aacute;ny l&eacute;p&eacute;sben &eacute;s kell\u0151 mennyis&eacute;gben eredm&eacute;nyezik a pirrolizidin, indolizidin, kinolizidin &eacute;s benzokinolizidin alapv&aacute;zakat tartalmaz&oacute; &uacute;j molekul&aacute;kat,<br \/> &#8211; primer term&eacute;kei term&eacute;szetes molekul&aacute;kk&aacute; alak&iacute;that&oacute;k, ill. &uacute;j, gy&oacute;gyszerk&eacute;miai szempontb&oacute;l felt&eacute;tlen&uuml;l figyelmet &eacute;rdeml\u0151 anal&oacute;gok szint&eacute;zis&eacute;t teszik lehet\u0151v&eacute;, valamint<br \/> &#8211; a kor&aacute;bbi munk&aacute;kban eredm&eacute;nyesen alkalmazott intermedierekben els\u0151sorban az un. push-pull alk&eacute;nekben (elektronsz&iacute;v&oacute; csoportot tartalmaz&oacute; enaminok) rejl\u0151 szintetikus potenci&aacute;l tov&aacute;bbi kiakn&aacute;z&aacute;s&aacute;t, &iacute;gy &uacute;j heterociklusos &eacute;s nem-gy\u0171r\u0171s enaminok el\u0151&aacute;ll&iacute;t&aacute;s&aacute;t, &eacute;s ezekb\u0151l kiindulva &uacute;j heterociklusos alapv&aacute;zak fel&eacute;p&iacute;t&eacute;s&eacute;t &eacute;s sz&aacute;mos &uacute;j molekula el\u0151&aacute;ll&iacute;t&aacute;s&aacute;t teszik lehet\u0151v&eacute;.<br \/> A tervezett munka v&aacute;rhat&oacute; eredm&eacute;nyei jelent\u0151sen gazdag&iacute;thatj&aacute;k a term&eacute;szetes anyagok k&eacute;mi&aacute;j&aacute;t, &eacute;s gyakorlati hasznos&iacute;that&oacute;s&aacute;got &iacute;g&eacute;rnek a gy&oacute;gyszerk&eacute;mia ter&uuml;let&eacute;n is.<\/p>","protected":false},"excerpt":{"rendered":"<p>H&Iacute;DF\u0150S NITROG&Eacute;N-TARTALM&Uacute; HETEROCIKLUSOK &Uacute;JSZER\u0170 SZINT&Eacute;ZISE Kutat&aacute;si terv 1. Bevezet&eacute;s A pirrolizidin-, indolizidin- &eacute;s kinolizidin-v&aacute;zas alkaloidok az &eacute;l\u0151vil&aacute;g rendk&iacute;v&uuml;l v&aacute;ltozatos egyedeiben (gomb&aacute;k, rovarok, k&eacute;t&eacute;lt\u0171ek, n&ouml;v&eacute;nyek) fordulnak el\u0151, &eacute;s &eacute;lettani hat&aacute;suk is nagyon sokf&eacute;le. Egyesek rovarok v&eacute;dekez\u0151 anyagai, m&iacute;g m&aacute;sok, &iacute;gy pl. a ny&iacute;lm&eacute;regb&eacute;k&aacute;k b\u0151rv&aacute;lad&eacute;ban termel\u0151d\u0151 alkil-indolizidinek rendk&iacute;v&uuml;l m&eacute;rgez\u0151 hat&aacute;s&uacute;ak. A polihidroxi-indolizidinek az AIDS-ter&aacute;pi&aacute;ban rem&eacute;lt gy&oacute;gy&aacute;szati alkalmazhat&oacute;s&aacute;guk,<\/p>\n","protected":false},"author":6022,"featured_media":0,"parent":874,"menu_order":154,"comment_status":"closed","ping_status":"closed","template":"","meta":{"_acf_changed":false,"footnotes":""},"categories":[],"tags":[],"class_list":["post-11355","page","type-page","status-publish","hentry"],"acf":[],"_links":{"self":[{"href":"https:\/\/univet.hu\/hu\/wp-json\/wp\/v2\/pages\/11355","targetHints":{"allow":["GET"]}}],"collection":[{"href":"https:\/\/univet.hu\/hu\/wp-json\/wp\/v2\/pages"}],"about":[{"href":"https:\/\/univet.hu\/hu\/wp-json\/wp\/v2\/types\/page"}],"author":[{"embeddable":true,"href":"https:\/\/univet.hu\/hu\/wp-json\/wp\/v2\/users\/6022"}],"replies":[{"embeddable":true,"href":"https:\/\/univet.hu\/hu\/wp-json\/wp\/v2\/comments?post=11355"}],"version-history":[{"count":0,"href":"https:\/\/univet.hu\/hu\/wp-json\/wp\/v2\/pages\/11355\/revisions"}],"up":[{"embeddable":true,"href":"https:\/\/univet.hu\/hu\/wp-json\/wp\/v2\/pages\/874"}],"wp:attachment":[{"href":"https:\/\/univet.hu\/hu\/wp-json\/wp\/v2\/media?parent=11355"}],"wp:term":[{"taxonomy":"category","embeddable":true,"href":"https:\/\/univet.hu\/hu\/wp-json\/wp\/v2\/categories?post=11355"},{"taxonomy":"post_tag","embeddable":true,"href":"https:\/\/univet.hu\/hu\/wp-json\/wp\/v2\/tags?post=11355"}],"curies":[{"name":"wp","href":"https:\/\/api.w.org\/{rel}","templated":true}]}}