{"id":11359,"date":"2016-09-29T10:44:00","date_gmt":"2016-09-29T08:44:00","guid":{"rendered":"http:\/\/univet.hu\/kutatas\/temak\/sertes-circovirus-alegyseg-vakcinak-fejlesztese\/"},"modified":"2016-09-29T10:44:00","modified_gmt":"2016-09-29T08:44:00","slug":"sertes-circovirus-alegyseg-vakcinak-fejlesztese","status":"publish","type":"page","link":"https:\/\/univet.hu\/hu\/kutatas\/temak\/sertes-circovirus-alegyseg-vakcinak-fejlesztese\/","title":{"rendered":"Sert\u00e9s circov\u00edrus alegys\u00e9g vakcin\u00e1k fejleszt\u00e9se"},"content":{"rendered":"<p>Sz&aacute;jon &aacute;t adhat&oacute; vakcin&aacute;k fejleszt&eacute;se. A legt&ouml;bb ismert k&oacute;rokoz&oacute; a l&eacute;gutak, az em&eacute;szt\u0151cs\u0151 vagy a h&uacute;gy-nemi szervek ny&aacute;lkah&aacute;rty&aacute;in kereszt&uuml;l fert\u0151zi az &aacute;llatokat, ez&eacute;rt sz&uuml;ks&eacute;ges azoknak az &uacute;j gener&aacute;ci&oacute;s vakcin&aacute;knak a fejleszt&eacute;se, amelyek valamilyen vektor (n&ouml;v&eacute;nyv&iacute;rus, nukleinsav, bakt&eacute;rium) seg&iacute;ts&eacute;g&eacute;vel ezeken a felsz&iacute;neken induk&aacute;lnak lok&aacute;lis immunv&aacute;laszt.<br \/> Kapcsolattart&oacute;: dr. Tomb&aacute;cz Kata, dr. Tuboly Tam&aacute;s<\/p>","protected":false},"excerpt":{"rendered":"<p>Sz&aacute;jon &aacute;t adhat&oacute; vakcin&aacute;k fejleszt&eacute;se. A legt&ouml;bb ismert k&oacute;rokoz&oacute; a l&eacute;gutak, az em&eacute;szt\u0151cs\u0151 vagy a h&uacute;gy-nemi szervek ny&aacute;lkah&aacute;rty&aacute;in kereszt&uuml;l fert\u0151zi az &aacute;llatokat, ez&eacute;rt sz&uuml;ks&eacute;ges azoknak az &uacute;j gener&aacute;ci&oacute;s vakcin&aacute;knak a fejleszt&eacute;se, amelyek valamilyen vektor (n&ouml;v&eacute;nyv&iacute;rus, nukleinsav, bakt&eacute;rium) seg&iacute;ts&eacute;g&eacute;vel ezeken a felsz&iacute;neken induk&aacute;lnak lok&aacute;lis immunv&aacute;laszt. Kapcsolattart&oacute;: dr. Tomb&aacute;cz Kata, dr. Tuboly Tam&aacute;s<\/p>\n","protected":false},"author":6022,"featured_media":0,"parent":874,"menu_order":154,"comment_status":"closed","ping_status":"closed","template":"","meta":{"_acf_changed":false,"footnotes":""},"categories":[],"tags":[],"class_list":["post-11359","page","type-page","status-publish","hentry"],"acf":[],"_links":{"self":[{"href":"https:\/\/univet.hu\/hu\/wp-json\/wp\/v2\/pages\/11359","targetHints":{"allow":["GET"]}}],"collection":[{"href":"https:\/\/univet.hu\/hu\/wp-json\/wp\/v2\/pages"}],"about":[{"href":"https:\/\/univet.hu\/hu\/wp-json\/wp\/v2\/types\/page"}],"author":[{"embeddable":true,"href":"https:\/\/univet.hu\/hu\/wp-json\/wp\/v2\/users\/6022"}],"replies":[{"embeddable":true,"href":"https:\/\/univet.hu\/hu\/wp-json\/wp\/v2\/comments?post=11359"}],"version-history":[{"count":0,"href":"https:\/\/univet.hu\/hu\/wp-json\/wp\/v2\/pages\/11359\/revisions"}],"up":[{"embeddable":true,"href":"https:\/\/univet.hu\/hu\/wp-json\/wp\/v2\/pages\/874"}],"wp:attachment":[{"href":"https:\/\/univet.hu\/hu\/wp-json\/wp\/v2\/media?parent=11359"}],"wp:term":[{"taxonomy":"category","embeddable":true,"href":"https:\/\/univet.hu\/hu\/wp-json\/wp\/v2\/categories?post=11359"},{"taxonomy":"post_tag","embeddable":true,"href":"https:\/\/univet.hu\/hu\/wp-json\/wp\/v2\/tags?post=11359"}],"curies":[{"name":"wp","href":"https:\/\/api.w.org\/{rel}","templated":true}]}}