{"id":11360,"date":"2016-09-29T10:44:00","date_gmt":"2016-09-29T08:44:00","guid":{"rendered":"http:\/\/univet.hu\/kutatas\/temak\/sertes-circovirus-evolucioja\/"},"modified":"2016-09-29T10:44:00","modified_gmt":"2016-09-29T08:44:00","slug":"sertes-circovirus-evolucioja","status":"publish","type":"page","link":"https:\/\/univet.hu\/hu\/kutatas\/temak\/sertes-circovirus-evolucioja\/","title":{"rendered":"Sert\u00e9s circov\u00edrus evol\u00faci\u00f3ja"},"content":{"rendered":"<p>A circov&iacute;rusok evol&uacute;ci&oacute;ja tov&aacute;bbra is sz&aacute;mos megv&aacute;laszolatlan k&eacute;rd&eacute;st vet fel. A kutat&aacute;s c&eacute;lja a sert&eacute;s circov&iacute;rus evol&uacute;ci&oacute;j&aacute;nak a tanulm&aacute;nyoz&aacute;sa a term&eacute;szetes gazdafajok megismer&eacute;s&eacute;vel &eacute;s a lehets&eacute;ges k&ouml;z&ouml;s \u0151s meghat&aacute;roz&aacute;s&aacute;val.<br \/> Kapcsolattart&oacute;: dr. L\u0151rincz M&aacute;rta, dr. Cs&aacute;gola Attila, dr. Tuboly Tam&aacute;s<\/p>","protected":false},"excerpt":{"rendered":"<p>A circov&iacute;rusok evol&uacute;ci&oacute;ja tov&aacute;bbra is sz&aacute;mos megv&aacute;laszolatlan k&eacute;rd&eacute;st vet fel. A kutat&aacute;s c&eacute;lja a sert&eacute;s circov&iacute;rus evol&uacute;ci&oacute;j&aacute;nak a tanulm&aacute;nyoz&aacute;sa a term&eacute;szetes gazdafajok megismer&eacute;s&eacute;vel &eacute;s a lehets&eacute;ges k&ouml;z&ouml;s \u0151s meghat&aacute;roz&aacute;s&aacute;val. Kapcsolattart&oacute;: dr. L\u0151rincz M&aacute;rta, dr. Cs&aacute;gola Attila, dr. Tuboly Tam&aacute;s<\/p>\n","protected":false},"author":6022,"featured_media":0,"parent":874,"menu_order":154,"comment_status":"closed","ping_status":"closed","template":"","meta":{"_acf_changed":false,"footnotes":""},"categories":[],"tags":[],"class_list":["post-11360","page","type-page","status-publish","hentry"],"acf":[],"_links":{"self":[{"href":"https:\/\/univet.hu\/hu\/wp-json\/wp\/v2\/pages\/11360","targetHints":{"allow":["GET"]}}],"collection":[{"href":"https:\/\/univet.hu\/hu\/wp-json\/wp\/v2\/pages"}],"about":[{"href":"https:\/\/univet.hu\/hu\/wp-json\/wp\/v2\/types\/page"}],"author":[{"embeddable":true,"href":"https:\/\/univet.hu\/hu\/wp-json\/wp\/v2\/users\/6022"}],"replies":[{"embeddable":true,"href":"https:\/\/univet.hu\/hu\/wp-json\/wp\/v2\/comments?post=11360"}],"version-history":[{"count":0,"href":"https:\/\/univet.hu\/hu\/wp-json\/wp\/v2\/pages\/11360\/revisions"}],"up":[{"embeddable":true,"href":"https:\/\/univet.hu\/hu\/wp-json\/wp\/v2\/pages\/874"}],"wp:attachment":[{"href":"https:\/\/univet.hu\/hu\/wp-json\/wp\/v2\/media?parent=11360"}],"wp:term":[{"taxonomy":"category","embeddable":true,"href":"https:\/\/univet.hu\/hu\/wp-json\/wp\/v2\/categories?post=11360"},{"taxonomy":"post_tag","embeddable":true,"href":"https:\/\/univet.hu\/hu\/wp-json\/wp\/v2\/tags?post=11360"}],"curies":[{"name":"wp","href":"https:\/\/api.w.org\/{rel}","templated":true}]}}