{"id":11361,"date":"2016-02-04T16:00:00","date_gmt":"2016-02-04T15:00:00","guid":{"rendered":"http:\/\/univet.hu\/kutatas\/temak\/sertes-vekonybelen-keresztul-torteno-paracellularis-transzport-folyamatok-modellezese-es-szabalyozasa-ipec-j2-sejtmodellen\/"},"modified":"2018-09-11T10:11:43","modified_gmt":"2018-09-11T08:11:43","slug":"sertes-vekonybelen-keresztul-torteno-paracellularis-transzport-folyamatok-modellezese-es-szabalyozasa-ipec-j2-sejtmodellen","status":"publish","type":"page","link":"https:\/\/univet.hu\/hu\/kutatas\/temak\/sertes-vekonybelen-keresztul-torteno-paracellularis-transzport-folyamatok-modellezese-es-szabalyozasa-ipec-j2-sejtmodellen\/","title":{"rendered":"Sert\u00e9s v\u00e9konyb\u00e9len kereszt\u00fcl t\u00f6rt\u00e9n\u0151 paracellul\u00e1ris transzport folyamatok modellez\u00e9se \u00e9s szab\u00e1lyoz\u00e1sa IPEC-J2 sejtmodellen"},"content":{"rendered":"<p>A paracellul\u00e1ris transzport tight junction modul\u00e1torok \u00e1ltal t\u00f6rt\u00e9n\u0151 szab\u00e1lyoz\u00e1sa r\u00e9szleteiben m\u00e9g kev\u00e9sb\u00e9 ismert mechanizmusokon kereszt\u00fcl val\u00f3sul meg. A matript\u00e1z egy olyan, epithel sejtek fel\u00fclet\u00e9n \u00e9s bizonyos daganatos sejtekben megtal\u00e1lhat\u00f3 szerin prote\u00e1z, melynek g\u00e1tl\u00e1sa a b\u00e9lh\u00e1m rezisztenci\u00e1j\u00e1t cs\u00f6kkenti felt\u00e9telezhet\u0151en a tight junction komplex szab\u00e1lyoz\u00e1s\u00e1n kereszt\u00fcl. Az extracellul\u00e1ris Ca2+ ion szint cs\u00f6kkent\u00e9s\u00e9nek k\u00f6sz\u00f6nhet\u0151en a kalcium megk\u00f6t\u0151k a tight junction komplex Ca2+ ion-f\u00fcgg\u0151 feh\u00e9rj\u00e9inek befoly\u00e1sol\u00e1s\u00e1n kereszt\u00fcl tudj\u00e1k m\u00f3dos\u00edtani a sejtr\u00e9teg ellen\u00e1ll\u00e1s\u00e1t. A barrier integrit\u00e1s megv\u00e1ltoz\u00e1sa azonban f\u0151k\u00e9nt az extracellul\u00e1ris \u00e9s intracellul\u00e1ris Ca2+ szint k\u00f6z\u00f6tti kommunik\u00e1ci\u00f3 k\u00f6vetkezm\u00e9nye, melynek felborul\u00e1sa intracellul\u00e1ris k\u00f6vetkezm\u00e9nyek sor\u00e1t, mint a protein kin\u00e1zok aktiv\u00e1l\u00f3d\u00e1s\u00e1t, ennek k\u00f6vetkezm\u00e9nyek\u00e9ppen a tight \u00e9s adherens junction feh\u00e9rj\u00e9k elt\u00e9r\u0151 foszforil\u00e1ci\u00f3s mint\u00e1zat\u00e1nak l\u00e9trej\u00f6tt\u00e9t id\u00e9zheti el\u0151. K\u00eds\u00e9rleti munk\u00e1nk c\u00e9lja egy olyan, in vivo k\u00f6r\u00fclm\u00e9nyeket jobban k\u00f6zel\u00edt\u0151, nem daganatos eredet\u0171 egyr\u00e9teg\u0171 sert\u00e9s v\u00e9konyb\u00e9lh\u00e1msejt modell kifejleszt\u00e9se, mely poli\u00e9szter membr\u00e1n inzerten teny\u00e9sztve alkalmas lehet a v\u00e9konyb\u00e9l perme\u00e1bilit\u00e1s\u00e1nak in vitro k\u00f6vet\u00e9s\u00e9re az apik\u00e1lis \u00e9s bazolater\u00e1lis kompartment k\u00f6z\u00f6tti kontroll\u00e1lt anyagforgalom r\u00e9v\u00e9n. Vizsg\u00e1lataink sor\u00e1n c\u00e9lul t\u0171zz\u00fck ki, hogy a Ca2+-elvon\u00e1s hat\u00e1sa, a sejtr\u00e9teg integrit\u00e1s cs\u00f6kken\u00e9s\u00e9nek m\u00e9rt\u00e9ke, valamint a perme\u00e1bilit\u00e1s n\u00f6veked\u00e9se k\u00f6z\u00f6tti korrel\u00e1ci\u00f3t meghat\u00e1rozzuk \u00e9s egy optimaliz\u00e1lt biol\u00f3giai tesztrendszert fejlessz\u00fcnk ki a sejtr\u00e9teg barrier funkci\u00f3j\u00e1nak n\u00f6vel\u00e9s\u00e9re vagy \u00e9ppen a felsz\u00edv\u00f3d\u00e1s hat\u00e9konyabb\u00e1 t\u00e9tele c\u00e9lj\u00e1b\u00f3l.<\/p>","protected":false},"excerpt":{"rendered":"<p>A paracellul\u00e1ris transzport tight junction modul\u00e1torok \u00e1ltal t\u00f6rt\u00e9n\u0151 szab\u00e1lyoz\u00e1sa r\u00e9szleteiben m\u00e9g kev\u00e9sb\u00e9 ismert mechanizmusokon kereszt\u00fcl val\u00f3sul meg. A matript\u00e1z egy olyan, epithel sejtek fel\u00fclet\u00e9n \u00e9s bizonyos daganatos sejtekben megtal\u00e1lhat\u00f3 szerin prote\u00e1z, melynek g\u00e1tl\u00e1sa a b\u00e9lh\u00e1m rezisztenci\u00e1j\u00e1t cs\u00f6kkenti felt\u00e9telezhet\u0151en a tight junction komplex szab\u00e1lyoz\u00e1s\u00e1n kereszt\u00fcl. Az extracellul\u00e1ris Ca2+ ion szint cs\u00f6kkent\u00e9s\u00e9nek k\u00f6sz\u00f6nhet\u0151en a kalcium megk\u00f6t\u0151k a<\/p>\n","protected":false},"author":6022,"featured_media":0,"parent":874,"menu_order":154,"comment_status":"closed","ping_status":"closed","template":"","meta":{"_acf_changed":false,"footnotes":""},"categories":[],"tags":[],"class_list":["post-11361","page","type-page","status-publish","hentry"],"acf":[],"_links":{"self":[{"href":"https:\/\/univet.hu\/hu\/wp-json\/wp\/v2\/pages\/11361","targetHints":{"allow":["GET"]}}],"collection":[{"href":"https:\/\/univet.hu\/hu\/wp-json\/wp\/v2\/pages"}],"about":[{"href":"https:\/\/univet.hu\/hu\/wp-json\/wp\/v2\/types\/page"}],"author":[{"embeddable":true,"href":"https:\/\/univet.hu\/hu\/wp-json\/wp\/v2\/users\/6022"}],"replies":[{"embeddable":true,"href":"https:\/\/univet.hu\/hu\/wp-json\/wp\/v2\/comments?post=11361"}],"version-history":[{"count":0,"href":"https:\/\/univet.hu\/hu\/wp-json\/wp\/v2\/pages\/11361\/revisions"}],"up":[{"embeddable":true,"href":"https:\/\/univet.hu\/hu\/wp-json\/wp\/v2\/pages\/874"}],"wp:attachment":[{"href":"https:\/\/univet.hu\/hu\/wp-json\/wp\/v2\/media?parent=11361"}],"wp:term":[{"taxonomy":"category","embeddable":true,"href":"https:\/\/univet.hu\/hu\/wp-json\/wp\/v2\/categories?post=11361"},{"taxonomy":"post_tag","embeddable":true,"href":"https:\/\/univet.hu\/hu\/wp-json\/wp\/v2\/tags?post=11361"}],"curies":[{"name":"wp","href":"https:\/\/api.w.org\/{rel}","templated":true}]}}