{"id":11363,"date":"2016-02-04T16:00:00","date_gmt":"2016-02-04T15:00:00","guid":{"rendered":"http:\/\/univet.hu\/kutatas\/temak\/szinergista-kombinaciok-keresese-allatokbol-izolalt-pseudomonas-aeruginosa-torzsek-ellen\/"},"modified":"2016-02-04T16:00:00","modified_gmt":"2016-02-04T15:00:00","slug":"szinergista-kombinaciok-keresese-allatokbol-izolalt-pseudomonas-aeruginosa-torzsek-ellen","status":"publish","type":"page","link":"https:\/\/univet.hu\/hu\/kutatas\/temak\/szinergista-kombinaciok-keresese-allatokbol-izolalt-pseudomonas-aeruginosa-torzsek-ellen\/","title":{"rendered":"Szinergista kombin\u00e1ci\u00f3k keres\u00e9se \u00e1llatokb\u00f3l izol\u00e1lt Pseudomonas aeruginosa t\u00f6rzsek ellen"},"content":{"rendered":"<p>A Pseudomonas aeruginosa az \u00e1llatorvosl\u00e1sban gyakran izol\u00e1lt, els\u0151sorban b\u0151r-, h\u00fagy\u00fati-, l\u00e9g\u00fati- \u00e9s sziszt\u00e9m\u00e1s fert\u0151z\u00e9seket okoz\u00f3 bakt\u00e9rium. A k\u00f3rokoz\u00f3 gyakran multirezisztens, tov\u00e1bb\u00e1 k\u00f6nnyed\u00e9n alak\u00edt ki rezisztenci\u00e1t ak\u00e1r m\u00e1r a ter\u00e1pia alatt is, ez\u00e9rt ezen megbeteged\u00e9sek sikeres kezel\u00e9se gyakran neh\u00e9zs\u00e9gekbe \u00fctk\u00f6zik. A leghat\u00e9konyabb lehet\u0151s\u00e9g a patog\u00e9n elleni k\u00fczdelemben a szinergista kombin\u00e1ci\u00f3k alkalmaz\u00e1sa, melyek aminoglikozidok, fluorokinolonok, polimixinek, illetve pseudomonas-ellenes b\u00e9ta-lakt\u00e1mok kombin\u00e1l\u00e1s\u00e1t jelenti. Vizsg\u00e1latainkban a kereszth\u00edg\u00edt\u00e1sos m\u00f3dszert alkalmazzuk a hat\u00f3anyagok k\u00f6z\u00f6tti interakci\u00f3k (add\u00edci\u00f3, antagonizmus, szinergizmus) tiszt\u00e1z\u00e1s\u00e1ra. Mindezeken fel\u00fcl 8 napos \u00e1tolt\u00e1sos vizsg\u00e1latokkal k\u00eds\u00e9relj\u00fck meg a kombin\u00e1ci\u00f3k seg\u00edts\u00e9g\u00e9vel a rezisztencia kialakul\u00e1s\u00e1nak visszaszor\u00edt\u00e1s\u00e1t.<\/p>","protected":false},"excerpt":{"rendered":"<p>A Pseudomonas aeruginosa az \u00e1llatorvosl\u00e1sban gyakran izol\u00e1lt, els\u0151sorban b\u0151r-, h\u00fagy\u00fati-, l\u00e9g\u00fati- \u00e9s sziszt\u00e9m\u00e1s fert\u0151z\u00e9seket okoz\u00f3 bakt\u00e9rium. A k\u00f3rokoz\u00f3 gyakran multirezisztens, tov\u00e1bb\u00e1 k\u00f6nnyed\u00e9n alak\u00edt ki rezisztenci\u00e1t ak\u00e1r m\u00e1r a ter\u00e1pia alatt is, ez\u00e9rt ezen megbeteged\u00e9sek sikeres kezel\u00e9se gyakran neh\u00e9zs\u00e9gekbe \u00fctk\u00f6zik. A leghat\u00e9konyabb lehet\u0151s\u00e9g a patog\u00e9n elleni k\u00fczdelemben a szinergista kombin\u00e1ci\u00f3k alkalmaz\u00e1sa, melyek aminoglikozidok, fluorokinolonok, polimixinek, illetve<\/p>\n","protected":false},"author":6022,"featured_media":0,"parent":874,"menu_order":154,"comment_status":"closed","ping_status":"closed","template":"","meta":{"_acf_changed":false,"footnotes":""},"categories":[],"tags":[],"class_list":["post-11363","page","type-page","status-publish","hentry"],"acf":[],"_links":{"self":[{"href":"https:\/\/univet.hu\/hu\/wp-json\/wp\/v2\/pages\/11363","targetHints":{"allow":["GET"]}}],"collection":[{"href":"https:\/\/univet.hu\/hu\/wp-json\/wp\/v2\/pages"}],"about":[{"href":"https:\/\/univet.hu\/hu\/wp-json\/wp\/v2\/types\/page"}],"author":[{"embeddable":true,"href":"https:\/\/univet.hu\/hu\/wp-json\/wp\/v2\/users\/6022"}],"replies":[{"embeddable":true,"href":"https:\/\/univet.hu\/hu\/wp-json\/wp\/v2\/comments?post=11363"}],"version-history":[{"count":0,"href":"https:\/\/univet.hu\/hu\/wp-json\/wp\/v2\/pages\/11363\/revisions"}],"up":[{"embeddable":true,"href":"https:\/\/univet.hu\/hu\/wp-json\/wp\/v2\/pages\/874"}],"wp:attachment":[{"href":"https:\/\/univet.hu\/hu\/wp-json\/wp\/v2\/media?parent=11363"}],"wp:term":[{"taxonomy":"category","embeddable":true,"href":"https:\/\/univet.hu\/hu\/wp-json\/wp\/v2\/categories?post=11363"},{"taxonomy":"post_tag","embeddable":true,"href":"https:\/\/univet.hu\/hu\/wp-json\/wp\/v2\/tags?post=11363"}],"curies":[{"name":"wp","href":"https:\/\/api.w.org\/{rel}","templated":true}]}}