{"id":11367,"date":"2017-02-24T12:31:00","date_gmt":"2017-02-24T11:31:00","guid":{"rendered":"http:\/\/univet.hu\/kutatas\/temak\/trichostatin-a-es-pacap-hatasanak-vizsgalata-az-embriofejlodesre-kulonos-tekintettel-a-fagyasztas-okozta-stressz-kivedesere\/"},"modified":"2018-10-04T14:48:56","modified_gmt":"2018-10-04T12:48:56","slug":"trichostatin-a-es-pacap-hatasanak-vizsgalata-az-embriofejlodesre-kulonos-tekintettel-a-fagyasztas-okozta-stressz-kivedesere","status":"publish","type":"page","link":"https:\/\/univet.hu\/hu\/kutatas\/temak\/trichostatin-a-es-pacap-hatasanak-vizsgalata-az-embriofejlodesre-kulonos-tekintettel-a-fagyasztas-okozta-stressz-kivedesere\/","title":{"rendered":"Trichostatin A \u00e9s PACAP hat\u00e1s\u00e1nak vizsg\u00e1lata az embri\u00f3fejl\u0151d\u00e9sre, k\u00fcl\u00f6n\u00f6s tekintettel a fagyaszt\u00e1s okozta stressz kiv\u00e9d\u00e9s\u00e9re"},"content":{"rendered":"<p>Kutat\u00e1saink c\u00e9lja k\u00e9t vegy\u00fclet, a hiszton-deacetil\u00e1z g\u00e1tl\u00f3 trichostatin A (TSA) \u00e9s a citoprotekt\u00edv hat\u00e1s\u00fa PACAP (pituitary adenylate cyclase activating proteine) hat\u00e1sainak vizsg\u00e1lata fagyaszt\u00e1son \u00e1tesett embri\u00f3k t\u00fal\u00e9l\u00e9s\u00e9re \u00e9s fejl\u0151d\u00e9si potenc\u00e1lj\u00e1ra. C\u00e9lunk tov\u00e1bb\u00e1 felm\u00e9rni, hogy a k\u00e9t anyag alkalmaz\u00e1sa be\u00e9p\u00edthet\u0151-e az assziszt\u00e1lt reprodukci\u00f3s technik\u00e1kba. A k\u00eds\u00e9rletek sor\u00e1n arra is keress\u00fck a v\u00e1laszt, hogy az endog\u00e9n PACAP hogyan befoly\u00e1solja a korai embrion\u00e1lis fejl\u0151d\u00e9st, az embri\u00f3k min\u0151s\u00e9g\u00e9t valamint az implant\u00e1ci\u00f3s r\u00e1t\u00e1t. Ezekhez a vizsg\u00e1latokhoz PACAP-heterozig\u00f3ta \u00e9s PACAP-KO egereket haszn\u00e1lunk modell\u00e1llatk\u00e9nt.<\/p>","protected":false},"excerpt":{"rendered":"<p>Kutat\u00e1saink c\u00e9lja k\u00e9t vegy\u00fclet, a hiszton-deacetil\u00e1z g\u00e1tl\u00f3 trichostatin A (TSA) \u00e9s a citoprotekt\u00edv hat\u00e1s\u00fa PACAP (pituitary adenylate cyclase activating proteine) hat\u00e1sainak vizsg\u00e1lata fagyaszt\u00e1son \u00e1tesett embri\u00f3k t\u00fal\u00e9l\u00e9s\u00e9re \u00e9s fejl\u0151d\u00e9si potenc\u00e1lj\u00e1ra. C\u00e9lunk tov\u00e1bb\u00e1 felm\u00e9rni, hogy a k\u00e9t anyag alkalmaz\u00e1sa be\u00e9p\u00edthet\u0151-e az assziszt\u00e1lt reprodukci\u00f3s technik\u00e1kba. A k\u00eds\u00e9rletek sor\u00e1n arra is keress\u00fck a v\u00e1laszt, hogy az endog\u00e9n PACAP hogyan<\/p>\n","protected":false},"author":6022,"featured_media":0,"parent":874,"menu_order":154,"comment_status":"closed","ping_status":"closed","template":"","meta":{"_acf_changed":false,"footnotes":""},"categories":[],"tags":[],"class_list":["post-11367","page","type-page","status-publish","hentry"],"acf":[],"_links":{"self":[{"href":"https:\/\/univet.hu\/hu\/wp-json\/wp\/v2\/pages\/11367","targetHints":{"allow":["GET"]}}],"collection":[{"href":"https:\/\/univet.hu\/hu\/wp-json\/wp\/v2\/pages"}],"about":[{"href":"https:\/\/univet.hu\/hu\/wp-json\/wp\/v2\/types\/page"}],"author":[{"embeddable":true,"href":"https:\/\/univet.hu\/hu\/wp-json\/wp\/v2\/users\/6022"}],"replies":[{"embeddable":true,"href":"https:\/\/univet.hu\/hu\/wp-json\/wp\/v2\/comments?post=11367"}],"version-history":[{"count":0,"href":"https:\/\/univet.hu\/hu\/wp-json\/wp\/v2\/pages\/11367\/revisions"}],"up":[{"embeddable":true,"href":"https:\/\/univet.hu\/hu\/wp-json\/wp\/v2\/pages\/874"}],"wp:attachment":[{"href":"https:\/\/univet.hu\/hu\/wp-json\/wp\/v2\/media?parent=11367"}],"wp:term":[{"taxonomy":"category","embeddable":true,"href":"https:\/\/univet.hu\/hu\/wp-json\/wp\/v2\/categories?post=11367"},{"taxonomy":"post_tag","embeddable":true,"href":"https:\/\/univet.hu\/hu\/wp-json\/wp\/v2\/tags?post=11367"}],"curies":[{"name":"wp","href":"https:\/\/api.w.org\/{rel}","templated":true}]}}