{"id":11368,"date":"2016-02-04T16:00:00","date_gmt":"2016-02-04T15:00:00","guid":{"rendered":"http:\/\/univet.hu\/kutatas\/temak\/tulelesi-valoszinusegek-vizsgalata-parlagi-sasoknal-a-kirepulesi-hely-es-ivar-fuggvenyeben\/"},"modified":"2016-02-04T16:00:00","modified_gmt":"2016-02-04T15:00:00","slug":"tulelesi-valoszinusegek-vizsgalata-parlagi-sasoknal-a-kirepulesi-hely-es-ivar-fuggvenyeben","status":"publish","type":"page","link":"https:\/\/univet.hu\/hu\/kutatas\/temak\/tulelesi-valoszinusegek-vizsgalata-parlagi-sasoknal-a-kirepulesi-hely-es-ivar-fuggvenyeben\/","title":{"rendered":"T\u00fal\u00e9l\u00e9si val\u00f3sz\u00edn\u0171s\u00e9gek vizsg\u00e1lata parlagi sasokn\u00e1l a kirep\u00fcl\u00e9si hely \u00e9s ivar f\u00fcggv\u00e9ny\u00e9ben."},"content":{"rendered":"<p>Tollmint\u00e1kb\u00f3l kivont DNS-b\u0151l 10 mikroszatellita l\u00f3kuszon meghat\u00e1rozzuk a genot\u00edpust, majd jel\u00f6l\u00e9s-visszafog\u00e1s m\u00f3dszer\u00e9vel becs\u00fclj\u00fck a t\u00fal\u00e9l\u00e9si val\u00f3sz\u00edn\u0171s\u00e9geket.<\/p>","protected":false},"excerpt":{"rendered":"<p>Tollmint\u00e1kb\u00f3l kivont DNS-b\u0151l 10 mikroszatellita l\u00f3kuszon meghat\u00e1rozzuk a genot\u00edpust, majd jel\u00f6l\u00e9s-visszafog\u00e1s m\u00f3dszer\u00e9vel becs\u00fclj\u00fck a t\u00fal\u00e9l\u00e9si val\u00f3sz\u00edn\u0171s\u00e9geket.<\/p>\n","protected":false},"author":6022,"featured_media":0,"parent":874,"menu_order":154,"comment_status":"closed","ping_status":"closed","template":"","meta":{"_acf_changed":false,"footnotes":""},"categories":[],"tags":[],"class_list":["post-11368","page","type-page","status-publish","hentry"],"acf":[],"_links":{"self":[{"href":"https:\/\/univet.hu\/hu\/wp-json\/wp\/v2\/pages\/11368","targetHints":{"allow":["GET"]}}],"collection":[{"href":"https:\/\/univet.hu\/hu\/wp-json\/wp\/v2\/pages"}],"about":[{"href":"https:\/\/univet.hu\/hu\/wp-json\/wp\/v2\/types\/page"}],"author":[{"embeddable":true,"href":"https:\/\/univet.hu\/hu\/wp-json\/wp\/v2\/users\/6022"}],"replies":[{"embeddable":true,"href":"https:\/\/univet.hu\/hu\/wp-json\/wp\/v2\/comments?post=11368"}],"version-history":[{"count":0,"href":"https:\/\/univet.hu\/hu\/wp-json\/wp\/v2\/pages\/11368\/revisions"}],"up":[{"embeddable":true,"href":"https:\/\/univet.hu\/hu\/wp-json\/wp\/v2\/pages\/874"}],"wp:attachment":[{"href":"https:\/\/univet.hu\/hu\/wp-json\/wp\/v2\/media?parent=11368"}],"wp:term":[{"taxonomy":"category","embeddable":true,"href":"https:\/\/univet.hu\/hu\/wp-json\/wp\/v2\/categories?post=11368"},{"taxonomy":"post_tag","embeddable":true,"href":"https:\/\/univet.hu\/hu\/wp-json\/wp\/v2\/tags?post=11368"}],"curies":[{"name":"wp","href":"https:\/\/api.w.org\/{rel}","templated":true}]}}