{"id":11372,"date":"2016-02-04T16:00:00","date_gmt":"2016-02-04T15:00:00","guid":{"rendered":"http:\/\/univet.hu\/kutatas\/temak\/varosi-elohelyek-gerinctelen-talaj-elovilaga-urban-elohelyek-biodiverzitas-fenntarto-szerepe\/"},"modified":"2016-02-04T16:00:00","modified_gmt":"2016-02-04T15:00:00","slug":"varosi-elohelyek-gerinctelen-talaj-elovilaga-urban-elohelyek-biodiverzitas-fenntarto-szerepe","status":"publish","type":"page","link":"https:\/\/univet.hu\/hu\/kutatas\/temak\/varosi-elohelyek-gerinctelen-talaj-elovilaga-urban-elohelyek-biodiverzitas-fenntarto-szerepe\/","title":{"rendered":"V\u00e1rosi \u00e9l\u0151helyek gerinctelen talaj-\u00e9l\u0151vil\u00e1ga (urb\u00e1n \u00e9l\u0151helyek biodiverzit\u00e1s fenntart\u00f3 szerepe)"},"content":{"rendered":"<p>A fajok terjed\u00e9s\u00e9nek, megteleped\u00e9s\u00e9nek fontos \u00e1llom\u00e1sai lehetnek az antropog\u00e9n hat\u00e1s alatt \u00e1ll\u00f3 \u00e9l\u0151helyek. T\u00f6bb faj emberi k\u00f6zrem\u0171k\u00f6d\u00e9ssel ker\u00fcl \u00faj -sokszor f\u00f6ldrajzilag t\u00e1voli- \u00e9l\u0151helyekre, majd ezen \u00e9l\u0151helyekr\u0151l indulva, fokozatos adapt\u00e1ci\u00f3s l\u00e9p\u00e9sek sor\u00e1n telepedik meg term\u00e9szetk\u00f6zeli habitatokban, esetleg lesz invaz\u00edvv\u00e1. Vizsg\u00e1latainkban az emberi tev\u00e9kenys\u00e9g \u00e1ltal k\u00fcl\u00f6nb\u00f6z\u0151 m\u00e9rt\u00e9kben \u00e9s m\u00f3don befoly\u00e1solt \u00e9l\u0151helyek talajfaun\u00e1j\u00e1t vizsg\u00e1ljuk a botanikus kertek \u00fcvegh\u00e1zait\u00f3l a kertek-, parkok, telep\u00edtett erd\u0151k\u00f6n, kor\u00e1bban term\u00e9szetes \u00e9l\u0151helyek megmaradt fragmentumain \u00e1t a term\u00e9szetk\u00f6zeli \u00e9l\u0151helyekig. Eddig m\u00e1r t\u00f6bb, a magyar faun\u00e1ra n\u00e9zve \u00faj fajt tal\u00e1ltunk. Izgalmas \u00f6kol\u00f3giai k\u00e9rd\u00e9sek \u00e1llnak a megteleped\u00e9s h\u00e1tter\u00e9ben (adapt\u00e1ci\u00f3, \u00e9letmenet strat\u00e9gi\u00e1k stb.)!<\/p>","protected":false},"excerpt":{"rendered":"<p>A fajok terjed\u00e9s\u00e9nek, megteleped\u00e9s\u00e9nek fontos \u00e1llom\u00e1sai lehetnek az antropog\u00e9n hat\u00e1s alatt \u00e1ll\u00f3 \u00e9l\u0151helyek. T\u00f6bb faj emberi k\u00f6zrem\u0171k\u00f6d\u00e9ssel ker\u00fcl \u00faj -sokszor f\u00f6ldrajzilag t\u00e1voli- \u00e9l\u0151helyekre, majd ezen \u00e9l\u0151helyekr\u0151l indulva, fokozatos adapt\u00e1ci\u00f3s l\u00e9p\u00e9sek sor\u00e1n telepedik meg term\u00e9szetk\u00f6zeli habitatokban, esetleg lesz invaz\u00edvv\u00e1. Vizsg\u00e1latainkban az emberi tev\u00e9kenys\u00e9g \u00e1ltal k\u00fcl\u00f6nb\u00f6z\u0151 m\u00e9rt\u00e9kben \u00e9s m\u00f3don befoly\u00e1solt \u00e9l\u0151helyek talajfaun\u00e1j\u00e1t vizsg\u00e1ljuk a botanikus kertek \u00fcvegh\u00e1zait\u00f3l<\/p>\n","protected":false},"author":6022,"featured_media":0,"parent":874,"menu_order":154,"comment_status":"closed","ping_status":"closed","template":"","meta":{"_acf_changed":false,"footnotes":""},"categories":[],"tags":[],"class_list":["post-11372","page","type-page","status-publish","hentry"],"acf":[],"_links":{"self":[{"href":"https:\/\/univet.hu\/hu\/wp-json\/wp\/v2\/pages\/11372","targetHints":{"allow":["GET"]}}],"collection":[{"href":"https:\/\/univet.hu\/hu\/wp-json\/wp\/v2\/pages"}],"about":[{"href":"https:\/\/univet.hu\/hu\/wp-json\/wp\/v2\/types\/page"}],"author":[{"embeddable":true,"href":"https:\/\/univet.hu\/hu\/wp-json\/wp\/v2\/users\/6022"}],"replies":[{"embeddable":true,"href":"https:\/\/univet.hu\/hu\/wp-json\/wp\/v2\/comments?post=11372"}],"version-history":[{"count":0,"href":"https:\/\/univet.hu\/hu\/wp-json\/wp\/v2\/pages\/11372\/revisions"}],"up":[{"embeddable":true,"href":"https:\/\/univet.hu\/hu\/wp-json\/wp\/v2\/pages\/874"}],"wp:attachment":[{"href":"https:\/\/univet.hu\/hu\/wp-json\/wp\/v2\/media?parent=11372"}],"wp:term":[{"taxonomy":"category","embeddable":true,"href":"https:\/\/univet.hu\/hu\/wp-json\/wp\/v2\/categories?post=11372"},{"taxonomy":"post_tag","embeddable":true,"href":"https:\/\/univet.hu\/hu\/wp-json\/wp\/v2\/tags?post=11372"}],"curies":[{"name":"wp","href":"https:\/\/api.w.org\/{rel}","templated":true}]}}