{"id":11373,"date":"2016-02-04T16:00:00","date_gmt":"2016-02-04T15:00:00","guid":{"rendered":"http:\/\/univet.hu\/kutatas\/temak\/vectorie-vektorok-altal-kozvetitett-fertozesek-veszelye-europaban-a-nyugat-nilusi-virus-es-a-chikungunya-virus-altal-okozott-fertozesek-kockazatain\/"},"modified":"2016-02-04T16:00:00","modified_gmt":"2016-02-04T15:00:00","slug":"vectorie-vektorok-altal-kozvetitett-fertozesek-veszelye-europaban-a-nyugat-nilusi-virus-es-a-chikungunya-virus-altal-okozott-fertozesek-kockazatain","status":"publish","type":"page","link":"https:\/\/univet.hu\/hu\/kutatas\/temak\/vectorie-vektorok-altal-kozvetitett-fertozesek-veszelye-europaban-a-nyugat-nilusi-virus-es-a-chikungunya-virus-altal-okozott-fertozesek-kockazatain\/","title":{"rendered":"VECTORIE &#8211; Vektorok \u00e1ltal k\u00f6zvet\u00edtett fert\u0151z\u00e9sek vesz\u00e9lye Eur\u00f3p\u00e1ban: A nyugat-n\u00edlusi v\u00edrus \u00e9s a chikungunya v\u00edrus \u00e1ltal okozott fert\u0151z\u00e9sek kock\u00e1zatain"},"content":{"rendered":"<p>A VECTORIE projekt a nyugat-n\u00edlusi v\u00edrus (West Nile virus, WNV) \u00e9s a Chikungunya v\u00edrus pathogenit\u00e1s\u00e1nak \u00e9s antig\u00e9n-tulajdons\u00e1gainak vizsg\u00e1lat\u00e1ra ir\u00e1nyul. A SzIE \u00c1OTK J\u00e1rv\u00e1nytani \u00e9s Mikrobiol\u00f3giai Tansz\u00e9k\u00e9nek virol\u00f3giai kutat\u00f3csoportja a WNV virulenci\u00e1\u00e9rt felel\u0151s g\u00e9nter\u00fcleteinek \u00e9s mut\u00e1ci\u00f3inak azonos\u00edt\u00e1s\u00e1ra ir\u00e1nyul\u00f3 kutat\u00e1sokat, valamint a WNV \u00e9s egy\u00e9b flaviv\u00edrusok k\u00f6z\u00f6tt megfigyelhet\u0151 szerol\u00f3giai keresztreakci\u00f3kat \u00e9s azok hat\u00e1sait vizsg\u00e1lja. A kutat\u00e1s c\u00e9lja egyr\u00e9szt annak megismer\u00e9se, hogy milyen genetikai v\u00e1ltoz\u00e1sok \u00e1llnak a s\u00falyos, idegrendszeri t\u00fcneteket okoz\u00f3 fert\u0151z\u00e9sek h\u00e1tter\u00e9ben; m\u00e1sr\u00e9szt, hogy hogyan lehet cs\u00f6kkentett virulenci\u00e1j\u00fa v\u00edrust\u00f6rzseket kialak\u00edtani, amelyek a j\u00f6v\u0151ben vakcinat\u00f6rzsk\u00e9nt alkalmazhat\u00f3ak voln\u00e1nak, valamint hogy j\u00e1r-e vesz\u00e9llyel a vakcin\u00e1k alkalmaz\u00e1sa. Az Eur\u00f3pai Uni\u00f3 FP7 kutat\u00e1si p\u00e1ly\u00e1zati rendszer\u00e9ben a HEALTH.2010.2.3.3-3 pontban meghirdetett p\u00e1ly\u00e1zati felh\u00edv\u00e1sra (Integrated disease-specific research on West Nile Virus infections, Chikungunya and\/or Crimean Congo Haemorrhagic Fever), holland, n\u00e9met, sv\u00e1jci, francia, olasz \u00e9s g\u00f6r\u00f6g partnereket tartalmaz\u00f3, nemzetk\u00f6zi konzorcium magyar partnerek\u00e9nt vesz r\u00e9szt a virol\u00f3giai kutat\u00f3csoport a munk\u00e1ban. A projekt 36 h\u00f3nap futamidej\u0171 \u00e9s 2010. november\u00e9ben indult.<br \/>Kapcsolattart\u00f3: Bakonyi Tam\u00e1s, Forg\u00e1ch Petra, Somhegyin\u00e9 Barna M\u00f3nika<\/p>","protected":false},"excerpt":{"rendered":"<p>A VECTORIE projekt a nyugat-n\u00edlusi v\u00edrus (West Nile virus, WNV) \u00e9s a Chikungunya v\u00edrus pathogenit\u00e1s\u00e1nak \u00e9s antig\u00e9n-tulajdons\u00e1gainak vizsg\u00e1lat\u00e1ra ir\u00e1nyul. A SzIE \u00c1OTK J\u00e1rv\u00e1nytani \u00e9s Mikrobiol\u00f3giai Tansz\u00e9k\u00e9nek virol\u00f3giai kutat\u00f3csoportja a WNV virulenci\u00e1\u00e9rt felel\u0151s g\u00e9nter\u00fcleteinek \u00e9s mut\u00e1ci\u00f3inak azonos\u00edt\u00e1s\u00e1ra ir\u00e1nyul\u00f3 kutat\u00e1sokat, valamint a WNV \u00e9s egy\u00e9b flaviv\u00edrusok k\u00f6z\u00f6tt megfigyelhet\u0151 szerol\u00f3giai keresztreakci\u00f3kat \u00e9s azok hat\u00e1sait vizsg\u00e1lja. A kutat\u00e1s c\u00e9lja<\/p>\n","protected":false},"author":6022,"featured_media":0,"parent":874,"menu_order":154,"comment_status":"closed","ping_status":"closed","template":"","meta":{"_acf_changed":false,"footnotes":""},"categories":[],"tags":[],"class_list":["post-11373","page","type-page","status-publish","hentry"],"acf":[],"_links":{"self":[{"href":"https:\/\/univet.hu\/hu\/wp-json\/wp\/v2\/pages\/11373","targetHints":{"allow":["GET"]}}],"collection":[{"href":"https:\/\/univet.hu\/hu\/wp-json\/wp\/v2\/pages"}],"about":[{"href":"https:\/\/univet.hu\/hu\/wp-json\/wp\/v2\/types\/page"}],"author":[{"embeddable":true,"href":"https:\/\/univet.hu\/hu\/wp-json\/wp\/v2\/users\/6022"}],"replies":[{"embeddable":true,"href":"https:\/\/univet.hu\/hu\/wp-json\/wp\/v2\/comments?post=11373"}],"version-history":[{"count":0,"href":"https:\/\/univet.hu\/hu\/wp-json\/wp\/v2\/pages\/11373\/revisions"}],"up":[{"embeddable":true,"href":"https:\/\/univet.hu\/hu\/wp-json\/wp\/v2\/pages\/874"}],"wp:attachment":[{"href":"https:\/\/univet.hu\/hu\/wp-json\/wp\/v2\/media?parent=11373"}],"wp:term":[{"taxonomy":"category","embeddable":true,"href":"https:\/\/univet.hu\/hu\/wp-json\/wp\/v2\/categories?post=11373"},{"taxonomy":"post_tag","embeddable":true,"href":"https:\/\/univet.hu\/hu\/wp-json\/wp\/v2\/tags?post=11373"}],"curies":[{"name":"wp","href":"https:\/\/api.w.org\/{rel}","templated":true}]}}